{"id":7491,"date":"2022-11-17T11:21:20","date_gmt":"2022-11-17T10:21:20","guid":{"rendered":"https:\/\/cents.lgs.lu\/?post_type=product&#038;p=7491"},"modified":"2025-10-31T07:43:08","modified_gmt":"2025-10-31T06:43:08","slug":"lgsc-t-shirt-unisex","status":"publish","type":"product","link":"https:\/\/cents.lgs.lu\/en\/product\/lgsc-t-shirt-unisex\/","title":{"rendered":"LGSC T-Shirt &#8211; Unisex"},"content":{"rendered":"<p>Our LGS Cents T-shirt, with the logo on the chest and the LGS print on the back, is a must-have in your wardrobe! The hoodie is made from 100% organic cotton (Global Organic Textile Standard) and is produced under fair conditions. It is also printed in Luxembourg, vegan, and Oeko-Tex 100 certified.<\/p>\n<p>&nbsp;<\/p>\n<p><strong>Size Guide<\/strong><\/p>\n<style>\n  .size-guide-table {<br \/>    width: 100%;<br \/>    border-collapse: collapse;<br \/>    table-layout: fixed;<br \/>  }<\/p>\n<p>  .size-guide-table td, .size-guide-table th {<br \/>    padding: 8px;<br \/>    border: 2px solid #000000;<br \/>    text-align: center;<br \/>    vertical-align: middle;<br \/>    word-wrap: break-word;<br \/>  }<\/p>\n<p>  @media (max-width: 300px) {<br \/>    .size-guide-table td, .size-guide-table th {<br \/>      font-size: 12px;<br \/>      padding: 4px;<br \/>    }<br \/>  }<br \/><\/style>\n<table class=\"size-guide-table\">\n<tbody>\n<tr>\n<th><\/th>\n<th>\u00a0XS<\/th>\n<th>\u00a0S<\/th>\n<th>\u00a0M<\/th>\n<th>\u00a0L<\/th>\n<th>\u00a0XL<\/th>\n<th>\u00a0XXL<\/th>\n<\/tr>\n<tr>\n<td>\u00a0A &#8211; Half Chest<\/td>\n<td>\u00a047.5<\/td>\n<td>\u00a049.5<\/td>\n<td>\u00a053.5<\/td>\n<td>\u00a056.5<\/td>\n<td>\u00a059.5<\/td>\n<td>\u00a063.5<\/td>\n<\/tr>\n<tr>\n<td>\u00a0B &#8211; Body Length<\/td>\n<td>\u00a065<\/td>\n<td>\u00a069<\/td>\n<td>\u00a073<\/td>\n<td>\u00a075<\/td>\n<td>\u00a077<\/td>\n<td>\u00a079<\/td>\n<\/tr>\n<tr>\n<td>\u00a0C &#8211; Sleeve Length<\/td>\n<td>\u00a021<\/td>\n<td>\u00a022.5<\/td>\n<td>\u00a024<\/td>\n<td>\u00a024.5<\/td>\n<td>\u00a025<\/td>\n<td>\u00a025.5<\/td>\n<\/tr>\n<\/tbody>\n<\/table>\n<p>&nbsp;<\/p>\n<p><img decoding=\"async\" class=\"alignnone wp-image-12588 lazyload\" data-src=\"https:\/\/cents.lgs.lu\/wp-content\/uploads\/2022\/11\/gots-siegel-logo-global-organic-textile-standard_s_210812_1280x720-300x300.jpg\" alt=\"\" width=\"65\" height=\"65\" data-srcset=\"https:\/\/cents.lgs.lu\/wp-content\/uploads\/2022\/11\/gots-siegel-logo-global-organic-textile-standard_s_210812_1280x720-300x300.jpg 300w, https:\/\/cents.lgs.lu\/wp-content\/uploads\/2022\/11\/gots-siegel-logo-global-organic-textile-standard_s_210812_1280x720-150x150.jpg 150w, https:\/\/cents.lgs.lu\/wp-content\/uploads\/2022\/11\/gots-siegel-logo-global-organic-textile-standard_s_210812_1280x720-12x12.jpg 12w, https:\/\/cents.lgs.lu\/wp-content\/uploads\/2022\/11\/gots-siegel-logo-global-organic-textile-standard_s_210812_1280x720-500x500.jpg 500w, https:\/\/cents.lgs.lu\/wp-content\/uploads\/2022\/11\/gots-siegel-logo-global-organic-textile-standard_s_210812_1280x720-600x600.jpg 600w, https:\/\/cents.lgs.lu\/wp-content\/uploads\/2022\/11\/gots-siegel-logo-global-organic-textile-standard_s_210812_1280x720-100x100.jpg 100w, https:\/\/cents.lgs.lu\/wp-content\/uploads\/2022\/11\/gots-siegel-logo-global-organic-textile-standard_s_210812_1280x720.jpg 720w\" data-sizes=\"(max-width: 65px) 100vw, 65px\" src=\"data:image\/svg+xml;base64,PHN2ZyB3aWR0aD0iMSIgaGVpZ2h0PSIxIiB4bWxucz0iaHR0cDovL3d3dy53My5vcmcvMjAwMC9zdmciPjwvc3ZnPg==\" style=\"--smush-placeholder-width: 65px; --smush-placeholder-aspect-ratio: 65\/65;\" \/>\u00a0 \u00a0 <img decoding=\"async\" class=\"alignnone wp-image-12587 lazyload\" data-src=\"https:\/\/cents.lgs.lu\/wp-content\/uploads\/2022\/11\/OekoTex_Standard_100_2023_Gutezeichen_Finder_FNR.jpg\" alt=\"\" width=\"55\" height=\"55\" data-srcset=\"https:\/\/cents.lgs.lu\/wp-content\/uploads\/2022\/11\/OekoTex_Standard_100_2023_Gutezeichen_Finder_FNR.jpg 270w, https:\/\/cents.lgs.lu\/wp-content\/uploads\/2022\/11\/OekoTex_Standard_100_2023_Gutezeichen_Finder_FNR-150x150.jpg 150w, https:\/\/cents.lgs.lu\/wp-content\/uploads\/2022\/11\/OekoTex_Standard_100_2023_Gutezeichen_Finder_FNR-12x12.jpg 12w, https:\/\/cents.lgs.lu\/wp-content\/uploads\/2022\/11\/OekoTex_Standard_100_2023_Gutezeichen_Finder_FNR-100x100.jpg 100w\" data-sizes=\"(max-width: 55px) 100vw, 55px\" src=\"data:image\/svg+xml;base64,PHN2ZyB3aWR0aD0iMSIgaGVpZ2h0PSIxIiB4bWxucz0iaHR0cDovL3d3dy53My5vcmcvMjAwMC9zdmciPjwvc3ZnPg==\" style=\"--smush-placeholder-width: 55px; --smush-placeholder-aspect-ratio: 55\/55;\" \/> \u00a0 \u00a0 \u00a0 <img decoding=\"async\" class=\"alignnone wp-image-12586 lazyload\" data-src=\"https:\/\/cents.lgs.lu\/wp-content\/uploads\/2022\/11\/Peta-Approved-Vegan.png-300x169.webp\" alt=\"\" width=\"110\" height=\"62\" src=\"data:image\/svg+xml;base64,PHN2ZyB3aWR0aD0iMSIgaGVpZ2h0PSIxIiB4bWxucz0iaHR0cDovL3d3dy53My5vcmcvMjAwMC9zdmciPjwvc3ZnPg==\" style=\"--smush-placeholder-width: 110px; --smush-placeholder-aspect-ratio: 110\/62;\" \/>\u00a0 \u00a0 \u00a0 <img decoding=\"async\" class=\"alignnone wp-image-25626 lazyload\" data-src=\"https:\/\/cents.lgs.lu\/wp-content\/uploads\/2024\/09\/FairWear-logo.svg_-300x135.png\" alt=\"\" width=\"106\" height=\"48\" data-srcset=\"https:\/\/cents.lgs.lu\/wp-content\/uploads\/2024\/09\/FairWear-logo.svg_-300x135.png 300w, https:\/\/cents.lgs.lu\/wp-content\/uploads\/2024\/09\/FairWear-logo.svg_-1024x461.png 1024w, https:\/\/cents.lgs.lu\/wp-content\/uploads\/2024\/09\/FairWear-logo.svg_-768x346.png 768w, https:\/\/cents.lgs.lu\/wp-content\/uploads\/2024\/09\/FairWear-logo.svg_-1536x691.png 1536w, https:\/\/cents.lgs.lu\/wp-content\/uploads\/2024\/09\/FairWear-logo.svg_-2048x922.png 2048w, https:\/\/cents.lgs.lu\/wp-content\/uploads\/2024\/09\/FairWear-logo.svg_-18x8.png 18w, https:\/\/cents.lgs.lu\/wp-content\/uploads\/2024\/09\/FairWear-logo.svg_-250x113.png 250w, https:\/\/cents.lgs.lu\/wp-content\/uploads\/2024\/09\/FairWear-logo.svg_-800x360.png 800w, https:\/\/cents.lgs.lu\/wp-content\/uploads\/2024\/09\/FairWear-logo.svg_-1280x576.png 1280w, https:\/\/cents.lgs.lu\/wp-content\/uploads\/2024\/09\/FairWear-logo.svg_-1920x864.png 1920w, https:\/\/cents.lgs.lu\/wp-content\/uploads\/2024\/09\/FairWear-logo.svg_-500x225.png 500w, https:\/\/cents.lgs.lu\/wp-content\/uploads\/2024\/09\/FairWear-logo.svg_-600x270.png 600w\" data-sizes=\"(max-width: 106px) 100vw, 106px\" src=\"data:image\/svg+xml;base64,PHN2ZyB3aWR0aD0iMSIgaGVpZ2h0PSIxIiB4bWxucz0iaHR0cDovL3d3dy53My5vcmcvMjAwMC9zdmciPjwvc3ZnPg==\" style=\"--smush-placeholder-width: 106px; --smush-placeholder-aspect-ratio: 106\/48;\" \/><\/p>","protected":false},"excerpt":{"rendered":"<p>Eisen LGS Cents T-Shirt mam Logo op der Broscht a mam LGS Print um R\u00e9ck d\u00e4erf am Kleederschaf op kee Fall feelen! Den Hoodie g\u00ebtt aus 100% biologeschem Kotteng (Global Organic Textile Standard) an \u00ebnnert faire Bed\u00e9ngungen hiergestallt. E g\u00ebtt ausserdem zu L\u00ebtzebuerg geprint, ass vegan, an ass Oekotex 100 zertifiz\u00e9iert. &nbsp; Size Guide \u00a0XS [&hellip;]<\/p>\n","protected":false},"featured_media":12526,"template":"","meta":{"_uag_custom_page_level_css":"","advanced_seo_description":"","jetpack_seo_html_title":"","jetpack_seo_noindex":false,"_vp_format_video_url":"","_vp_image_focal_point":[]},"product_brand":[],"product_cat":[108],"product_tag":[106],"class_list":{"0":"post-7491","1":"product","2":"type-product","3":"status-publish","4":"has-post-thumbnail","6":"product_cat-t-shirt","7":"product_tag-t-shirt","9":"first","10":"onbackorder","11":"shipping-taxable","12":"purchasable","13":"product-type-variable"},"featured_image_urls_v2":{"full":["https:\/\/cents.lgs.lu\/wp-content\/uploads\/2022\/11\/T-Shirt-2.png",1032,1044,false],"thumbnail":["https:\/\/cents.lgs.lu\/wp-content\/uploads\/2022\/11\/T-Shirt-2-150x150.png",150,150,true],"medium":["https:\/\/cents.lgs.lu\/wp-content\/uploads\/2022\/11\/T-Shirt-2-297x300.png",297,300,true],"medium_large":["https:\/\/cents.lgs.lu\/wp-content\/uploads\/2022\/11\/T-Shirt-2-768x777.png",768,777,true],"large":["https:\/\/cents.lgs.lu\/wp-content\/uploads\/2022\/11\/T-Shirt-2-1012x1024.png",1012,1024,true],"1536x1536":["https:\/\/cents.lgs.lu\/wp-content\/uploads\/2022\/11\/T-Shirt-2.png",1032,1044,false],"2048x2048":["https:\/\/cents.lgs.lu\/wp-content\/uploads\/2022\/11\/T-Shirt-2.png",1032,1044,false],"trp-custom-language-flag":["https:\/\/cents.lgs.lu\/wp-content\/uploads\/2022\/11\/T-Shirt-2-12x12.png",12,12,true],"vp_sm":["https:\/\/cents.lgs.lu\/wp-content\/uploads\/2022\/11\/T-Shirt-2-500x506.png",250,253,true],"vp_md":["https:\/\/cents.lgs.lu\/wp-content\/uploads\/2022\/11\/T-Shirt-2-800x809.png",800,809,true],"vp_lg":["https:\/\/cents.lgs.lu\/wp-content\/uploads\/2022\/11\/T-Shirt-2.png",1032,1044,false],"vp_xl":["https:\/\/cents.lgs.lu\/wp-content\/uploads\/2022\/11\/T-Shirt-2.png",1032,1044,false],"vp_sm_popup":["https:\/\/cents.lgs.lu\/wp-content\/uploads\/2022\/11\/T-Shirt-2-500x506.png",500,506,true],"vp_md_popup":["https:\/\/cents.lgs.lu\/wp-content\/uploads\/2022\/11\/T-Shirt-2-800x809.png",800,809,true],"vp_xl_popup":["https:\/\/cents.lgs.lu\/wp-content\/uploads\/2022\/11\/T-Shirt-2.png",1032,1044,false],"woocommerce_thumbnail":["https:\/\/cents.lgs.lu\/wp-content\/uploads\/2022\/11\/T-Shirt-2-300x300.png",300,300,true],"woocommerce_single":["https:\/\/cents.lgs.lu\/wp-content\/uploads\/2022\/11\/T-Shirt-2-600x607.png",600,607,true],"woocommerce_gallery_thumbnail":["https:\/\/cents.lgs.lu\/wp-content\/uploads\/2022\/11\/T-Shirt-2-100x100.png",100,100,true]},"post_excerpt_stackable_v2":"<p>Eisen LGS Cents T-Shirt mam Logo op der Broscht a mam LGS Print um R\u00e9ck d\u00e4erf am Kleederschaf op kee Fall feelen! Den Hoodie g\u00ebtt aus 100% biologeschem Kotteng (Global Organic Textile Standard) an \u00ebnnert faire Bed\u00e9ngungen hiergestallt. E g\u00ebtt ausserdem zu L\u00ebtzebuerg geprint, ass vegan, an ass Oekotex 100 zertifiz\u00e9iert. &nbsp; Size Guide \u00a0XS \u00a0S \u00a0M \u00a0L \u00a0XL \u00a0XXL \u00a0A &#8211; Half Chest \u00a047.5 \u00a049.5 \u00a053.5 \u00a056.5 \u00a059.5 \u00a063.5 \u00a0B &#8211; Body Length \u00a065 \u00a069 \u00a073 \u00a075 \u00a077 \u00a079 \u00a0C &#8211; Sleeve Length \u00a021 \u00a022.5 \u00a024 \u00a024.5 \u00a025 \u00a025.5 &nbsp; \u00a0 \u00a0 \u00a0 \u00a0 \u00a0 \u00a0 \u00a0 \u00a0<\/p>\n","category_list_v2":"","author_info_v2":{"name":"","url":""},"comments_num_v2":"0 comments","uagb_featured_image_src":{"full":["https:\/\/cents.lgs.lu\/wp-content\/uploads\/2022\/11\/T-Shirt-2.png",1032,1044,false],"thumbnail":["https:\/\/cents.lgs.lu\/wp-content\/uploads\/2022\/11\/T-Shirt-2-150x150.png",150,150,true],"medium":["https:\/\/cents.lgs.lu\/wp-content\/uploads\/2022\/11\/T-Shirt-2-297x300.png",297,300,true],"medium_large":["https:\/\/cents.lgs.lu\/wp-content\/uploads\/2022\/11\/T-Shirt-2-768x777.png",768,777,true],"large":["https:\/\/cents.lgs.lu\/wp-content\/uploads\/2022\/11\/T-Shirt-2-1012x1024.png",1012,1024,true],"1536x1536":["https:\/\/cents.lgs.lu\/wp-content\/uploads\/2022\/11\/T-Shirt-2.png",1032,1044,false],"2048x2048":["https:\/\/cents.lgs.lu\/wp-content\/uploads\/2022\/11\/T-Shirt-2.png",1032,1044,false],"trp-custom-language-flag":["https:\/\/cents.lgs.lu\/wp-content\/uploads\/2022\/11\/T-Shirt-2-12x12.png",12,12,true],"vp_sm":["https:\/\/cents.lgs.lu\/wp-content\/uploads\/2022\/11\/T-Shirt-2-500x506.png",250,253,true],"vp_md":["https:\/\/cents.lgs.lu\/wp-content\/uploads\/2022\/11\/T-Shirt-2-800x809.png",800,809,true],"vp_lg":["https:\/\/cents.lgs.lu\/wp-content\/uploads\/2022\/11\/T-Shirt-2.png",1032,1044,false],"vp_xl":["https:\/\/cents.lgs.lu\/wp-content\/uploads\/2022\/11\/T-Shirt-2.png",1032,1044,false],"vp_sm_popup":["https:\/\/cents.lgs.lu\/wp-content\/uploads\/2022\/11\/T-Shirt-2-500x506.png",500,506,true],"vp_md_popup":["https:\/\/cents.lgs.lu\/wp-content\/uploads\/2022\/11\/T-Shirt-2-800x809.png",800,809,true],"vp_xl_popup":["https:\/\/cents.lgs.lu\/wp-content\/uploads\/2022\/11\/T-Shirt-2.png",1032,1044,false],"woocommerce_thumbnail":["https:\/\/cents.lgs.lu\/wp-content\/uploads\/2022\/11\/T-Shirt-2-300x300.png",300,300,true],"woocommerce_single":["https:\/\/cents.lgs.lu\/wp-content\/uploads\/2022\/11\/T-Shirt-2-600x607.png",600,607,true],"woocommerce_gallery_thumbnail":["https:\/\/cents.lgs.lu\/wp-content\/uploads\/2022\/11\/T-Shirt-2-100x100.png",100,100,true]},"uagb_author_info":{"display_name":"Tom Schmit","author_link":"https:\/\/cents.lgs.lu\/en\/author\/"},"uagb_comment_info":0,"uagb_excerpt":"Eisen LGS Cents T-Shirt mam Logo op der Broscht a mam LGS Print um R\u00e9ck d\u00e4erf am Kleederschaf op kee Fall feelen! Den Hoodie g\u00ebtt aus 100% biologeschem Kotteng (Global Organic Textile Standard) an \u00ebnnert faire Bed\u00e9ngungen hiergestallt. E g\u00ebtt ausserdem zu L\u00ebtzebuerg geprint, ass vegan, an ass Oekotex 100 zertifiz\u00e9iert. &nbsp; Size Guide \u00a0XS&hellip;","jetpack_sharing_enabled":true,"_links":{"self":[{"href":"https:\/\/cents.lgs.lu\/en\/wp-json\/wp\/v2\/product\/7491","targetHints":{"allow":["GET"]}}],"collection":[{"href":"https:\/\/cents.lgs.lu\/en\/wp-json\/wp\/v2\/product"}],"about":[{"href":"https:\/\/cents.lgs.lu\/en\/wp-json\/wp\/v2\/types\/product"}],"wp:featuredmedia":[{"embeddable":true,"href":"https:\/\/cents.lgs.lu\/en\/wp-json\/wp\/v2\/media\/12526"}],"wp:attachment":[{"href":"https:\/\/cents.lgs.lu\/en\/wp-json\/wp\/v2\/media?parent=7491"}],"wp:term":[{"taxonomy":"product_brand","embeddable":true,"href":"https:\/\/cents.lgs.lu\/en\/wp-json\/wp\/v2\/product_brand?post=7491"},{"taxonomy":"product_cat","embeddable":true,"href":"https:\/\/cents.lgs.lu\/en\/wp-json\/wp\/v2\/product_cat?post=7491"},{"taxonomy":"product_tag","embeddable":true,"href":"https:\/\/cents.lgs.lu\/en\/wp-json\/wp\/v2\/product_tag?post=7491"}],"curies":[{"name":"wp","href":"https:\/\/api.w.org\/{rel}","templated":true}]}}