{"id":12527,"date":"2024-08-07T18:24:38","date_gmt":"2024-08-07T16:24:38","guid":{"rendered":"https:\/\/cents.lgs.lu\/?post_type=product&#038;p=12527"},"modified":"2025-10-31T07:43:07","modified_gmt":"2025-10-31T06:43:07","slug":"beanie","status":"publish","type":"product","link":"https:\/\/cents.lgs.lu\/en\/product\/beanie\/","title":{"rendered":"LGSC Beanie"},"content":{"rendered":"<p>Our LGS Cents beanie is a must-have in your wardrobe! The beanie is made from 95% organic cotton (Global Organic Textile Standard) and is produced under fair conditions. It is also embroidered in Luxembourg, vegan, and Oeko-Tex 100 certified.<\/p>\n<p>&nbsp;<\/p>\n<p><img decoding=\"async\" class=\"alignnone wp-image-12588 lazyload\" data-src=\"https:\/\/cents.lgs.lu\/wp-content\/uploads\/2022\/11\/gots-siegel-logo-global-organic-textile-standard_s_210812_1280x720-300x300.jpg\" alt=\"\" width=\"65\" height=\"65\" data-srcset=\"https:\/\/cents.lgs.lu\/wp-content\/uploads\/2022\/11\/gots-siegel-logo-global-organic-textile-standard_s_210812_1280x720-300x300.jpg 300w, https:\/\/cents.lgs.lu\/wp-content\/uploads\/2022\/11\/gots-siegel-logo-global-organic-textile-standard_s_210812_1280x720-150x150.jpg 150w, https:\/\/cents.lgs.lu\/wp-content\/uploads\/2022\/11\/gots-siegel-logo-global-organic-textile-standard_s_210812_1280x720-12x12.jpg 12w, https:\/\/cents.lgs.lu\/wp-content\/uploads\/2022\/11\/gots-siegel-logo-global-organic-textile-standard_s_210812_1280x720-500x500.jpg 500w, https:\/\/cents.lgs.lu\/wp-content\/uploads\/2022\/11\/gots-siegel-logo-global-organic-textile-standard_s_210812_1280x720-600x600.jpg 600w, https:\/\/cents.lgs.lu\/wp-content\/uploads\/2022\/11\/gots-siegel-logo-global-organic-textile-standard_s_210812_1280x720-100x100.jpg 100w, https:\/\/cents.lgs.lu\/wp-content\/uploads\/2022\/11\/gots-siegel-logo-global-organic-textile-standard_s_210812_1280x720.jpg 720w\" data-sizes=\"(max-width: 65px) 100vw, 65px\" src=\"data:image\/svg+xml;base64,PHN2ZyB3aWR0aD0iMSIgaGVpZ2h0PSIxIiB4bWxucz0iaHR0cDovL3d3dy53My5vcmcvMjAwMC9zdmciPjwvc3ZnPg==\" style=\"--smush-placeholder-width: 65px; --smush-placeholder-aspect-ratio: 65\/65;\" \/>\u00a0 \u00a0 <img decoding=\"async\" class=\"alignnone wp-image-12587 lazyload\" data-src=\"https:\/\/cents.lgs.lu\/wp-content\/uploads\/2022\/11\/OekoTex_Standard_100_2023_Gutezeichen_Finder_FNR.jpg\" alt=\"\" width=\"55\" height=\"55\" data-srcset=\"https:\/\/cents.lgs.lu\/wp-content\/uploads\/2022\/11\/OekoTex_Standard_100_2023_Gutezeichen_Finder_FNR.jpg 270w, https:\/\/cents.lgs.lu\/wp-content\/uploads\/2022\/11\/OekoTex_Standard_100_2023_Gutezeichen_Finder_FNR-150x150.jpg 150w, https:\/\/cents.lgs.lu\/wp-content\/uploads\/2022\/11\/OekoTex_Standard_100_2023_Gutezeichen_Finder_FNR-12x12.jpg 12w, https:\/\/cents.lgs.lu\/wp-content\/uploads\/2022\/11\/OekoTex_Standard_100_2023_Gutezeichen_Finder_FNR-100x100.jpg 100w\" data-sizes=\"(max-width: 55px) 100vw, 55px\" src=\"data:image\/svg+xml;base64,PHN2ZyB3aWR0aD0iMSIgaGVpZ2h0PSIxIiB4bWxucz0iaHR0cDovL3d3dy53My5vcmcvMjAwMC9zdmciPjwvc3ZnPg==\" style=\"--smush-placeholder-width: 55px; --smush-placeholder-aspect-ratio: 55\/55;\" \/> \u00a0 \u00a0 \u00a0 <img decoding=\"async\" class=\"alignnone wp-image-12586 lazyload\" data-src=\"https:\/\/cents.lgs.lu\/wp-content\/uploads\/2022\/11\/Peta-Approved-Vegan.png-300x169.webp\" alt=\"\" width=\"110\" height=\"62\" src=\"data:image\/svg+xml;base64,PHN2ZyB3aWR0aD0iMSIgaGVpZ2h0PSIxIiB4bWxucz0iaHR0cDovL3d3dy53My5vcmcvMjAwMC9zdmciPjwvc3ZnPg==\" style=\"--smush-placeholder-width: 110px; --smush-placeholder-aspect-ratio: 110\/62;\" \/>\u00a0 \u00a0 \u00a0 <img decoding=\"async\" class=\"alignnone wp-image-25626 lazyload\" data-src=\"https:\/\/cents.lgs.lu\/wp-content\/uploads\/2024\/09\/FairWear-logo.svg_-300x135.png\" alt=\"\" width=\"106\" height=\"48\" data-srcset=\"https:\/\/cents.lgs.lu\/wp-content\/uploads\/2024\/09\/FairWear-logo.svg_-300x135.png 300w, https:\/\/cents.lgs.lu\/wp-content\/uploads\/2024\/09\/FairWear-logo.svg_-1024x461.png 1024w, https:\/\/cents.lgs.lu\/wp-content\/uploads\/2024\/09\/FairWear-logo.svg_-768x346.png 768w, https:\/\/cents.lgs.lu\/wp-content\/uploads\/2024\/09\/FairWear-logo.svg_-1536x691.png 1536w, https:\/\/cents.lgs.lu\/wp-content\/uploads\/2024\/09\/FairWear-logo.svg_-2048x922.png 2048w, https:\/\/cents.lgs.lu\/wp-content\/uploads\/2024\/09\/FairWear-logo.svg_-18x8.png 18w, https:\/\/cents.lgs.lu\/wp-content\/uploads\/2024\/09\/FairWear-logo.svg_-250x113.png 250w, https:\/\/cents.lgs.lu\/wp-content\/uploads\/2024\/09\/FairWear-logo.svg_-800x360.png 800w, https:\/\/cents.lgs.lu\/wp-content\/uploads\/2024\/09\/FairWear-logo.svg_-1280x576.png 1280w, https:\/\/cents.lgs.lu\/wp-content\/uploads\/2024\/09\/FairWear-logo.svg_-1920x864.png 1920w, https:\/\/cents.lgs.lu\/wp-content\/uploads\/2024\/09\/FairWear-logo.svg_-500x225.png 500w, https:\/\/cents.lgs.lu\/wp-content\/uploads\/2024\/09\/FairWear-logo.svg_-600x270.png 600w\" data-sizes=\"(max-width: 106px) 100vw, 106px\" src=\"data:image\/svg+xml;base64,PHN2ZyB3aWR0aD0iMSIgaGVpZ2h0PSIxIiB4bWxucz0iaHR0cDovL3d3dy53My5vcmcvMjAwMC9zdmciPjwvc3ZnPg==\" style=\"--smush-placeholder-width: 106px; --smush-placeholder-aspect-ratio: 106\/48;\" \/><\/p>","protected":false},"excerpt":{"rendered":"<p>Our LGS Cents beanie is a must-have in your wardrobe! The beanie is made from 95% organic cotton (Global Organic Textile Standard) and is produced under fair conditions. It is also embroidered in Luxembourg, vegan, and Oeko-Tex 100 certified. &nbsp; \u00a0 \u00a0 \u00a0 \u00a0 \u00a0 \u00a0 \u00a0 \u00a0<\/p>","protected":false},"featured_media":12528,"template":"","meta":{"_uag_custom_page_level_css":"","advanced_seo_description":"","jetpack_seo_html_title":"","jetpack_seo_noindex":false,"_vp_format_video_url":"","_vp_image_focal_point":[]},"product_brand":[],"product_cat":[119],"product_tag":[138],"class_list":{"0":"post-12527","1":"product","2":"type-product","3":"status-publish","4":"has-post-thumbnail","6":"product_cat-accessories","7":"product_tag-accessories","9":"first","10":"onbackorder","11":"shipping-taxable","12":"purchasable","13":"product-type-simple"},"featured_image_urls_v2":{"full":["https:\/\/cents.lgs.lu\/wp-content\/uploads\/2024\/08\/Beanie-1.png",1190,1002,false],"thumbnail":["https:\/\/cents.lgs.lu\/wp-content\/uploads\/2024\/08\/Beanie-1-150x150.png",150,150,true],"medium":["https:\/\/cents.lgs.lu\/wp-content\/uploads\/2024\/08\/Beanie-1-300x253.png",300,253,true],"medium_large":["https:\/\/cents.lgs.lu\/wp-content\/uploads\/2024\/08\/Beanie-1-768x647.png",768,647,true],"large":["https:\/\/cents.lgs.lu\/wp-content\/uploads\/2024\/08\/Beanie-1-1024x862.png",1024,862,true],"1536x1536":["https:\/\/cents.lgs.lu\/wp-content\/uploads\/2024\/08\/Beanie-1.png",1190,1002,false],"2048x2048":["https:\/\/cents.lgs.lu\/wp-content\/uploads\/2024\/08\/Beanie-1.png",1190,1002,false],"trp-custom-language-flag":["https:\/\/cents.lgs.lu\/wp-content\/uploads\/2024\/08\/Beanie-1-14x12.png",14,12,true],"vp_sm":["https:\/\/cents.lgs.lu\/wp-content\/uploads\/2024\/08\/Beanie-1-500x421.png",250,211,true],"vp_md":["https:\/\/cents.lgs.lu\/wp-content\/uploads\/2024\/08\/Beanie-1-800x674.png",800,674,true],"vp_lg":["https:\/\/cents.lgs.lu\/wp-content\/uploads\/2024\/08\/Beanie-1.png",1190,1002,false],"vp_xl":["https:\/\/cents.lgs.lu\/wp-content\/uploads\/2024\/08\/Beanie-1.png",1190,1002,false],"vp_sm_popup":["https:\/\/cents.lgs.lu\/wp-content\/uploads\/2024\/08\/Beanie-1-500x421.png",500,421,true],"vp_md_popup":["https:\/\/cents.lgs.lu\/wp-content\/uploads\/2024\/08\/Beanie-1-800x674.png",800,674,true],"vp_xl_popup":["https:\/\/cents.lgs.lu\/wp-content\/uploads\/2024\/08\/Beanie-1.png",1190,1002,false],"woocommerce_thumbnail":["https:\/\/cents.lgs.lu\/wp-content\/uploads\/2024\/08\/Beanie-1-300x300.png",300,300,true],"woocommerce_single":["https:\/\/cents.lgs.lu\/wp-content\/uploads\/2024\/08\/Beanie-1-600x505.png",600,505,true],"woocommerce_gallery_thumbnail":["https:\/\/cents.lgs.lu\/wp-content\/uploads\/2024\/08\/Beanie-1-100x100.png",100,100,true]},"post_excerpt_stackable_v2":"<p>Eisen LGS Cents Beanie d\u00e4erf am Kleederschaf op kee Fall feelen! De Beanie g\u00ebtt aus 95% biologeschem Kotteng (Global Organic Textile Standard) an \u00ebnnert faire Bed\u00e9ngungen hiergestallt. E g\u00ebtt ausserdeem zu L\u00ebtzebuerg brod\u00e9iert, ass vegan, an\u00a0ass Oekotex 100 zertifiz\u00e9iert. &nbsp; \u00a0 \u00a0 \u00a0 \u00a0 \u00a0 \u00a0 \u00a0 \u00a0<\/p>\n","category_list_v2":"","author_info_v2":{"name":"","url":""},"comments_num_v2":"0 comments","uagb_featured_image_src":{"full":["https:\/\/cents.lgs.lu\/wp-content\/uploads\/2024\/08\/Beanie-1.png",1190,1002,false],"thumbnail":["https:\/\/cents.lgs.lu\/wp-content\/uploads\/2024\/08\/Beanie-1-150x150.png",150,150,true],"medium":["https:\/\/cents.lgs.lu\/wp-content\/uploads\/2024\/08\/Beanie-1-300x253.png",300,253,true],"medium_large":["https:\/\/cents.lgs.lu\/wp-content\/uploads\/2024\/08\/Beanie-1-768x647.png",768,647,true],"large":["https:\/\/cents.lgs.lu\/wp-content\/uploads\/2024\/08\/Beanie-1-1024x862.png",1024,862,true],"1536x1536":["https:\/\/cents.lgs.lu\/wp-content\/uploads\/2024\/08\/Beanie-1.png",1190,1002,false],"2048x2048":["https:\/\/cents.lgs.lu\/wp-content\/uploads\/2024\/08\/Beanie-1.png",1190,1002,false],"trp-custom-language-flag":["https:\/\/cents.lgs.lu\/wp-content\/uploads\/2024\/08\/Beanie-1-14x12.png",14,12,true],"vp_sm":["https:\/\/cents.lgs.lu\/wp-content\/uploads\/2024\/08\/Beanie-1-500x421.png",250,211,true],"vp_md":["https:\/\/cents.lgs.lu\/wp-content\/uploads\/2024\/08\/Beanie-1-800x674.png",800,674,true],"vp_lg":["https:\/\/cents.lgs.lu\/wp-content\/uploads\/2024\/08\/Beanie-1.png",1190,1002,false],"vp_xl":["https:\/\/cents.lgs.lu\/wp-content\/uploads\/2024\/08\/Beanie-1.png",1190,1002,false],"vp_sm_popup":["https:\/\/cents.lgs.lu\/wp-content\/uploads\/2024\/08\/Beanie-1-500x421.png",500,421,true],"vp_md_popup":["https:\/\/cents.lgs.lu\/wp-content\/uploads\/2024\/08\/Beanie-1-800x674.png",800,674,true],"vp_xl_popup":["https:\/\/cents.lgs.lu\/wp-content\/uploads\/2024\/08\/Beanie-1.png",1190,1002,false],"woocommerce_thumbnail":["https:\/\/cents.lgs.lu\/wp-content\/uploads\/2024\/08\/Beanie-1-300x300.png",300,300,true],"woocommerce_single":["https:\/\/cents.lgs.lu\/wp-content\/uploads\/2024\/08\/Beanie-1-600x505.png",600,505,true],"woocommerce_gallery_thumbnail":["https:\/\/cents.lgs.lu\/wp-content\/uploads\/2024\/08\/Beanie-1-100x100.png",100,100,true]},"uagb_author_info":{"display_name":"Tom Schmit","author_link":"https:\/\/cents.lgs.lu\/en\/author\/"},"uagb_comment_info":0,"uagb_excerpt":"Eisen LGS Cents Beanie d\u00e4erf am Kleederschaf op kee Fall feelen! De Beanie g\u00ebtt aus 95% biologeschem Kotteng (Global Organic Textile Standard) an \u00ebnnert faire Bed\u00e9ngungen hiergestallt. E g\u00ebtt ausserdeem zu L\u00ebtzebuerg brod\u00e9iert, ass vegan, an\u00a0ass Oekotex 100 zertifiz\u00e9iert. &nbsp; \u00a0 \u00a0 \u00a0 \u00a0 \u00a0 \u00a0 \u00a0 \u00a0","jetpack_sharing_enabled":true,"_links":{"self":[{"href":"https:\/\/cents.lgs.lu\/en\/wp-json\/wp\/v2\/product\/12527","targetHints":{"allow":["GET"]}}],"collection":[{"href":"https:\/\/cents.lgs.lu\/en\/wp-json\/wp\/v2\/product"}],"about":[{"href":"https:\/\/cents.lgs.lu\/en\/wp-json\/wp\/v2\/types\/product"}],"wp:featuredmedia":[{"embeddable":true,"href":"https:\/\/cents.lgs.lu\/en\/wp-json\/wp\/v2\/media\/12528"}],"wp:attachment":[{"href":"https:\/\/cents.lgs.lu\/en\/wp-json\/wp\/v2\/media?parent=12527"}],"wp:term":[{"taxonomy":"product_brand","embeddable":true,"href":"https:\/\/cents.lgs.lu\/en\/wp-json\/wp\/v2\/product_brand?post=12527"},{"taxonomy":"product_cat","embeddable":true,"href":"https:\/\/cents.lgs.lu\/en\/wp-json\/wp\/v2\/product_cat?post=12527"},{"taxonomy":"product_tag","embeddable":true,"href":"https:\/\/cents.lgs.lu\/en\/wp-json\/wp\/v2\/product_tag?post=12527"}],"curies":[{"name":"wp","href":"https:\/\/api.w.org\/{rel}","templated":true}]}}