{"id":8106,"date":"2022-12-11T02:10:12","date_gmt":"2022-12-11T01:10:12","guid":{"rendered":"https:\/\/cents.lgs.lu\/?page_id=8106"},"modified":"2025-11-02T18:32:29","modified_gmt":"2025-11-02T17:32:29","slug":"raro","status":"publish","type":"page","link":"https:\/\/cents.lgs.lu\/en\/branchen\/raro\/","title":{"rendered":"RaRo"},"content":{"rendered":"<div class=\"wp-block-stackable-columns stk-block-columns stk-block stk-7e0e886\" data-block-id=\"7e0e886\"><div class=\"stk-row stk-inner-blocks stk-block-content stk-content-align stk-7e0e886-column\">\n<div class=\"wp-block-stackable-column stk-block-column stk-column stk-block stk-8e82ebc\" data-v=\"4\" data-block-id=\"8e82ebc\"><style>.stk-8e82ebc-container{margin-top:15px !important;margin-right:15px !important;margin-bottom:15px !important;margin-left:15px !important;}<\/style><div class=\"stk-column-wrapper stk-block-column__content stk-container stk-8e82ebc-container stk--no-background stk--no-padding\"><div class=\"stk-block-content stk-inner-blocks stk-8e82ebc-inner-blocks\">\n<div class=\"wp-block-columns has-colibri-color-5-background-color has-text-color has-background is-layout-flex wp-container-core-columns-is-layout-9d6595d7 wp-block-columns-is-layout-flex\" style=\"color:#454545\">\n<div class=\"wp-block-column is-layout-flow wp-block-column-is-layout-flow\">\n<h4 class=\"wp-block-heading has-text-align-center\">Age<\/h4>\n\n\n\n<h5 class=\"wp-block-heading has-text-align-center\">17-23 years<\/h5>\n\n\n\n<div class=\"wp-block-getwid-advanced-spacer getwid-hide-desktop getwid-hide-tablet\" style=\"height:35px\" aria-hidden=\"true\"><\/div>\n<\/div>\n\n\n\n<div class=\"wp-block-column is-layout-flow wp-block-column-is-layout-flow\">\n<h4 class=\"wp-block-heading has-text-align-center\">Reunions<\/h4>\n\n\n\n<h5 class=\"wp-block-heading has-text-align-center\">irregularly<\/h5>\n\n\n\n<div class=\"wp-block-getwid-advanced-spacer getwid-hide-desktop getwid-hide-tablet\" style=\"height:35px\" aria-hidden=\"true\"><\/div>\n<\/div>\n<\/div>\n\n\n<div class=\"wp-block-image\">\n<figure class=\"aligncenter size-full\"><img decoding=\"async\" width=\"960\" height=\"624\" data-src=\"https:\/\/cents.lgs.lu\/wp-content\/uploads\/2021\/02\/FB_IMG_1546820905657.jpg\" alt=\"\" class=\"wp-image-3743 lazyload\" data-srcset=\"https:\/\/cents.lgs.lu\/wp-content\/uploads\/2021\/02\/FB_IMG_1546820905657.jpg 960w, https:\/\/cents.lgs.lu\/wp-content\/uploads\/2021\/02\/FB_IMG_1546820905657-600x390.jpg 600w\" data-sizes=\"(max-width: 960px) 100vw, 960px\" src=\"data:image\/svg+xml;base64,PHN2ZyB3aWR0aD0iMSIgaGVpZ2h0PSIxIiB4bWxucz0iaHR0cDovL3d3dy53My5vcmcvMjAwMC9zdmciPjwvc3ZnPg==\" style=\"--smush-placeholder-width: 960px; --smush-placeholder-aspect-ratio: 960\/624;\" \/><\/figure>\n<\/div>\n\n\n<div style=\"height:25px\" aria-hidden=\"true\" class=\"wp-block-spacer\"><\/div>\n\n\n\n<p>Winni eis Versammlungen stattfannen, lee\u00ebn mir selwer fest. Mir prob\u00e9ieren eis awer 1 mol am Mount ze treffen.<\/p>\n\n\n\n<p>Nieft de normale Guiden- a Scoutsaktivit\u00e9iten huet de Camp volant d\u2019\u00cbnnerwee-sinn, an d\u2019RaRo-Wuecht eng besonnesch Faszinatioun a Bedeitung bei der Route. D\u2019RaRo maachen hire Camp meeschtens am Ausland oder particip\u00e9ieren un engem internationalen Eurofolk oder World-Moot.<\/p>\n\n\n\n<div style=\"height:50px\" aria-hidden=\"true\" class=\"wp-block-spacer\"><\/div>\n\n\n\n<h3 class=\"wp-block-heading\">Method<\/h3>\n\n\n\n<p>D\u2019RaRo sinn an engem Alter, wou si entscheedend Decisiounen huele mussen: D\u2019Wiel vun engem Beruf, engem Partner an enger Liewesorient\u00e9ierung.<\/p>\n\n\n\n<p>Si mussen sech och no den Carapio d\u00e9cideieren op se Chef w\u00ebllen gin oder net, an wann se d Wiel geholl hun Chef ze gin, mussen se sech nach d\u00e9cideieren bei weienger Branche se dann wellen Chef gin. Daat heescht si hun e puer Meiglechkeeten :<\/p>\n\n\n\n<ul class=\"wp-block-list\">\n<li>Chef ginn an an d\u2019Raro goen<\/li>\n\n\n\n<li>Chef ginn<\/li>\n\n\n\n<li>an d\u2019Raro goen<\/li>\n<\/ul>\n\n\n\n<p>Des Entscheedung kennen si aus fr\u00e4ier Hand huelen.<\/p>\n\n\n\n<p>Bei der Route geet et dr\u00ebm bewosst um Erwuesse-sinn ze schaffen an als engag\u00e9ierte M\u00ebnsch seng Plaz an der Gesellschaft anzehuelen. D\u2019RaRo schaffen iwwert eng l\u00e4nger Z\u00e4it un engem Projet. Et g\u00ebtt sech an en Thema erageschafft a jiddereen ass opgefuerdert d\u2019Konsequenze fir seng Haltung ze z\u00e9ien. Beim Plangen iwwerhuele si Responsabilit\u00e9ten an zum Ofschloss g\u00ebtt e Bilan gemaach.<\/p>\n\n\n\n<p>D\u2019RaRo setzen sech Ziler a Regele selwer. Si decid\u00e9ieren a schaffen zesummen. De Chef motiv\u00e9iert d\u00e9i Jugendlech.<\/p>\n\n\n\n<div style=\"height:50px\" aria-hidden=\"true\" class=\"wp-block-spacer\"><\/div>\n\n\n\n<h3 class=\"wp-block-heading\">Leader team<\/h3>\n\n\n\n<div class=\"wp-block-group\"><div class=\"wp-block-group__inner-container is-layout-constrained wp-block-group-is-layout-constrained\">\n<style>\n.tst-portrait img {\ntransition: all 0.5s\n}\n<\/style>\n\n\n\t\t\t\t\t<div\n\t\t\t\t\t\tclass=\"wp-block-uagb-image-gallery uagb-block-be35415a tst-portrait\"\n\t\t\t\t\t\tstyle=\"\"\n\t\t\t\t\t>\n\t\t\t\t\t\t\t\t\t\t\t<div class=\"spectra-image-gallery spectra-image-gallery__layout--grid spectra-image-gallery__layout--grid-col-5 spectra-image-gallery__layout--grid-col-tab-3 spectra-image-gallery__layout--grid-col-mob-2\">\n\t\t\t\t\t\t\t\t\t\t\t<div class='spectra-image-gallery__media-wrapper' data-spectra-gallery-image-id='27541' tabindex=\"0\">\n\t\t\t\t\t\t\t<div class=\"spectra-image-gallery__media spectra-image-gallery__media--grid\">\n\t\t\t\t<picture>\n\t\t\t\t\t<source media=\"(min-width: 1024px)\" data-srcset=\"https:\/\/cents.lgs.lu\/wp-content\/uploads\/2025\/11\/tom.webp\">\n\t\t\t\t\t<source media=\"(min-width: 768px)\" data-srcset=\"https:\/\/cents.lgs.lu\/wp-content\/uploads\/2025\/11\/tom.webp\">\n\t\t\t\t\t<img decoding=\"async\" class=\"spectra-image-gallery__media-thumbnail spectra-image-gallery__media-thumbnail--grid lazyload\" data-src=\"https:\/\/cents.lgs.lu\/wp-content\/uploads\/2025\/11\/tom-300x300.webp\" alt=\"\" src=\"data:image\/svg+xml;base64,PHN2ZyB3aWR0aD0iMSIgaGVpZ2h0PSIxIiB4bWxucz0iaHR0cDovL3d3dy53My5vcmcvMjAwMC9zdmciPjwvc3ZnPg==\" style=\"--smush-placeholder-width: 300px; --smush-placeholder-aspect-ratio: 300\/300;\" \/>\n\t\t\t\t<\/picture>\n\t\t\t\t<div class=\"spectra-image-gallery__media-thumbnail-blurrer\"><\/div>\n\t\t\t\t\t\t\t\t\t\t\t<div class=\"spectra-image-gallery__media-thumbnail-caption-wrapper spectra-image-gallery__media-thumbnail-caption-wrapper--bar-inside\">\n\t\t\t\t\t\t\t\t\t\t\t<div class=\"spectra-image-gallery__media-thumbnail-caption spectra-image-gallery__media-thumbnail-caption--bar-inside\">\n\t\t\t\t\tTom Schmit\t\t\t\t<\/div>\n\t\t\t\t\t\t\t\t\t\t<\/div>\n\t\t\t\t\t\t\t\t\t<\/div>\n\t\t\t\t\t\t<\/div>\n\t\t\t\t\t\t<div class='spectra-image-gallery__media-wrapper' data-spectra-gallery-image-id='27542' tabindex=\"0\">\n\t\t\t\t\t\t\t<div class=\"spectra-image-gallery__media spectra-image-gallery__media--grid\">\n\t\t\t\t<picture>\n\t\t\t\t\t<source media=\"(min-width: 1024px)\" data-srcset=\"https:\/\/cents.lgs.lu\/wp-content\/uploads\/2025\/11\/alex.webp\">\n\t\t\t\t\t<source media=\"(min-width: 768px)\" data-srcset=\"https:\/\/cents.lgs.lu\/wp-content\/uploads\/2025\/11\/alex.webp\">\n\t\t\t\t\t<img decoding=\"async\" class=\"spectra-image-gallery__media-thumbnail spectra-image-gallery__media-thumbnail--grid lazyload\" data-src=\"https:\/\/cents.lgs.lu\/wp-content\/uploads\/2025\/11\/alex-300x300.webp\" alt=\"\" src=\"data:image\/svg+xml;base64,PHN2ZyB3aWR0aD0iMSIgaGVpZ2h0PSIxIiB4bWxucz0iaHR0cDovL3d3dy53My5vcmcvMjAwMC9zdmciPjwvc3ZnPg==\" style=\"--smush-placeholder-width: 300px; --smush-placeholder-aspect-ratio: 300\/300;\" \/>\n\t\t\t\t<\/picture>\n\t\t\t\t<div class=\"spectra-image-gallery__media-thumbnail-blurrer\"><\/div>\n\t\t\t\t\t\t\t\t\t\t\t<div class=\"spectra-image-gallery__media-thumbnail-caption-wrapper spectra-image-gallery__media-thumbnail-caption-wrapper--bar-inside\">\n\t\t\t\t\t\t\t\t\t\t\t<div class=\"spectra-image-gallery__media-thumbnail-caption spectra-image-gallery__media-thumbnail-caption--bar-inside\">\n\t\t\t\t\tAlex Berg\t\t\t\t<\/div>\n\t\t\t\t\t\t\t\t\t\t<\/div>\n\t\t\t\t\t\t\t\t\t<\/div>\n\t\t\t\t\t\t<\/div>\n\t\t\t\t\t\t<div class='spectra-image-gallery__media-wrapper' data-spectra-gallery-image-id='831' tabindex=\"0\">\n\t\t\t\t\t\t\t<div class=\"spectra-image-gallery__media spectra-image-gallery__media--grid\">\n\t\t\t\t<picture>\n\t\t\t\t\t<source media=\"(min-width: 1024px)\" data-srcset=\"https:\/\/cents.lgs.lu\/wp-content\/uploads\/2017\/11\/Nicole2-e1509879369485-1024x604.jpg\">\n\t\t\t\t\t<source media=\"(min-width: 768px)\" data-srcset=\"https:\/\/cents.lgs.lu\/wp-content\/uploads\/2017\/11\/Nicole2-e1509879369485-1024x604.jpg\">\n\t\t\t\t\t<img decoding=\"async\" class=\"spectra-image-gallery__media-thumbnail spectra-image-gallery__media-thumbnail--grid lazyload\" data-src=\"https:\/\/cents.lgs.lu\/wp-content\/uploads\/2017\/11\/Nicole2-e1509879369485-300x177.jpg\" alt=\"\" src=\"data:image\/svg+xml;base64,PHN2ZyB3aWR0aD0iMSIgaGVpZ2h0PSIxIiB4bWxucz0iaHR0cDovL3d3dy53My5vcmcvMjAwMC9zdmciPjwvc3ZnPg==\" style=\"--smush-placeholder-width: 300px; --smush-placeholder-aspect-ratio: 300\/177;\" \/>\n\t\t\t\t<\/picture>\n\t\t\t\t<div class=\"spectra-image-gallery__media-thumbnail-blurrer\"><\/div>\n\t\t\t\t\t\t\t\t\t\t\t<div class=\"spectra-image-gallery__media-thumbnail-caption-wrapper spectra-image-gallery__media-thumbnail-caption-wrapper--bar-inside\">\n\t\t\t\t\t\t\t\t\t\t\t<div class=\"spectra-image-gallery__media-thumbnail-caption spectra-image-gallery__media-thumbnail-caption--bar-inside\">\n\t\t\t\t\tNicole Da Silva\t\t\t\t<\/div>\n\t\t\t\t\t\t\t\t\t\t<\/div>\n\t\t\t\t\t\t\t\t\t<\/div>\n\t\t\t\t\t\t<\/div>\n\t\t\t\t\t\t\t\t\t\t<\/div>\n\t\t\t\t\t\t\t\t\t\t\t\t\t\t\t\t\t\t<\/div>\n\t\t\t\t\t\t\t\t\t<\/div><\/div>\n\n\n\n<div class=\"wp-block-group\"><div class=\"wp-block-group__inner-container is-layout-constrained wp-block-group-is-layout-constrained\">\n<div style=\"height:40px\" aria-hidden=\"true\" class=\"wp-block-spacer\"><\/div>\n\n\n\n<div class=\"wp-block-columns is-layout-flex wp-container-core-columns-is-layout-9d6595d7 wp-block-columns-is-layout-flex\">\n<div class=\"wp-block-column is-layout-flow wp-block-column-is-layout-flow\">\n<div class=\"wp-block-buttons is-layout-flex wp-block-buttons-is-layout-flex\">\n<div class=\"wp-block-button\"><a class=\"wp-block-button__link wp-element-button\" href=\"https:\/\/cents.lgs.lu\/en\/branchen\/carapio-2\/\">&lt;&#8211; CaraPio<\/a><\/div>\n<\/div>\n<\/div>\n\n\n\n<div class=\"wp-block-column is-layout-flow wp-block-column-is-layout-flow\">\n<div class=\"wp-block-buttons is-content-justification-right is-layout-flex wp-container-core-buttons-is-layout-765c4724 wp-block-buttons-is-layout-flex\"><\/div>\n<\/div>\n<\/div>\n<\/div><\/div>\n<\/div><\/div><\/div>\n<\/div><\/div>","protected":false},"excerpt":{"rendered":"<p>Alter 17-23 Joer Versammlungen onregelm\u00e9isseg Winni eis Versammlungen stattfannen, lee\u00ebn mir selwer fest. Mir prob\u00e9ieren eis awer 1 mol am Mount ze treffen. Nieft de normale Guiden- a Scoutsaktivit\u00e9iten huet de Camp volant d\u2019\u00cbnnerwee-sinn, an d\u2019RaRo-Wuecht eng besonnesch Faszinatioun a Bedeitung bei der Route. D\u2019RaRo maachen hire Camp meeschtens am Ausland oder particip\u00e9ieren un engem [&hellip;]<\/p>\n","protected":false},"author":2,"featured_media":10111,"parent":211,"menu_order":0,"comment_status":"closed","ping_status":"closed","template":"","meta":{"_uag_custom_page_level_css":"","advanced_seo_description":"","jetpack_seo_html_title":"","jetpack_seo_noindex":false,"_vp_format_video_url":"","_vp_image_focal_point":{"x":0.48,"y":0.3},"footnotes":""},"class_list":["post-8106","page","type-page","status-publish","has-post-thumbnail","hentry"],"featured_image_urls_v2":{"full":["https:\/\/cents.lgs.lu\/wp-content\/uploads\/2023\/05\/raro_back-e1683321308109.jpg",1707,930,false],"thumbnail":["https:\/\/cents.lgs.lu\/wp-content\/uploads\/2023\/05\/raro_back-e1683321308109-150x150.jpg",150,150,true],"medium":["https:\/\/cents.lgs.lu\/wp-content\/uploads\/2023\/05\/raro_back-e1683321308109-300x163.jpg",300,163,true],"medium_large":["https:\/\/cents.lgs.lu\/wp-content\/uploads\/2023\/05\/raro_back-e1683321308109-768x418.jpg",768,418,true],"large":["https:\/\/cents.lgs.lu\/wp-content\/uploads\/2023\/05\/raro_back-e1683321308109-1024x558.jpg",1024,558,true],"1536x1536":["https:\/\/cents.lgs.lu\/wp-content\/uploads\/2023\/05\/raro_back-e1683321308109-1536x837.jpg",1536,837,true],"2048x2048":["https:\/\/cents.lgs.lu\/wp-content\/uploads\/2023\/05\/raro_back-e1683321308109.jpg",1707,930,false],"trp-custom-language-flag":["https:\/\/cents.lgs.lu\/wp-content\/uploads\/2023\/05\/raro_back-e1683321308109-18x10.jpg",18,10,true],"vp_sm":["https:\/\/cents.lgs.lu\/wp-content\/uploads\/2023\/05\/raro_back-e1683321308109-500x272.jpg",250,136,true],"vp_md":["https:\/\/cents.lgs.lu\/wp-content\/uploads\/2023\/05\/raro_back-e1683321308109-800x436.jpg",800,436,true],"vp_lg":["https:\/\/cents.lgs.lu\/wp-content\/uploads\/2023\/05\/raro_back-e1683321308109-1280x697.jpg",1280,697,true],"vp_xl":["https:\/\/cents.lgs.lu\/wp-content\/uploads\/2023\/05\/raro_back-e1683321308109.jpg",1707,930,false],"vp_sm_popup":["https:\/\/cents.lgs.lu\/wp-content\/uploads\/2023\/05\/raro_back-e1683321308109-500x272.jpg",500,272,true],"vp_md_popup":["https:\/\/cents.lgs.lu\/wp-content\/uploads\/2023\/05\/raro_back-e1683321308109-800x436.jpg",800,436,true],"vp_xl_popup":["https:\/\/cents.lgs.lu\/wp-content\/uploads\/2023\/05\/raro_back-e1683321308109.jpg",1707,930,false],"woocommerce_thumbnail":["https:\/\/cents.lgs.lu\/wp-content\/uploads\/2023\/05\/raro_back-e1683321308109-300x300.jpg",300,300,true],"woocommerce_single":["https:\/\/cents.lgs.lu\/wp-content\/uploads\/2023\/05\/raro_back-e1683321308109-600x327.jpg",600,327,true],"woocommerce_gallery_thumbnail":["https:\/\/cents.lgs.lu\/wp-content\/uploads\/2023\/05\/raro_back-e1683321308109-100x100.jpg",100,100,true]},"post_excerpt_stackable_v2":"<p>Alter 17-23 Joer Versammlungen onregelm\u00e9isseg Winni eis Versammlungen stattfannen, lee\u00ebn mir selwer fest. Mir prob\u00e9ieren eis awer 1 mol am Mount ze treffen. Nieft de normale Guiden- a Scoutsaktivit\u00e9iten huet de Camp volant d\u2019\u00cbnnerwee-sinn, an d\u2019RaRo-Wuecht eng besonnesch Faszinatioun a Bedeitung bei der Route. D\u2019RaRo maachen hire Camp meeschtens am Ausland oder particip\u00e9ieren un engem internationalen Eurofolk oder World-Moot. Method D\u2019RaRo sinn an engem Alter, wou si entscheedend Decisiounen huele mussen: D\u2019Wiel vun engem Beruf, engem Partner an enger Liewesorient\u00e9ierung. Si mussen sech och no den Carapio d\u00e9cideieren op se Chef w\u00ebllen gin oder net, an wann se d Wiel&hellip;<\/p>\n","category_list_v2":"","author_info_v2":{"name":"Tom Schmit","url":"https:\/\/cents.lgs.lu\/en\/author\/tom-schmit\/"},"comments_num_v2":"0 comments","uagb_featured_image_src":{"full":["https:\/\/cents.lgs.lu\/wp-content\/uploads\/2023\/05\/raro_back-e1683321308109.jpg",1707,930,false],"thumbnail":["https:\/\/cents.lgs.lu\/wp-content\/uploads\/2023\/05\/raro_back-e1683321308109-150x150.jpg",150,150,true],"medium":["https:\/\/cents.lgs.lu\/wp-content\/uploads\/2023\/05\/raro_back-e1683321308109-300x163.jpg",300,163,true],"medium_large":["https:\/\/cents.lgs.lu\/wp-content\/uploads\/2023\/05\/raro_back-e1683321308109-768x418.jpg",768,418,true],"large":["https:\/\/cents.lgs.lu\/wp-content\/uploads\/2023\/05\/raro_back-e1683321308109-1024x558.jpg",1024,558,true],"1536x1536":["https:\/\/cents.lgs.lu\/wp-content\/uploads\/2023\/05\/raro_back-e1683321308109-1536x837.jpg",1536,837,true],"2048x2048":["https:\/\/cents.lgs.lu\/wp-content\/uploads\/2023\/05\/raro_back-e1683321308109.jpg",1707,930,false],"trp-custom-language-flag":["https:\/\/cents.lgs.lu\/wp-content\/uploads\/2023\/05\/raro_back-e1683321308109-18x10.jpg",18,10,true],"vp_sm":["https:\/\/cents.lgs.lu\/wp-content\/uploads\/2023\/05\/raro_back-e1683321308109-500x272.jpg",250,136,true],"vp_md":["https:\/\/cents.lgs.lu\/wp-content\/uploads\/2023\/05\/raro_back-e1683321308109-800x436.jpg",800,436,true],"vp_lg":["https:\/\/cents.lgs.lu\/wp-content\/uploads\/2023\/05\/raro_back-e1683321308109-1280x697.jpg",1280,697,true],"vp_xl":["https:\/\/cents.lgs.lu\/wp-content\/uploads\/2023\/05\/raro_back-e1683321308109.jpg",1707,930,false],"vp_sm_popup":["https:\/\/cents.lgs.lu\/wp-content\/uploads\/2023\/05\/raro_back-e1683321308109-500x272.jpg",500,272,true],"vp_md_popup":["https:\/\/cents.lgs.lu\/wp-content\/uploads\/2023\/05\/raro_back-e1683321308109-800x436.jpg",800,436,true],"vp_xl_popup":["https:\/\/cents.lgs.lu\/wp-content\/uploads\/2023\/05\/raro_back-e1683321308109.jpg",1707,930,false],"woocommerce_thumbnail":["https:\/\/cents.lgs.lu\/wp-content\/uploads\/2023\/05\/raro_back-e1683321308109-300x300.jpg",300,300,true],"woocommerce_single":["https:\/\/cents.lgs.lu\/wp-content\/uploads\/2023\/05\/raro_back-e1683321308109-600x327.jpg",600,327,true],"woocommerce_gallery_thumbnail":["https:\/\/cents.lgs.lu\/wp-content\/uploads\/2023\/05\/raro_back-e1683321308109-100x100.jpg",100,100,true]},"uagb_author_info":{"display_name":"Tom Schmit","author_link":"https:\/\/cents.lgs.lu\/en\/author\/tom-schmit\/"},"uagb_comment_info":0,"uagb_excerpt":"Alter 17-23 Joer Versammlungen onregelm\u00e9isseg Winni eis Versammlungen stattfannen, lee\u00ebn mir selwer fest. Mir prob\u00e9ieren eis awer 1 mol am Mount ze treffen. Nieft de normale Guiden- a Scoutsaktivit\u00e9iten huet de Camp volant d\u2019\u00cbnnerwee-sinn, an d\u2019RaRo-Wuecht eng besonnesch Faszinatioun a Bedeitung bei der Route. D\u2019RaRo maachen hire Camp meeschtens am Ausland oder particip\u00e9ieren un engem&hellip;","jetpack_shortlink":"https:\/\/wp.me\/PenGAm-26K","jetpack_sharing_enabled":true,"_links":{"self":[{"href":"https:\/\/cents.lgs.lu\/en\/wp-json\/wp\/v2\/pages\/8106","targetHints":{"allow":["GET"]}}],"collection":[{"href":"https:\/\/cents.lgs.lu\/en\/wp-json\/wp\/v2\/pages"}],"about":[{"href":"https:\/\/cents.lgs.lu\/en\/wp-json\/wp\/v2\/types\/page"}],"author":[{"embeddable":true,"href":"https:\/\/cents.lgs.lu\/en\/wp-json\/wp\/v2\/users\/2"}],"replies":[{"embeddable":true,"href":"https:\/\/cents.lgs.lu\/en\/wp-json\/wp\/v2\/comments?post=8106"}],"version-history":[{"count":17,"href":"https:\/\/cents.lgs.lu\/en\/wp-json\/wp\/v2\/pages\/8106\/revisions"}],"predecessor-version":[{"id":27553,"href":"https:\/\/cents.lgs.lu\/en\/wp-json\/wp\/v2\/pages\/8106\/revisions\/27553"}],"up":[{"embeddable":true,"href":"https:\/\/cents.lgs.lu\/en\/wp-json\/wp\/v2\/pages\/211"}],"wp:featuredmedia":[{"embeddable":true,"href":"https:\/\/cents.lgs.lu\/en\/wp-json\/wp\/v2\/media\/10111"}],"wp:attachment":[{"href":"https:\/\/cents.lgs.lu\/en\/wp-json\/wp\/v2\/media?parent=8106"}],"curies":[{"name":"wp","href":"https:\/\/api.w.org\/{rel}","templated":true}]}}