{"id":8078,"date":"2022-12-11T00:49:26","date_gmt":"2022-12-10T23:49:26","guid":{"rendered":"https:\/\/cents.lgs.lu\/?page_id=8078"},"modified":"2026-02-19T18:42:04","modified_gmt":"2026-02-19T17:42:04","slug":"biber","status":"publish","type":"page","link":"https:\/\/cents.lgs.lu\/en\/branchen\/biber\/","title":{"rendered":"Biber"},"content":{"rendered":"<div class=\"wp-block-stackable-columns stk-block-columns stk-block stk-5bc227d\" data-block-id=\"5bc227d\"><div class=\"stk-row stk-inner-blocks stk-block-content stk-content-align stk-5bc227d-column\">\n<div class=\"wp-block-stackable-column stk-block-column stk-column stk-block stk-d9c2489\" data-v=\"4\" data-block-id=\"d9c2489\"><style>.stk-d9c2489-container{margin-top:15px !important;margin-right:15px !important;margin-bottom:15px !important;margin-left:15px !important;}<\/style><div class=\"stk-column-wrapper stk-block-column__content stk-container stk-d9c2489-container stk--no-background stk--no-padding\"><div class=\"stk-block-content stk-inner-blocks stk-d9c2489-inner-blocks\">\n<div class=\"wp-block-columns has-colibri-color-5-background-color has-text-color has-background is-layout-flex wp-container-core-columns-is-layout-9d6595d7 wp-block-columns-is-layout-flex\" style=\"color:#454545\">\n<div class=\"wp-block-column is-layout-flow wp-block-column-is-layout-flow\">\n<h4 class=\"wp-block-heading has-text-align-center\">Age<\/h4>\n\n\n\n<h5 class=\"wp-block-heading has-text-align-center\">6-8 years<\/h5>\n\n\n\n<div class=\"wp-block-getwid-advanced-spacer getwid-hide-desktop getwid-hide-tablet\" style=\"height:35px\" aria-hidden=\"true\"><\/div>\n<\/div>\n\n\n\n<div class=\"wp-block-column is-layout-flow wp-block-column-is-layout-flow\">\n<h4 class=\"wp-block-heading has-text-align-center\">Reunions<\/h4>\n\n\n\n<h5 class=\"wp-block-heading has-text-align-center\">Samschdes 14h30-16h30<\/h5>\n\n\n\n<div class=\"wp-block-getwid-advanced-spacer getwid-hide-desktop getwid-hide-tablet\" style=\"height:35px\" aria-hidden=\"true\"><\/div>\n<\/div>\n<\/div>\n\n\n<div class=\"wp-block-image is-style-default\">\n<figure class=\"aligncenter size-large\"><img decoding=\"async\" width=\"1024\" height=\"768\" data-src=\"https:\/\/cents.lgs.lu\/wp-content\/uploads\/2024\/08\/20240128_111709-1024x768.jpg\" alt=\"\" class=\"wp-image-12495 lazyload\" src=\"data:image\/svg+xml;base64,PHN2ZyB3aWR0aD0iMSIgaGVpZ2h0PSIxIiB4bWxucz0iaHR0cDovL3d3dy53My5vcmcvMjAwMC9zdmciPjwvc3ZnPg==\" style=\"--smush-placeholder-width: 1024px; --smush-placeholder-aspect-ratio: 1024\/768;\" \/><\/figure>\n<\/div>\n\n\n<div style=\"height:25px\" aria-hidden=\"true\" class=\"wp-block-spacer\"><\/div>\n\n\n\n<p>D\u2019Biber sinn d\u00e9i j\u00e9ngsten Guiden an Scouten a riichte sech u Kanner aus dem&nbsp;<strong>1ten an 2ten Schouljoer (cycle 2.1 an 2.2).<\/strong><\/p>\n\n\n\n<p>Mir treffen eis all&nbsp;<strong>Samschden vun 14h30 bis 16h30<\/strong>&nbsp;an eisem Bibersall am Junkerhaus, ausser an den Schoulvakanzen.&nbsp;Mir maachen am Laf vum Joer nieft&nbsp;den normalen Versammlungen och e puer Sortien vun engem Dag an och 1-2 Weekender. H\u00e9ichpunkt vum Biberjoer ass de Camp vun 3 Nuechten an engem Chalet hei am Land oder am Ausland am \u00cbmkrees&nbsp;vun 50 km.<\/p>\n\n\n\n<div style=\"height:50px\" aria-hidden=\"true\" class=\"wp-block-spacer\"><\/div>\n\n\n\n<h2 class=\"wp-block-heading\">Eis Method<\/h2>\n\n\n\n<p>D\u2019 Biber l\u00e9ieren een deen aneren ze respekt\u00e9ieren an och fir d\u00e9i aner do ze sinn, wann si am Grupp sinn. Si l\u00e9ieren also eng nei Dimensioun vun Gemeinschaft kennen an si entw\u00e9ckelen och eng positiv Astellung zum Liewen an zur Natur. An der Biberfamill ginn si och gewuer, dass mir all verschidden an dach d\u2019selwecht sinn.<\/p>\n\n\n\n<p>D\u2019Haaptelementer vun der Bibermethode sinn d \u2018Bibergeschicht, eng Kniwwel an d\u2019Spill. Eng kleng Geschicht f\u00e9iert an d\u2019Thema vun all Versammlung an. Duerch d\u2019Kniwwel l\u00e9ieren d\u2019Biber hir eegen Talenter a motoresch F\u00e4egkeeten kennen a benotzen. Duerch d\u2019Spiller k\u00ebnnen d\u2019Kanner sech mat hirem \u00cbmfeld auserneesetzen an Erfarunge sammelen, d\u00e9i fir hiert sp\u00e9idert Liewe wichteg sinn.<\/p>\n\n\n\n<p>D\u2019Chef entscheeden a leeden d\u2019Aktivit\u00e9iten, a lauschteren dob\u00e4i awer och op d\u2019W\u00ebnsch vun de Biber.<\/p>\n\n\n\n<div style=\"height:50px\" aria-hidden=\"true\" class=\"wp-block-spacer\"><\/div>\n\n\n\n<h2 class=\"wp-block-heading\">Leader team<\/h2>\n\n\n\n<div class=\"wp-block-group\"><div class=\"wp-block-group__inner-container is-layout-constrained wp-block-group-is-layout-constrained\">\n<style>\n.tst-portrait img {\ntransition: all 0.5s\n}\n<\/style>\n\n\n\t\t\t\t\t<div\n\t\t\t\t\t\tclass=\"wp-block-uagb-image-gallery uagb-block-be35415a tst-portrait\"\n\t\t\t\t\t\tstyle=\"\"\n\t\t\t\t\t>\n\t\t\t\t\t\t\t\t\t\t\t<div class=\"spectra-image-gallery spectra-image-gallery__layout--grid spectra-image-gallery__layout--grid-col-5 spectra-image-gallery__layout--grid-col-tab-3 spectra-image-gallery__layout--grid-col-mob-2\">\n\t\t\t\t\t\t\t\t\t\t\t<div class='spectra-image-gallery__media-wrapper' data-spectra-gallery-image-id='12488' tabindex=\"0\">\n\t\t\t\t\t\t\t<div class=\"spectra-image-gallery__media spectra-image-gallery__media--grid\">\n\t\t\t\t<picture>\n\t\t\t\t\t<source media=\"(min-width: 1024px)\" data-srcset=\"https:\/\/cents.lgs.lu\/wp-content\/uploads\/2024\/08\/IMG_3559-1024x683.jpg\">\n\t\t\t\t\t<source media=\"(min-width: 768px)\" data-srcset=\"https:\/\/cents.lgs.lu\/wp-content\/uploads\/2024\/08\/IMG_3559-1024x683.jpg\">\n\t\t\t\t\t<img decoding=\"async\" class=\"spectra-image-gallery__media-thumbnail spectra-image-gallery__media-thumbnail--grid lazyload\" data-src=\"https:\/\/cents.lgs.lu\/wp-content\/uploads\/2024\/08\/IMG_3559-300x200.jpg\" alt=\"\" src=\"data:image\/svg+xml;base64,PHN2ZyB3aWR0aD0iMSIgaGVpZ2h0PSIxIiB4bWxucz0iaHR0cDovL3d3dy53My5vcmcvMjAwMC9zdmciPjwvc3ZnPg==\" style=\"--smush-placeholder-width: 300px; --smush-placeholder-aspect-ratio: 300\/200;\" \/>\n\t\t\t\t<\/picture>\n\t\t\t\t<div class=\"spectra-image-gallery__media-thumbnail-blurrer\"><\/div>\n\t\t\t\t\t\t\t\t\t\t\t<div class=\"spectra-image-gallery__media-thumbnail-caption-wrapper spectra-image-gallery__media-thumbnail-caption-wrapper--bar-inside\">\n\t\t\t\t\t\t\t\t\t\t\t<div class=\"spectra-image-gallery__media-thumbnail-caption spectra-image-gallery__media-thumbnail-caption--bar-inside\">\n\t\t\t\t\tChristiane Reiter\t\t\t\t<\/div>\n\t\t\t\t\t\t\t\t\t\t<\/div>\n\t\t\t\t\t\t\t\t\t<\/div>\n\t\t\t\t\t\t<\/div>\n\t\t\t\t\t\t<div class='spectra-image-gallery__media-wrapper' data-spectra-gallery-image-id='12483' tabindex=\"0\">\n\t\t\t\t\t\t\t<div class=\"spectra-image-gallery__media spectra-image-gallery__media--grid\">\n\t\t\t\t<picture>\n\t\t\t\t\t<source media=\"(min-width: 1024px)\" data-srcset=\"https:\/\/cents.lgs.lu\/wp-content\/uploads\/2024\/08\/IMG_3486-1024x683.jpg\">\n\t\t\t\t\t<source media=\"(min-width: 768px)\" data-srcset=\"https:\/\/cents.lgs.lu\/wp-content\/uploads\/2024\/08\/IMG_3486-1024x683.jpg\">\n\t\t\t\t\t<img decoding=\"async\" class=\"spectra-image-gallery__media-thumbnail spectra-image-gallery__media-thumbnail--grid lazyload\" data-src=\"https:\/\/cents.lgs.lu\/wp-content\/uploads\/2024\/08\/IMG_3486-300x200.jpg\" alt=\"\" src=\"data:image\/svg+xml;base64,PHN2ZyB3aWR0aD0iMSIgaGVpZ2h0PSIxIiB4bWxucz0iaHR0cDovL3d3dy53My5vcmcvMjAwMC9zdmciPjwvc3ZnPg==\" style=\"--smush-placeholder-width: 300px; --smush-placeholder-aspect-ratio: 300\/200;\" \/>\n\t\t\t\t<\/picture>\n\t\t\t\t<div class=\"spectra-image-gallery__media-thumbnail-blurrer\"><\/div>\n\t\t\t\t\t\t\t\t\t\t\t<div class=\"spectra-image-gallery__media-thumbnail-caption-wrapper spectra-image-gallery__media-thumbnail-caption-wrapper--bar-inside\">\n\t\t\t\t\t\t\t\t\t\t\t<div class=\"spectra-image-gallery__media-thumbnail-caption spectra-image-gallery__media-thumbnail-caption--bar-inside\">\n\t\t\t\t\tLilly Cloos\t\t\t\t<\/div>\n\t\t\t\t\t\t\t\t\t\t<\/div>\n\t\t\t\t\t\t\t\t\t<\/div>\n\t\t\t\t\t\t<\/div>\n\t\t\t\t\t\t<div class='spectra-image-gallery__media-wrapper' data-spectra-gallery-image-id='12482' tabindex=\"0\">\n\t\t\t\t\t\t\t<div class=\"spectra-image-gallery__media spectra-image-gallery__media--grid\">\n\t\t\t\t<picture>\n\t\t\t\t\t<source media=\"(min-width: 1024px)\" data-srcset=\"https:\/\/cents.lgs.lu\/wp-content\/uploads\/2024\/08\/IMG_3483-1024x683.jpg\">\n\t\t\t\t\t<source media=\"(min-width: 768px)\" data-srcset=\"https:\/\/cents.lgs.lu\/wp-content\/uploads\/2024\/08\/IMG_3483-1024x683.jpg\">\n\t\t\t\t\t<img decoding=\"async\" class=\"spectra-image-gallery__media-thumbnail spectra-image-gallery__media-thumbnail--grid lazyload\" data-src=\"https:\/\/cents.lgs.lu\/wp-content\/uploads\/2024\/08\/IMG_3483-300x200.jpg\" alt=\"\" src=\"data:image\/svg+xml;base64,PHN2ZyB3aWR0aD0iMSIgaGVpZ2h0PSIxIiB4bWxucz0iaHR0cDovL3d3dy53My5vcmcvMjAwMC9zdmciPjwvc3ZnPg==\" style=\"--smush-placeholder-width: 300px; --smush-placeholder-aspect-ratio: 300\/200;\" \/>\n\t\t\t\t<\/picture>\n\t\t\t\t<div class=\"spectra-image-gallery__media-thumbnail-blurrer\"><\/div>\n\t\t\t\t\t\t\t\t\t\t\t<div class=\"spectra-image-gallery__media-thumbnail-caption-wrapper spectra-image-gallery__media-thumbnail-caption-wrapper--bar-inside\">\n\t\t\t\t\t\t\t\t\t\t\t<div class=\"spectra-image-gallery__media-thumbnail-caption spectra-image-gallery__media-thumbnail-caption--bar-inside\">\n\t\t\t\t\tLilly Pfeiffer\t\t\t\t<\/div>\n\t\t\t\t\t\t\t\t\t\t<\/div>\n\t\t\t\t\t\t\t\t\t<\/div>\n\t\t\t\t\t\t<\/div>\n\t\t\t\t\t\t\t\t\t\t<\/div>\n\t\t\t\t\t\t\t\t\t\t\t\t\t\t\t\t\t\t<\/div>\n\t\t\t\t\t\t\t\t\t<\/div><\/div>\n\n\n\n<div class=\"wp-block-group\"><div class=\"wp-block-group__inner-container is-layout-constrained wp-block-group-is-layout-constrained\">\n<div style=\"height:40px\" aria-hidden=\"true\" class=\"wp-block-spacer\"><\/div>\n\n\n\n<h2 class=\"wp-block-heading\">Aschreiwung \/ Inscription<\/h2>\n\n\n\n<div class=\"wp-block-getwid-tabs\" data-active-tab=\"0\"><ul class=\"wp-block-getwid-tabs__nav-links\"><\/ul>\n<div class=\"wp-block-getwid-tabs__nav-link\"><span class=\"wp-block-getwid-tabs__title-wrapper\"><a href=\"#\"><span class=\"wp-block-getwid-tabs__title\">L\u00ebtzebuergesch<\/span><\/a><\/span><\/div><div class=\"wp-block-getwid-tabs__tab-content-wrapper\"><div class=\"wp-block-getwid-tabs__tab-content\">\n<p>Fir en ad\u00e4quat Fonctionnement vun der Biberbranche, m\u00e4 och vun den nofolgende Branchen ze garant\u00e9ieren, k\u00ebnne maximal 15 Kanner pro Schouljoergang ugeholl ginn.<\/p>\n\n\n\n<p>W\u00e9inst dem grousse Succ\u00e8s vum Centser Bibergrupp, hunn d&#8217;Kanner Virrang d\u00e9i entweder um Cents wunnen oder um Cents an d&#8217;Schoul ginn. Och muss ee minimum am Cycle 2.1 sinn.<\/p>\n\n\n\n<p>Ab dem 15.09.2024, g\u00ebllt folgend Aschreiwungsprozedur:<\/p>\n\n\n\n<p>1. N\u00ebmme Kanner d\u00e9i sech am Virfeld ugemellt hunn an eng positif R\u00e9ckmeldung vun de Biberchef kritt hunn, k\u00ebnne Member vun de Biber ginn.<\/p>\n\n\n\n<p>2. Kleng Geschw\u00ebster d\u00e9i sech fir dat n\u00e4chst Guide-Scoutsjo\u00ebr umelle w\u00ebllen, musse sech bis sp\u00e9idsdens den 31.12 vun d\u00ebsem Guiden-Scoutsjo\u00ebr aschreiwen (dh d&#8217;Jo\u00ebr virun deem si uf\u00e4nke w\u00ebllen). No deem Datum, g\u00eblle fir si d\u00e9i selwecht Reegelen w\u00e9i fir d\u00e9i aner nei Memberen!<\/p>\n\n\n\n<p>3. Nei Memberen k\u00ebnnen sech zu egal w\u00e9i engem Moment aschreiwen, m\u00e4 maximum 1 Jo\u00ebr virun deem si uf\u00e4nke w\u00ebllen an d&#8217;Alterscrit\u00e8ren erf\u00ebllen.<\/p>\n\n\n\n<p>4. Vum 1. Januar un, k\u00ebnne mir R\u00e9ckmeldungen ginn op eng Plaz fir daat n\u00e4chst Guide-Scoutsjo\u00ebr fr\u00e4i ass, oder op d\u2019Kand op d\u2018Waardel\u00ebscht k\u00ebnnt.<\/p>\n\n\n\n<p>5. Wann e Kand op der Waardel\u00ebscht steet, kontakt\u00e9ieren mir d\u2019Elteren esoubal eng Plaz am jeeweilegen Jo\u00ebrgang fr\u00e4i ass.<\/p>\n\n\n\n<p>6. Fir sech anzeschreiwen oder fir eventuell Fro\u00ebn, kontakt\u00e9iert eis w.e.g. iwwert de <a href=\"https:\/\/cents.lgs.lu\/en\/kontakt\/\">Kontaktformulaire<\/a>.<\/p>\n<p>&nbsp;<\/p>\n<\/div><\/div>\n\n\n\n<div class=\"wp-block-getwid-tabs__nav-link\"><span class=\"wp-block-getwid-tabs__title-wrapper\"><a href=\"#\"><span class=\"wp-block-getwid-tabs__title\">Francais<\/span><\/a><\/span><\/div><div class=\"wp-block-getwid-tabs__tab-content-wrapper\"><div class=\"wp-block-getwid-tabs__tab-content\">\n<p>Afin d&#8217;assurer un fonctionnement ad\u00e9quat de la branche des castors (Biber), mais \u00e9galement des branches suivantes, un maximum de 15 enfants par ann\u00e9e scolaire peut \u00eatre accept\u00e9.<\/p>\n\n\n\n<p>En raison du grand succ\u00e8s du groupe des castors de Cents, la priorit\u00e9 est donn\u00e9e aux enfants qui vivent \u00e0 Cents ou qui vont \u00e0 l&#8217;\u00e9cole \u00e0 Cents. Il faut \u00e9galement \u00eatre au minimum au cycle 2.1.<\/p>\n\n\n\n<p>A partir du 15.09.2024, la proc\u00e9dure d&#8217;inscription suivante s&#8217;applique :<\/p>\n\n\n\n<p>1. Seuls les enfants inscrits \u00e0 l&#8217;avance et ayant re\u00e7u un retour positif de la part des chefs des castors peuvent devenir membres des castors.<\/p>\n\n\n\n<p>2. Les fr\u00e8res et s\u0153urs plus jeunes qui souhaitent s&#8217;inscrire pour l&#8217;ann\u00e9e Guide-Scout suivante doivent s&#8217;inscrire au plus tard le 31.12 de l\u2019ann\u00e9e Guide-Scout en cours (c&#8217;est-\u00e0-dire l&#8217;ann\u00e9e avant laquelle ils souhaitent commencer). Apr\u00e8s cette date, les m\u00eames r\u00e8gles s&#8217;appliquent \u00e0 eux qu&#8217;aux autres nouveaux membres !<\/p>\n\n\n\n<p>3. Les nouveaux membres peuvent s&#8217;inscrire \u00e0 tout moment, mais au maximum 1 an avant de vouloir commencer et de r\u00e9pondre aux crit\u00e8res d&#8217;\u00e2ge.<\/p>\n\n\n\n<p>4. A partir du 1er janvier, nous pouvons donner un retour sur la disponibilit\u00e9 d\u2019une place pour la prochaine ann\u00e9e Guide-Scout, ou si l&#8217;enfant est inscrit sur la liste d&#8217;attente.<\/p>\n\n\n\n<p>5. Si un enfant est sur la liste d&#8217;attente, nous contacterons les parents d\u00e8s qu&#8217;une place sera disponible dans le groupe scolaire respectif.<\/p>\n\n\n\n<p>6. Pour vous inscrire ou pour toute question, merci de remplir le <a href=\"https:\/\/cents.lgs.lu\/en\/kontakt\/\">formulaire de contact<\/a>.<\/p>\n<p>&nbsp;<\/p>\n<\/div><\/div>\n\n\n\n<div class=\"wp-block-getwid-tabs__nav-link\"><span class=\"wp-block-getwid-tabs__title-wrapper\"><a href=\"#\"><span class=\"wp-block-getwid-tabs__title\">English<\/span><\/a><\/span><\/div><div class=\"wp-block-getwid-tabs__tab-content-wrapper\"><div class=\"wp-block-getwid-tabs__tab-content\">\n<p>In order to ensure an adequate functioning of the beaver branch, but also of the following branches, a maximum of 15 children per school year can be accepted.<\/p>\n\n\n\n<p>Due to the great success of the Cents beaver group, priority is given to children who either live at Cents or go to school at Cents. You also have to be at least in Cycle 2.1.<\/p>\n\n\n\n<p>From 15.09.2024, the following registration procedure applies:<\/p>\n\n\n\n<p>1. Only children who have registered in advance and received positive feedback from the beaver leaders can become members of the beavers.<\/p>\n\n\n\n<p>2. Younger siblings who want to register for the next Guide-Scout year must register no later than 31.12 of the current Guide-Scout year (ie the year before which they want to start). After that date, the same rules apply to them as to the other new members!<\/p>\n\n\n\n<p>3. New members can register at any time, but a maximum of 1 year before they want to start and meet the age criteria.<\/p>\n\n\n\n<p>4. From January 1, we can give feedback on a place for the next Guide-Scout year, or on the child joining the waiting list.<\/p>\n\n\n\n<p>5. If a child is on the waiting list, we will contact the parents as soon as a place is available in the respective school year group.<\/p>\n\n\n\n<p>6. To register or for any questions, please fill out our <a href=\"https:\/\/cents.lgs.lu\/en\/kontakt\/\">contact-form<\/a>.<\/p>\n\n\n\n<p>&nbsp;<\/p>\n<\/div><\/div>\n<\/div>\n\n\n\n<div style=\"height:34px\" aria-hidden=\"true\" class=\"wp-block-spacer\"><\/div>\n\n\n\n<div class=\"wp-block-columns is-layout-flex wp-container-core-columns-is-layout-9d6595d7 wp-block-columns-is-layout-flex\">\n<div class=\"wp-block-column is-layout-flow wp-block-column-is-layout-flow\">\n<div class=\"wp-block-buttons is-layout-flex wp-block-buttons-is-layout-flex\"><\/div>\n<\/div>\n\n\n\n<div class=\"wp-block-column is-layout-flow wp-block-column-is-layout-flow\">\n<div class=\"wp-block-buttons is-content-justification-right is-layout-flex wp-container-core-buttons-is-layout-765c4724 wp-block-buttons-is-layout-flex\">\n<div class=\"wp-block-button\"><a class=\"wp-block-button__link has-text-align-right wp-element-button\" href=\"https:\/\/cents.lgs.lu\/en\/branchen\/wellef\/\">Wellef &#8211;&gt;<\/a><\/div>\n<\/div>\n<\/div>\n<\/div>\n<\/div><\/div>\n<\/div><\/div><\/div>\n<\/div><\/div>","protected":false},"excerpt":{"rendered":"<p>Alter 6-8 Joer Versammlungen Samschdes 14h30-16h30 D\u2019Biber sinn d\u00e9i j\u00e9ngsten Guiden an Scouten a riichte sech u Kanner aus dem&nbsp;1ten an 2ten Schouljoer (cycle 2.1 an 2.2). Mir treffen eis all&nbsp;Samschden vun 14h30 bis 16h30&nbsp;an eisem Bibersall am Junkerhaus, ausser an den Schoulvakanzen.&nbsp;Mir maachen am Laf vum Joer nieft&nbsp;den normalen Versammlungen och e puer Sortien [&hellip;]<\/p>\n","protected":false},"author":2,"featured_media":9814,"parent":211,"menu_order":0,"comment_status":"closed","ping_status":"closed","template":"","meta":{"_uag_custom_page_level_css":"","advanced_seo_description":"","jetpack_seo_html_title":"","jetpack_seo_noindex":false,"_vp_format_video_url":"","_vp_image_focal_point":{"x":0.49,"y":0.39},"footnotes":""},"class_list":["post-8078","page","type-page","status-publish","has-post-thumbnail","hentry"],"featured_image_urls_v2":{"full":["https:\/\/cents.lgs.lu\/wp-content\/uploads\/2023\/04\/20220326_154633-scaled-e1731342398281.jpg",1920,1071,false],"thumbnail":["https:\/\/cents.lgs.lu\/wp-content\/uploads\/2023\/04\/20220326_154633-150x150.jpg",150,150,true],"medium":["https:\/\/cents.lgs.lu\/wp-content\/uploads\/2023\/04\/20220326_154633-300x167.jpg",300,167,true],"medium_large":["https:\/\/cents.lgs.lu\/wp-content\/uploads\/2023\/04\/20220326_154633-768x429.jpg",768,429,true],"large":["https:\/\/cents.lgs.lu\/wp-content\/uploads\/2023\/04\/20220326_154633-1024x571.jpg",1024,571,true],"1536x1536":["https:\/\/cents.lgs.lu\/wp-content\/uploads\/2023\/04\/20220326_154633-1536x857.jpg",1536,857,true],"2048x2048":["https:\/\/cents.lgs.lu\/wp-content\/uploads\/2023\/04\/20220326_154633-2048x1143.jpg",2048,1143,true],"trp-custom-language-flag":["https:\/\/cents.lgs.lu\/wp-content\/uploads\/2023\/04\/20220326_154633-18x10.jpg",18,10,true],"vp_sm":["https:\/\/cents.lgs.lu\/wp-content\/uploads\/2023\/04\/20220326_154633-500x279.jpg",250,140,true],"vp_md":["https:\/\/cents.lgs.lu\/wp-content\/uploads\/2023\/04\/20220326_154633-800x446.jpg",800,446,true],"vp_lg":["https:\/\/cents.lgs.lu\/wp-content\/uploads\/2023\/04\/20220326_154633-1280x714.jpg",1280,714,true],"vp_xl":["https:\/\/cents.lgs.lu\/wp-content\/uploads\/2023\/04\/20220326_154633-1920x1071.jpg",1920,1071,true],"vp_sm_popup":["https:\/\/cents.lgs.lu\/wp-content\/uploads\/2023\/04\/20220326_154633-500x279.jpg",500,279,true],"vp_md_popup":["https:\/\/cents.lgs.lu\/wp-content\/uploads\/2023\/04\/20220326_154633-800x446.jpg",800,446,true],"vp_xl_popup":["https:\/\/cents.lgs.lu\/wp-content\/uploads\/2023\/04\/20220326_154633-1920x1071.jpg",1920,1071,true],"woocommerce_thumbnail":["https:\/\/cents.lgs.lu\/wp-content\/uploads\/2023\/04\/20220326_154633-300x300.jpg",300,300,true],"woocommerce_single":["https:\/\/cents.lgs.lu\/wp-content\/uploads\/2023\/04\/20220326_154633-600x335.jpg",600,335,true],"woocommerce_gallery_thumbnail":["https:\/\/cents.lgs.lu\/wp-content\/uploads\/2023\/04\/20220326_154633-100x100.jpg",100,100,true]},"post_excerpt_stackable_v2":"<p>Alter 6-8 Joer Versammlungen Samschdes 14h30-16h30 D\u2019Biber sinn d\u00e9i j\u00e9ngsten Guiden an Scouten a riichte sech u Kanner aus dem&nbsp;1ten an 2ten Schouljoer (cycle 2.1 an 2.2). Mir treffen eis all&nbsp;Samschden vun 14h30 bis 16h30&nbsp;an eisem Bibersall am Junkerhaus, ausser an den Schoulvakanzen.&nbsp;Mir maachen am Laf vum Joer nieft&nbsp;den normalen Versammlungen och e puer Sortien vun engem Dag an och 1-2 Weekender. H\u00e9ichpunkt vum Biberjoer ass de Camp vun 3 Nuechten an engem Chalet hei am Land oder am Ausland am \u00cbmkrees&nbsp;vun 50 km. Eis Method D\u2019 Biber l\u00e9ieren een deen aneren ze respekt\u00e9ieren an och fir d\u00e9i aner do&hellip;<\/p>\n","category_list_v2":"","author_info_v2":{"name":"Tom Schmit","url":"https:\/\/cents.lgs.lu\/en\/author\/tom-schmit\/"},"comments_num_v2":"0 comments","uagb_featured_image_src":{"full":["https:\/\/cents.lgs.lu\/wp-content\/uploads\/2023\/04\/20220326_154633-scaled-e1731342398281.jpg",1920,1071,false],"thumbnail":["https:\/\/cents.lgs.lu\/wp-content\/uploads\/2023\/04\/20220326_154633-150x150.jpg",150,150,true],"medium":["https:\/\/cents.lgs.lu\/wp-content\/uploads\/2023\/04\/20220326_154633-300x167.jpg",300,167,true],"medium_large":["https:\/\/cents.lgs.lu\/wp-content\/uploads\/2023\/04\/20220326_154633-768x429.jpg",768,429,true],"large":["https:\/\/cents.lgs.lu\/wp-content\/uploads\/2023\/04\/20220326_154633-1024x571.jpg",1024,571,true],"1536x1536":["https:\/\/cents.lgs.lu\/wp-content\/uploads\/2023\/04\/20220326_154633-1536x857.jpg",1536,857,true],"2048x2048":["https:\/\/cents.lgs.lu\/wp-content\/uploads\/2023\/04\/20220326_154633-2048x1143.jpg",2048,1143,true],"trp-custom-language-flag":["https:\/\/cents.lgs.lu\/wp-content\/uploads\/2023\/04\/20220326_154633-18x10.jpg",18,10,true],"vp_sm":["https:\/\/cents.lgs.lu\/wp-content\/uploads\/2023\/04\/20220326_154633-500x279.jpg",250,140,true],"vp_md":["https:\/\/cents.lgs.lu\/wp-content\/uploads\/2023\/04\/20220326_154633-800x446.jpg",800,446,true],"vp_lg":["https:\/\/cents.lgs.lu\/wp-content\/uploads\/2023\/04\/20220326_154633-1280x714.jpg",1280,714,true],"vp_xl":["https:\/\/cents.lgs.lu\/wp-content\/uploads\/2023\/04\/20220326_154633-1920x1071.jpg",1920,1071,true],"vp_sm_popup":["https:\/\/cents.lgs.lu\/wp-content\/uploads\/2023\/04\/20220326_154633-500x279.jpg",500,279,true],"vp_md_popup":["https:\/\/cents.lgs.lu\/wp-content\/uploads\/2023\/04\/20220326_154633-800x446.jpg",800,446,true],"vp_xl_popup":["https:\/\/cents.lgs.lu\/wp-content\/uploads\/2023\/04\/20220326_154633-1920x1071.jpg",1920,1071,true],"woocommerce_thumbnail":["https:\/\/cents.lgs.lu\/wp-content\/uploads\/2023\/04\/20220326_154633-300x300.jpg",300,300,true],"woocommerce_single":["https:\/\/cents.lgs.lu\/wp-content\/uploads\/2023\/04\/20220326_154633-600x335.jpg",600,335,true],"woocommerce_gallery_thumbnail":["https:\/\/cents.lgs.lu\/wp-content\/uploads\/2023\/04\/20220326_154633-100x100.jpg",100,100,true]},"uagb_author_info":{"display_name":"Tom Schmit","author_link":"https:\/\/cents.lgs.lu\/en\/author\/tom-schmit\/"},"uagb_comment_info":0,"uagb_excerpt":"Alter 6-8 Joer Versammlungen Samschdes 14h30-16h30 D\u2019Biber sinn d\u00e9i j\u00e9ngsten Guiden an Scouten a riichte sech u Kanner aus dem&nbsp;1ten an 2ten Schouljoer (cycle 2.1 an 2.2). Mir treffen eis all&nbsp;Samschden vun 14h30 bis 16h30&nbsp;an eisem Bibersall am Junkerhaus, ausser an den Schoulvakanzen.&nbsp;Mir maachen am Laf vum Joer nieft&nbsp;den normalen Versammlungen och e puer Sortien&hellip;","jetpack_shortlink":"https:\/\/wp.me\/PenGAm-26i","jetpack_sharing_enabled":true,"_links":{"self":[{"href":"https:\/\/cents.lgs.lu\/en\/wp-json\/wp\/v2\/pages\/8078","targetHints":{"allow":["GET"]}}],"collection":[{"href":"https:\/\/cents.lgs.lu\/en\/wp-json\/wp\/v2\/pages"}],"about":[{"href":"https:\/\/cents.lgs.lu\/en\/wp-json\/wp\/v2\/types\/page"}],"author":[{"embeddable":true,"href":"https:\/\/cents.lgs.lu\/en\/wp-json\/wp\/v2\/users\/2"}],"replies":[{"embeddable":true,"href":"https:\/\/cents.lgs.lu\/en\/wp-json\/wp\/v2\/comments?post=8078"}],"version-history":[{"count":27,"href":"https:\/\/cents.lgs.lu\/en\/wp-json\/wp\/v2\/pages\/8078\/revisions"}],"predecessor-version":[{"id":27838,"href":"https:\/\/cents.lgs.lu\/en\/wp-json\/wp\/v2\/pages\/8078\/revisions\/27838"}],"up":[{"embeddable":true,"href":"https:\/\/cents.lgs.lu\/en\/wp-json\/wp\/v2\/pages\/211"}],"wp:featuredmedia":[{"embeddable":true,"href":"https:\/\/cents.lgs.lu\/en\/wp-json\/wp\/v2\/media\/9814"}],"wp:attachment":[{"href":"https:\/\/cents.lgs.lu\/en\/wp-json\/wp\/v2\/media?parent=8078"}],"curies":[{"name":"wp","href":"https:\/\/api.w.org\/{rel}","templated":true}]}}