{"id":5949,"date":"2026-02-19T18:50:40","date_gmt":"2026-02-19T17:50:40","guid":{"rendered":"https:\/\/cents.lgs.lu\/?page_id=5949"},"modified":"2026-02-19T18:51:18","modified_gmt":"2026-02-19T17:51:18","slug":"buergbrennen-feierfest","status":"publish","type":"page","link":"https:\/\/cents.lgs.lu\/en\/events-2\/buergbrennen-feierfest\/","title":{"rendered":"Buergbrennen 2026"},"content":{"rendered":"\n<p class=\"has-text-align-left\">D&#8217; Centser Guiden a Scouten invit\u00e9ieren iech op eist Buergbrennen. D\u00ebst f\u00ebnnt <strong>Sonndes <\/strong>den <strong>22. Februar <\/strong>ab <strong>18h00 <\/strong>op eisem eegene Site (153, Rue Cents) statt.<\/p>\n\n\n\n<p class=\"has-text-align-left\">D\u00ebst Joer w\u00eblle mir nees e gr\u00e9issere Fakelzuch iwwert den Cents maachen<em>.<\/em><\/p>\n\n\n\n<p class=\"has-text-align-left\">D&#8217;Buerg w\u00e4ert an der M\u00ebtt vun der Wiss opgeriicht ginn. Dir hutt d&#8217; M\u00e9iglechkeet Iech 360\u00b0 ronder\u00ebm d\u00ebst Feier ze beweegen, a k\u00ebnnt Iech u klenge Feieren iwwerall um Terrain opwiermen.<\/p>\n\n\n\n<div style=\"height:50px\" aria-hidden=\"true\" class=\"wp-block-spacer\"><\/div>\n\n\n\n<h2 class=\"wp-block-heading\">Oflaf<\/h2>\n\n\n\n<div class=\"wp-block-getwid-content-timeline is-animated\" data-animation=\"slideInSides\" data-filling=\"false\"><div class=\"wp-block-getwid-content-timeline__line\"><div class=\"wp-block-getwid-content-timeline__bar\"><\/div><\/div><div class=\"wp-block-getwid-content-timeline__wrapper\">\n<div class=\"wp-block-getwid-content-timeline-item\"><div class=\"wp-block-getwid-content-timeline-item__wrapper\"><div class=\"wp-block-getwid-content-timeline-item__card\"><div class=\"wp-block-getwid-content-timeline-item__card-wrapper\"><div class=\"wp-block-getwid-content-timeline-item__content-wrapper\"><div class=\"wp-block-getwid-content-timeline-item__mobile-meta\"><p class=\"wp-block-getwid-content-timeline-item__meta-content\">18h00<\/p><\/div>\n<h3 class=\"wp-block-heading\">Start<\/h3>\n\n\n\n<p>Mir f\u00e4nken u mam Verkaf vun Iessen &amp; Gedr\u00e9nks op eisem Site.<\/p>\n<\/div><\/div><\/div><div class=\"wp-block-getwid-content-timeline-item__point\"><div class=\"wp-block-getwid-content-timeline-item__point-content\"><\/div><\/div><div class=\"wp-block-getwid-content-timeline-item__meta\"><p class=\"wp-block-getwid-content-timeline-item__meta-content\">18h00<\/p><\/div><\/div><\/div>\n\n\n\n<div class=\"wp-block-getwid-content-timeline-item\"><div class=\"wp-block-getwid-content-timeline-item__wrapper\"><div class=\"wp-block-getwid-content-timeline-item__card\"><div class=\"wp-block-getwid-content-timeline-item__card-wrapper\"><div class=\"wp-block-getwid-content-timeline-item__content-wrapper\"><div class=\"wp-block-getwid-content-timeline-item__mobile-meta\"><p class=\"wp-block-getwid-content-timeline-item__meta-content\">18h15<\/p><\/div>\n<h3 class=\"wp-block-heading\">Fakelzuch (Treffpunkt)<\/h3>\n\n\n\n<p>Mir treffen eis virun der Apdikt. Hei gi Fakelen un d&#8217;Kanner verdeelt.<\/p>\n<\/div><\/div><\/div><div class=\"wp-block-getwid-content-timeline-item__point\"><div class=\"wp-block-getwid-content-timeline-item__point-content\"><\/div><\/div><div class=\"wp-block-getwid-content-timeline-item__meta\"><p class=\"wp-block-getwid-content-timeline-item__meta-content\">18h15<\/p><\/div><\/div><\/div>\n\n\n\n<div class=\"wp-block-getwid-content-timeline-item\"><div class=\"wp-block-getwid-content-timeline-item__wrapper\"><div class=\"wp-block-getwid-content-timeline-item__card\"><div class=\"wp-block-getwid-content-timeline-item__card-wrapper\"><div class=\"wp-block-getwid-content-timeline-item__content-wrapper\"><div class=\"wp-block-getwid-content-timeline-item__mobile-meta\"><p class=\"wp-block-getwid-content-timeline-item__meta-content\">18h30<\/p><\/div>\n<h3 class=\"wp-block-heading\">Fakelzuch<\/h3>\n\n\n\n<p>Mir ginn zu Fouss mat Fakelen iwwert den Cents, bis bei d&#8217;Buerg.<\/p>\n<\/div><\/div><\/div><div class=\"wp-block-getwid-content-timeline-item__point\"><div class=\"wp-block-getwid-content-timeline-item__point-content\"><\/div><\/div><div class=\"wp-block-getwid-content-timeline-item__meta\"><p class=\"wp-block-getwid-content-timeline-item__meta-content\">18h30<\/p><\/div><\/div><\/div>\n\n\n\n<div class=\"wp-block-getwid-content-timeline-item\"><div class=\"wp-block-getwid-content-timeline-item__wrapper\"><div class=\"wp-block-getwid-content-timeline-item__card\"><div class=\"wp-block-getwid-content-timeline-item__card-wrapper\"><div class=\"wp-block-getwid-content-timeline-item__content-wrapper\"><div class=\"wp-block-getwid-content-timeline-item__mobile-meta\"><p class=\"wp-block-getwid-content-timeline-item__meta-content\">19h00<\/p><\/div>\n<h3 class=\"wp-block-heading\">D&#8217;Buerg brennt<\/h3>\n\n\n\n<p>De Fakelzuch k\u00ebnnt un, an dat grousst zentraalt Feier op eisem Site g\u00ebtt ugefaang.<\/p>\n<\/div><\/div><\/div><div class=\"wp-block-getwid-content-timeline-item__point\"><div class=\"wp-block-getwid-content-timeline-item__point-content\"><\/div><\/div><div class=\"wp-block-getwid-content-timeline-item__meta\"><p class=\"wp-block-getwid-content-timeline-item__meta-content\">19h00<\/p><\/div><\/div><\/div>\n\n\n\n<div class=\"wp-block-getwid-content-timeline-item\"><div class=\"wp-block-getwid-content-timeline-item__wrapper\"><div class=\"wp-block-getwid-content-timeline-item__card\"><div class=\"wp-block-getwid-content-timeline-item__card-wrapper\"><div class=\"wp-block-getwid-content-timeline-item__content-wrapper\"><div class=\"wp-block-getwid-content-timeline-item__mobile-meta\"><p class=\"wp-block-getwid-content-timeline-item__meta-content\">21h00<\/p><\/div>\n<h3 class=\"wp-block-heading\">Schluss<\/h3>\n\n\n\n<p><\/p>\n<\/div><\/div><\/div><div class=\"wp-block-getwid-content-timeline-item__point\"><div class=\"wp-block-getwid-content-timeline-item__point-content\"><\/div><\/div><div class=\"wp-block-getwid-content-timeline-item__meta\"><p class=\"wp-block-getwid-content-timeline-item__meta-content\">21h00<\/p><\/div><\/div><\/div>\n<\/div><\/div>\n\n\n\n<div style=\"height:50px\" aria-hidden=\"true\" class=\"wp-block-spacer\"><\/div>\n\n\n\n<h2 class=\"wp-block-heading\">Wou f\u00ebnnt et statt?<\/h2>\n\n\n\n<p>D&#8217; <strong>Buergbrenne <\/strong>f\u00ebnnt beim Junkerhaus; eisem eegene Site um Cents statt (153 Rue Cents \/ Busarr\u00eat: Cents Waassertuerm).<\/p>\n\n\n\t\t<div\n            id=\"wpmapblock_7883b650\"\n            data-settings='{&quot;map_marker&quot;:[{&quot;id&quot;:&quot;&quot;,&quot;lat&quot;:&quot;49.621473990705&quot;,&quot;lng&quot;:&quot;6.1835108900935&quot;,&quot;title&quot;:&quot;&quot;,&quot;content&quot;:&quot;&quot;,&quot;iconType&quot;:&quot;default&quot;,&quot;customIconUrl&quot;:&quot;&quot;,&quot;customIconWidth&quot;:&quot;25&quot;,&quot;customIconHeight&quot;:&quot;40&quot;}],&quot;map_zoom&quot;:&quot;16&quot;,&quot;scroll_wheel_zoom&quot;:false,&quot;map_type&quot;:&quot;OSM&quot;,&quot;center_index&quot;:0}'\n            class=\"wpmapblockrender\"\n            style=\"\n\t\t\twidth: 80%;\n\t\t\theight: 500px;\n\t\t\"\n            >\n        <\/div>\n        \n\n\n<div style=\"height:50px\" aria-hidden=\"true\" class=\"wp-block-spacer\"><\/div>\n\n\n\n<p>De <strong>Fakelzuch <\/strong>start d\u00ebst Joer virun der Apdikt um Carmel. (5 all\u00e9e du Carmel)<\/p>\n\n\n\t\t<div\n            id=\"wpmapblock_3df9436a\"\n            data-settings='{&quot;map_marker&quot;:[{&quot;lat&quot;:&quot;49.619566038502&quot;,&quot;lng&quot;:&quot;6.1720901899222&quot;,&quot;title&quot;:&quot;&quot;,&quot;content&quot;:&quot;&quot;,&quot;iconType&quot;:&quot;default&quot;,&quot;customIconUrl&quot;:&quot;&quot;,&quot;customIconWidth&quot;:&quot;25&quot;,&quot;customIconHeight&quot;:&quot;40&quot;}],&quot;map_zoom&quot;:&quot;16&quot;,&quot;scroll_wheel_zoom&quot;:false,&quot;map_type&quot;:&quot;OSM&quot;,&quot;center_index&quot;:0}'\n            class=\"wpmapblockrender\"\n            style=\"\n\t\t\twidth: 80%;\n\t\t\theight: 500px;\n\t\t\"\n            >\n        <\/div>\n        \n\n\n<div style=\"height:50px\" aria-hidden=\"true\" class=\"wp-block-spacer\"><\/div>\n\n\n\n<div style=\"height:14px\" aria-hidden=\"true\" class=\"wp-block-spacer\"><\/div>\n\n\n\n<div style=\"height:50px\" aria-hidden=\"true\" class=\"wp-block-spacer\"><\/div>\n\n\n\n<div class=\"wp-block-columns is-layout-flex wp-container-core-columns-is-layout-9d6595d7 wp-block-columns-is-layout-flex\">\n<div class=\"wp-block-column is-layout-flow wp-block-column-is-layout-flow\" style=\"flex-basis:30%\">\n<h2 class=\"wp-block-heading\">Iessen<\/h2>\n\n\n\n<ul class=\"wp-block-list\">\n<li>Ierbessebulli<\/li>\n\n\n\n<li>Gromperekichelcher<\/li>\n\n\n\n<li>Gegrills<\/li>\n\n\n\n<li>Fritten<\/li>\n\n\n\n<li>Marshmallows<\/li>\n<\/ul>\n<\/div>\n\n\n\n<div class=\"wp-block-column is-layout-flow wp-block-column-is-layout-flow\" style=\"flex-basis:30%\">\n<h2 class=\"wp-block-heading\">Gedr\u00e9nks<\/h2>\n\n\n\n<ul class=\"wp-block-list\">\n<li>Schocki<\/li>\n\n\n\n<li>Gl\u00fchw\u00e4in<\/li>\n\n\n\n<li>L\u00ebtz&#8217; Kola \/ Orange \/ Lemon &amp; Lime<\/li>\n\n\n\n<li>B\u00e9ier<\/li>\n\n\n\n<li>Schampes<\/li>\n<\/ul>\n<\/div>\n<\/div>\n","protected":false},"excerpt":{"rendered":"<p>D&#8217; Centser Guiden a Scouten invit\u00e9ieren iech op eist Buergbrennen. D\u00ebst f\u00ebnnt Sonndes den 22. Februar ab 18h00 op eisem eegene Site (153, Rue Cents) statt. D\u00ebst Joer w\u00eblle mir nees e gr\u00e9issere Fakelzuch iwwert den Cents maachen. D&#8217;Buerg w\u00e4ert an der M\u00ebtt vun der Wiss opgeriicht ginn. Dir hutt d&#8217; M\u00e9iglechkeet Iech 360\u00b0 ronder\u00ebm [&hellip;]<\/p>\n","protected":false},"author":2,"featured_media":6134,"parent":13782,"menu_order":0,"comment_status":"closed","ping_status":"closed","template":"","meta":{"_uag_custom_page_level_css":"","advanced_seo_description":"","jetpack_seo_html_title":"","jetpack_seo_noindex":false,"_vp_format_video_url":"","_vp_image_focal_point":{"x":0.49,"y":0.58},"footnotes":""},"class_list":["post-5949","page","type-page","status-publish","has-post-thumbnail","hentry"],"featured_image_urls_v2":{"full":["https:\/\/cents.lgs.lu\/wp-content\/uploads\/2022\/03\/IMG_2882-scaled-e1731341678747.jpg",1980,1320,false],"thumbnail":["https:\/\/cents.lgs.lu\/wp-content\/uploads\/2022\/03\/IMG_2882-150x150.jpg",150,150,true],"medium":["https:\/\/cents.lgs.lu\/wp-content\/uploads\/2022\/03\/IMG_2882-300x200.jpg",300,200,true],"medium_large":["https:\/\/cents.lgs.lu\/wp-content\/uploads\/2022\/03\/IMG_2882-768x512.jpg",768,512,true],"large":["https:\/\/cents.lgs.lu\/wp-content\/uploads\/2022\/03\/IMG_2882-1024x683.jpg",1024,683,true],"1536x1536":["https:\/\/cents.lgs.lu\/wp-content\/uploads\/2022\/03\/IMG_2882-1536x1024.jpg",1536,1024,true],"2048x2048":["https:\/\/cents.lgs.lu\/wp-content\/uploads\/2022\/03\/IMG_2882-2048x1365.jpg",2048,1365,true],"trp-custom-language-flag":["https:\/\/cents.lgs.lu\/wp-content\/uploads\/2022\/03\/IMG_2882-scaled-e1731341678747.jpg",18,12,false],"vp_sm":["https:\/\/cents.lgs.lu\/wp-content\/uploads\/2022\/03\/IMG_2882-scaled-e1731341678747.jpg",250,167,false],"vp_md":["https:\/\/cents.lgs.lu\/wp-content\/uploads\/2022\/03\/IMG_2882-scaled-e1731341678747.jpg",800,533,false],"vp_lg":["https:\/\/cents.lgs.lu\/wp-content\/uploads\/2022\/03\/IMG_2882-scaled-e1731341678747.jpg",1280,853,false],"vp_xl":["https:\/\/cents.lgs.lu\/wp-content\/uploads\/2022\/03\/IMG_2882-scaled-e1731341678747.jpg",1920,1280,false],"vp_sm_popup":["https:\/\/cents.lgs.lu\/wp-content\/uploads\/2022\/03\/IMG_2882-scaled-e1731341678747.jpg",500,333,false],"vp_md_popup":["https:\/\/cents.lgs.lu\/wp-content\/uploads\/2022\/03\/IMG_2882-scaled-e1731341678747.jpg",800,533,false],"vp_xl_popup":["https:\/\/cents.lgs.lu\/wp-content\/uploads\/2022\/03\/IMG_2882-scaled-e1731341678747.jpg",1920,1280,false],"woocommerce_thumbnail":["https:\/\/cents.lgs.lu\/wp-content\/uploads\/2022\/03\/IMG_2882-scaled-300x300.jpg",300,300,true],"woocommerce_single":["https:\/\/cents.lgs.lu\/wp-content\/uploads\/2022\/03\/IMG_2882-scaled-600x400.jpg",600,400,true],"woocommerce_gallery_thumbnail":["https:\/\/cents.lgs.lu\/wp-content\/uploads\/2022\/03\/IMG_2882-scaled-100x100.jpg",100,100,true]},"post_excerpt_stackable_v2":"<p>D&#8217; Centser Guiden a Scouten invit\u00e9ieren iech op eist Buergbrennen. D\u00ebst f\u00ebnnt Sonndes den 22. Februar ab 18h00 op eisem eegene Site (153, Rue Cents) statt. D\u00ebst Joer w\u00eblle mir nees e gr\u00e9issere Fakelzuch iwwert den Cents maachen. D&#8217;Buerg w\u00e4ert an der M\u00ebtt vun der Wiss opgeriicht ginn. Dir hutt d&#8217; M\u00e9iglechkeet Iech 360\u00b0 ronder\u00ebm d\u00ebst Feier ze beweegen, a k\u00ebnnt Iech u klenge Feieren iwwerall um Terrain opwiermen. Oflaf 18h00 Start Mir f\u00e4nken u mam Verkaf vun Iessen &amp; Gedr\u00e9nks op eisem Site. 18h00 18h15 Fakelzuch (Treffpunkt) Mir treffen eis virun der Apdikt. Hei gi Fakelen un d&#8217;Kanner verdeelt.&hellip;<\/p>\n","category_list_v2":"","author_info_v2":{"name":"Tom Schmit","url":"https:\/\/cents.lgs.lu\/en\/author\/tom-schmit\/"},"comments_num_v2":"0 comments","uagb_featured_image_src":{"full":["https:\/\/cents.lgs.lu\/wp-content\/uploads\/2022\/03\/IMG_2882-scaled-e1731341678747.jpg",1980,1320,false],"thumbnail":["https:\/\/cents.lgs.lu\/wp-content\/uploads\/2022\/03\/IMG_2882-150x150.jpg",150,150,true],"medium":["https:\/\/cents.lgs.lu\/wp-content\/uploads\/2022\/03\/IMG_2882-300x200.jpg",300,200,true],"medium_large":["https:\/\/cents.lgs.lu\/wp-content\/uploads\/2022\/03\/IMG_2882-768x512.jpg",768,512,true],"large":["https:\/\/cents.lgs.lu\/wp-content\/uploads\/2022\/03\/IMG_2882-1024x683.jpg",1024,683,true],"1536x1536":["https:\/\/cents.lgs.lu\/wp-content\/uploads\/2022\/03\/IMG_2882-1536x1024.jpg",1536,1024,true],"2048x2048":["https:\/\/cents.lgs.lu\/wp-content\/uploads\/2022\/03\/IMG_2882-2048x1365.jpg",2048,1365,true],"trp-custom-language-flag":["https:\/\/cents.lgs.lu\/wp-content\/uploads\/2022\/03\/IMG_2882-scaled-e1731341678747.jpg",18,12,false],"vp_sm":["https:\/\/cents.lgs.lu\/wp-content\/uploads\/2022\/03\/IMG_2882-scaled-e1731341678747.jpg",250,167,false],"vp_md":["https:\/\/cents.lgs.lu\/wp-content\/uploads\/2022\/03\/IMG_2882-scaled-e1731341678747.jpg",800,533,false],"vp_lg":["https:\/\/cents.lgs.lu\/wp-content\/uploads\/2022\/03\/IMG_2882-scaled-e1731341678747.jpg",1280,853,false],"vp_xl":["https:\/\/cents.lgs.lu\/wp-content\/uploads\/2022\/03\/IMG_2882-scaled-e1731341678747.jpg",1920,1280,false],"vp_sm_popup":["https:\/\/cents.lgs.lu\/wp-content\/uploads\/2022\/03\/IMG_2882-scaled-e1731341678747.jpg",500,333,false],"vp_md_popup":["https:\/\/cents.lgs.lu\/wp-content\/uploads\/2022\/03\/IMG_2882-scaled-e1731341678747.jpg",800,533,false],"vp_xl_popup":["https:\/\/cents.lgs.lu\/wp-content\/uploads\/2022\/03\/IMG_2882-scaled-e1731341678747.jpg",1920,1280,false],"woocommerce_thumbnail":["https:\/\/cents.lgs.lu\/wp-content\/uploads\/2022\/03\/IMG_2882-scaled-300x300.jpg",300,300,true],"woocommerce_single":["https:\/\/cents.lgs.lu\/wp-content\/uploads\/2022\/03\/IMG_2882-scaled-600x400.jpg",600,400,true],"woocommerce_gallery_thumbnail":["https:\/\/cents.lgs.lu\/wp-content\/uploads\/2022\/03\/IMG_2882-scaled-100x100.jpg",100,100,true]},"uagb_author_info":{"display_name":"Tom Schmit","author_link":"https:\/\/cents.lgs.lu\/en\/author\/tom-schmit\/"},"uagb_comment_info":0,"uagb_excerpt":"D&#8217; Centser Guiden a Scouten invit\u00e9ieren iech op eist Buergbrennen. D\u00ebst f\u00ebnnt Sonndes den 22. Februar ab 18h00 op eisem eegene Site (153, Rue Cents) statt. D\u00ebst Joer w\u00eblle mir nees e gr\u00e9issere Fakelzuch iwwert den Cents maachen. D&#8217;Buerg w\u00e4ert an der M\u00ebtt vun der Wiss opgeriicht ginn. Dir hutt d&#8217; M\u00e9iglechkeet Iech 360\u00b0 ronder\u00ebm&hellip;","jetpack_shortlink":"https:\/\/wp.me\/PenGAm-1xX","jetpack_sharing_enabled":true,"_links":{"self":[{"href":"https:\/\/cents.lgs.lu\/en\/wp-json\/wp\/v2\/pages\/5949","targetHints":{"allow":["GET"]}}],"collection":[{"href":"https:\/\/cents.lgs.lu\/en\/wp-json\/wp\/v2\/pages"}],"about":[{"href":"https:\/\/cents.lgs.lu\/en\/wp-json\/wp\/v2\/types\/page"}],"author":[{"embeddable":true,"href":"https:\/\/cents.lgs.lu\/en\/wp-json\/wp\/v2\/users\/2"}],"replies":[{"embeddable":true,"href":"https:\/\/cents.lgs.lu\/en\/wp-json\/wp\/v2\/comments?post=5949"}],"version-history":[{"count":21,"href":"https:\/\/cents.lgs.lu\/en\/wp-json\/wp\/v2\/pages\/5949\/revisions"}],"predecessor-version":[{"id":27840,"href":"https:\/\/cents.lgs.lu\/en\/wp-json\/wp\/v2\/pages\/5949\/revisions\/27840"}],"up":[{"embeddable":true,"href":"https:\/\/cents.lgs.lu\/en\/wp-json\/wp\/v2\/pages\/13782"}],"wp:featuredmedia":[{"embeddable":true,"href":"https:\/\/cents.lgs.lu\/en\/wp-json\/wp\/v2\/media\/6134"}],"wp:attachment":[{"href":"https:\/\/cents.lgs.lu\/en\/wp-json\/wp\/v2\/media?parent=5949"}],"curies":[{"name":"wp","href":"https:\/\/api.w.org\/{rel}","templated":true}]}}