{"id":450,"date":"2017-08-11T17:47:01","date_gmt":"2017-08-11T15:47:01","guid":{"rendered":"https:\/\/cents.lgs.lu\/?page_id=450"},"modified":"2025-06-14T18:32:12","modified_gmt":"2025-06-14T16:32:12","slug":"lord-baden-powell","status":"publish","type":"page","link":"https:\/\/cents.lgs.lu\/en\/grupp\/lord-baden-powell\/","title":{"rendered":"Lord Baden Powell"},"content":{"rendered":"<div class=\"wp-block-stackable-columns stk-block-columns stk-block stk-fc8bac8\" data-block-id=\"fc8bac8\"><div class=\"stk-row stk-inner-blocks stk-block-content stk-content-align stk-fc8bac8-column\">\n<div class=\"wp-block-stackable-column stk-block-column stk-column stk-block stk-be3aca4\" data-v=\"4\" data-block-id=\"be3aca4\"><style>.stk-be3aca4-container{margin-top:15px !important;margin-right:15px !important;margin-bottom:15px !important;margin-left:15px !important;}<\/style><div class=\"stk-column-wrapper stk-block-column__content stk-container stk-be3aca4-container stk--no-background stk--no-padding\"><div class=\"stk-block-content stk-inner-blocks stk-be3aca4-inner-blocks\">\n<p>(CHEF SCOUT VUN DER WELT)<\/p>\n\n\n<div class=\"wp-block-image\">\n<figure class=\"aligncenter\"><img decoding=\"async\" data-src=\"https:\/\/cents.lgs.lu\/wp-content\/uploads\/2017\/08\/Baden-powell-258x300.png\" alt=\"\" class=\"wp-image-465 lazyload\" src=\"data:image\/svg+xml;base64,PHN2ZyB3aWR0aD0iMSIgaGVpZ2h0PSIxIiB4bWxucz0iaHR0cDovL3d3dy53My5vcmcvMjAwMC9zdmciPjwvc3ZnPg==\" style=\"--smush-placeholder-width: 258px; --smush-placeholder-aspect-ratio: 258\/300;\" \/><\/figure>\n<\/div>\n\n\n<p class=\"has-text-align-left\">Den Robert Stephenson Smyth Baden-Powell (sou ass s\u00e4i vollst\u00e4nnegen Numm) ass den 22. Februar 1857 zu London an direkter Noperschaft vum Hyde Park gebuer. S\u00e4i Papp war en anglikanesche Geeschtlechen a Proff zu Oxford. Seng Mamm war Hausfra an huet de BP mat senge 6 Geschw\u00ebster groussgezunn.<\/p>\n\n\n\n<p class=\"has-text-align-left\">De Robert meeschtert seng Schoulz\u00e4it ouni gr\u00e9isser Problemer a konnt gudd Resultater opweisen. W\u00e4hrend senger Schoulz\u00e4it wousst hie laang net wat hie wollt maachen. Hien huet sech dunn an d\u00e9i englesch Arm\u00e9i gemellt, wou hien duerch s\u00e4in Asaatz an Engagement bis zum Generol-Inspekter vun der ganzer englescher Kavallerie ginn ass.<\/p>\n\n\n\n<p class=\"has-text-align-left\">1876 f\u00e4ngt seng milit\u00e4resch Carri\u00e8re an Indien un. Sp\u00e9ider bereest hie w\u00e4hrend e puer Joeren dann e Koup aner L\u00e4nner w\u00e9i Malta, Natal, Irland, Rhodesien.<\/p>\n\n\n\n<p class=\"has-text-align-left\">De BP ass \u00f6fters als Spion agesat ginn, well hien aus senger Kandheet wousst w\u00e9i een sech onbemierkt an der Natur konnt un en Ziil eruschl\u00e4ichen. Hien huet sech an de B\u00ebscher, den Dschungelen er\u00ebmfonnt a konnt esou wichteg Informatiounen fir d&#8217;Arm\u00e9i gewannen.<\/p>\n\n\n\n<p class=\"has-text-align-left\">No engem haarde Krich am Joer 1897, wou dem BP seng Arm\u00e9i de G\u00e9igner konnt zu Buedem zw\u00e9ngen, ass hien doropshin zum Major-Generol vun der englescher Kinnigin Victoria ernannt ginn. 1907 -dem Gebuertsjoer vum Weltscoutissem- h\u00ebllt hien 21 Jongen op d\u00e9i britesch Insel Brownsea mat, wou si deen 1. Scoutscamp erliewen an den eigentleche Start fir des Organisatioun ginn. 1908 br\u00e9ngt de BP dann s\u00e4i Buch &#8216;Scouting for Boys&#8217; eraus, wat direkt groussen Uklang f\u00ebnnt. 1910 freet de BP seng Pensioun an der Arm\u00e9i un fir sech dann ganz dem Scoutissmus ze widmen. An deem selwechten Joer ass dann den 1. Weltjamboree (London) wou de Robert Baden-Powell zum Chef-Scout vun der ganzer Welt ernannt an och unerkannt g\u00ebtt. 1912 g\u00ebtt hie mam Olave St. Calir bestuet a kritt 3 Kanner, de Peter, d&#8217;Heather an d&#8217;Betty.<\/p>\n\n\n\n<p class=\"has-text-align-left\">1929 huet de BP mat sengem Jong Peter (16 Joer) d&#8217;L\u00ebtzebuerg besicht fir Kontakt mat de Scouten opzehuelen. Et gouf bis elo just eng gedr\u00e9ckte Spuer am &#8216;Jung Luxembourg&#8217; fonnt:<\/p>\n\n\n\n<p class=\"has-text-align-left\">Hoher Besuch &#8211; B.P. in Luxemburg<\/p>\n\n\n\n<p class=\"has-text-align-left\">Am Sonntag dem 14. April 1929 hatte unser Generalpr\u00e4ses Hartmann die hohe Ehre, den Chef-Scout Robert Baden-Powell bei sich zu empfangen. Derselbe war von seinem Sohn begleitet. In etwa einst\u00fcndiger Unterhaltung erkundigte er sich nach dem Stand unseres Boyscoutsverbandes und unserer Sektionen und war \u00fcberaus erfreut \u00fcber die gro\u00dfen Fortschritte, die wir in den letzten Jahren gemacht haben. Dann lud er unsere Scouts zum Weltjamboree nach Birkenhead ein und versicherte sie seines besonderen Wohlwollens. Zum Schlu\u00df empfahl er Hartmann, allen Scouts es aufs angelegentlichste zu wiederholen, da\u00df der gesamte Scoutismus als Erziehungsmethode auf der Religion aufgebaut und wie das ganze Scoutsleben von der Religion durchdrungen sei.<\/p>\n\n\n\n<p class=\"has-text-align-left\">Aus dem BP sengem Tagebuch w\u00ebsse mir dass hien den 12. Abr\u00ebll um 14.30 Auer zu L\u00ebtzebuerg ukomm ass. Hien huet sech e Bild vun onser deemoleger Stat gemach, ier hien den 13. Abr\u00ebll op Dikkrech gefuer ass. Duerno huet hien nach eng kuerz Visite op Veianen gemaach, ier hien zer\u00e9ck an Stat komm ass.<\/p>\n\n\n\n<p class=\"has-text-align-left\">De 14. Abr\u00ebll ass hien d&#8217;Kathedral besiche gaang an duerno huet hie L\u00ebtzebuerg g\u00e9int 2.15 Auer verlooss. An deem selwechten Joer g\u00ebtt den BP vum Kinn\u00e9k George V an den Adelstand opgeholl a kritt de Lordstitel &#8220;Lord Baden-Powell of Gilwell&#8221;. 1930 g\u00ebtt dem BP seng Fra Chef-Guide vun der Welt.<\/p>\n\n\n\n<p class=\"has-text-align-left\">1935 kritt de Robert och eng l\u00ebtzebuergesch Auszeechnung, als &#8220;Grand officier de l&#8217;Ordre grand-ducal de la Couronne de Ch\u00eane&#8221;. Um 5. Weltjamboree am Joer 1937 zu Vogelensang an Holland seet de Robert Baden-Powell de Scouten offiziell Awuer an zitt sech an de Kenia zer\u00e9ck, wou hien den 8. Januar 1941 am Alter vun 84 Joer zu Nyeri stierft.<\/p>\n\n\n<div class=\"wp-block-image\">\n<figure class=\"aligncenter\"><img decoding=\"async\" width=\"300\" height=\"225\" data-src=\"https:\/\/cents.lgs.lu\/wp-content\/uploads\/2017\/08\/Badenpowellgrabstein-300x225.jpg\" alt=\"\" class=\"wp-image-468 lazyload\" data-srcset=\"https:\/\/cents.lgs.lu\/wp-content\/uploads\/2017\/08\/Badenpowellgrabstein-300x225.jpg 300w, https:\/\/cents.lgs.lu\/wp-content\/uploads\/2017\/08\/Badenpowellgrabstein-600x450.jpg 600w, https:\/\/cents.lgs.lu\/wp-content\/uploads\/2017\/08\/Badenpowellgrabstein-768x576.jpg 768w, https:\/\/cents.lgs.lu\/wp-content\/uploads\/2017\/08\/Badenpowellgrabstein.jpg 800w\" data-sizes=\"(max-width: 300px) 100vw, 300px\" src=\"data:image\/svg+xml;base64,PHN2ZyB3aWR0aD0iMSIgaGVpZ2h0PSIxIiB4bWxucz0iaHR0cDovL3d3dy53My5vcmcvMjAwMC9zdmciPjwvc3ZnPg==\" style=\"--smush-placeholder-width: 300px; --smush-placeholder-aspect-ratio: 300\/225;\" \/><\/figure>\n<\/div>\n\n\n<p class=\"has-text-align-left\">Op sengem Grafsteen ass en Zeechen ze fannen, wat bedeite soll: Ech hu meng Missioun erf\u00ebllt a sinn heemgaang.<\/p>\n\n\n\n<p class=\"has-text-align-right\"><em>(geschriwwen fir an d&#8217;Brochure 20 Joer Guiden a Scouten vum J\u00e9r\u00f4me Michaely)<\/em><\/p>\n<\/div><\/div><\/div>\n<\/div><\/div>","protected":false},"excerpt":{"rendered":"<p>(CHEF SCOUT VUN DER WELT) Den Robert Stephenson Smyth Baden-Powell (sou ass s\u00e4i vollst\u00e4nnegen Numm) ass den 22. Februar 1857 zu London an direkter Noperschaft vum Hyde Park gebuer. S\u00e4i Papp war en anglikanesche Geeschtlechen a Proff zu Oxford. Seng Mamm war Hausfra an huet de BP mat senge 6 Geschw\u00ebster groussgezunn. De Robert meeschtert [&hellip;]<\/p>\n","protected":false},"author":2,"featured_media":465,"parent":433,"menu_order":0,"comment_status":"closed","ping_status":"closed","template":"","meta":{"_uag_custom_page_level_css":"","advanced_seo_description":"","jetpack_seo_html_title":"","jetpack_seo_noindex":false,"_vp_format_video_url":"","_vp_image_focal_point":[],"footnotes":""},"class_list":["post-450","page","type-page","status-publish","has-post-thumbnail","hentry"],"featured_image_urls_v2":{"full":["https:\/\/cents.lgs.lu\/wp-content\/uploads\/2017\/08\/Baden-powell.png",1501,1747,false],"thumbnail":["https:\/\/cents.lgs.lu\/wp-content\/uploads\/2017\/08\/Baden-powell.png",129,150,false],"medium":["https:\/\/cents.lgs.lu\/wp-content\/uploads\/2017\/08\/Baden-powell.png",258,300,false],"medium_large":["https:\/\/cents.lgs.lu\/wp-content\/uploads\/2017\/08\/Baden-powell.png",768,894,false],"large":["https:\/\/cents.lgs.lu\/wp-content\/uploads\/2017\/08\/Baden-powell.png",880,1024,false],"1536x1536":["https:\/\/cents.lgs.lu\/wp-content\/uploads\/2017\/08\/Baden-powell.png",1320,1536,false],"2048x2048":["https:\/\/cents.lgs.lu\/wp-content\/uploads\/2017\/08\/Baden-powell.png",1501,1747,false],"trp-custom-language-flag":["https:\/\/cents.lgs.lu\/wp-content\/uploads\/2017\/08\/Baden-powell.png",10,12,false],"vp_sm":["https:\/\/cents.lgs.lu\/wp-content\/uploads\/2017\/08\/Baden-powell.png",250,291,false],"vp_md":["https:\/\/cents.lgs.lu\/wp-content\/uploads\/2017\/08\/Baden-powell.png",800,931,false],"vp_lg":["https:\/\/cents.lgs.lu\/wp-content\/uploads\/2017\/08\/Baden-powell.png",1280,1490,false],"vp_xl":["https:\/\/cents.lgs.lu\/wp-content\/uploads\/2017\/08\/Baden-powell.png",1501,1747,false],"vp_sm_popup":["https:\/\/cents.lgs.lu\/wp-content\/uploads\/2017\/08\/Baden-powell.png",500,582,false],"vp_md_popup":["https:\/\/cents.lgs.lu\/wp-content\/uploads\/2017\/08\/Baden-powell.png",800,931,false],"vp_xl_popup":["https:\/\/cents.lgs.lu\/wp-content\/uploads\/2017\/08\/Baden-powell.png",1501,1747,false],"woocommerce_thumbnail":["https:\/\/cents.lgs.lu\/wp-content\/uploads\/2017\/08\/Baden-powell-300x300.png",300,300,true],"woocommerce_single":["https:\/\/cents.lgs.lu\/wp-content\/uploads\/2017\/08\/Baden-powell-600x698.png",600,698,true],"woocommerce_gallery_thumbnail":["https:\/\/cents.lgs.lu\/wp-content\/uploads\/2017\/08\/Baden-powell-100x100.png",100,100,true]},"post_excerpt_stackable_v2":"<p>(CHEF SCOUT VUN DER WELT) Den Robert Stephenson Smyth Baden-Powell (sou ass s\u00e4i vollst\u00e4nnegen Numm) ass den 22. Februar 1857 zu London an direkter Noperschaft vum Hyde Park gebuer. S\u00e4i Papp war en anglikanesche Geeschtlechen a Proff zu Oxford. Seng Mamm war Hausfra an huet de BP mat senge 6 Geschw\u00ebster groussgezunn. De Robert meeschtert seng Schoulz\u00e4it ouni gr\u00e9isser Problemer a konnt gudd Resultater opweisen. W\u00e4hrend senger Schoulz\u00e4it wousst hie laang net wat hie wollt maachen. Hien huet sech dunn an d\u00e9i englesch Arm\u00e9i gemellt, wou hien duerch s\u00e4in Asaatz an Engagement bis zum Generol-Inspekter vun der ganzer englescher Kavallerie&hellip;<\/p>\n","category_list_v2":"","author_info_v2":{"name":"Tom Schmit","url":"https:\/\/cents.lgs.lu\/en\/author\/tom-schmit\/"},"comments_num_v2":"0 comments","uagb_featured_image_src":{"full":["https:\/\/cents.lgs.lu\/wp-content\/uploads\/2017\/08\/Baden-powell.png",1501,1747,false],"thumbnail":["https:\/\/cents.lgs.lu\/wp-content\/uploads\/2017\/08\/Baden-powell.png",129,150,false],"medium":["https:\/\/cents.lgs.lu\/wp-content\/uploads\/2017\/08\/Baden-powell.png",258,300,false],"medium_large":["https:\/\/cents.lgs.lu\/wp-content\/uploads\/2017\/08\/Baden-powell.png",768,894,false],"large":["https:\/\/cents.lgs.lu\/wp-content\/uploads\/2017\/08\/Baden-powell.png",880,1024,false],"1536x1536":["https:\/\/cents.lgs.lu\/wp-content\/uploads\/2017\/08\/Baden-powell.png",1320,1536,false],"2048x2048":["https:\/\/cents.lgs.lu\/wp-content\/uploads\/2017\/08\/Baden-powell.png",1501,1747,false],"trp-custom-language-flag":["https:\/\/cents.lgs.lu\/wp-content\/uploads\/2017\/08\/Baden-powell.png",10,12,false],"vp_sm":["https:\/\/cents.lgs.lu\/wp-content\/uploads\/2017\/08\/Baden-powell.png",250,291,false],"vp_md":["https:\/\/cents.lgs.lu\/wp-content\/uploads\/2017\/08\/Baden-powell.png",800,931,false],"vp_lg":["https:\/\/cents.lgs.lu\/wp-content\/uploads\/2017\/08\/Baden-powell.png",1280,1490,false],"vp_xl":["https:\/\/cents.lgs.lu\/wp-content\/uploads\/2017\/08\/Baden-powell.png",1501,1747,false],"vp_sm_popup":["https:\/\/cents.lgs.lu\/wp-content\/uploads\/2017\/08\/Baden-powell.png",500,582,false],"vp_md_popup":["https:\/\/cents.lgs.lu\/wp-content\/uploads\/2017\/08\/Baden-powell.png",800,931,false],"vp_xl_popup":["https:\/\/cents.lgs.lu\/wp-content\/uploads\/2017\/08\/Baden-powell.png",1501,1747,false],"woocommerce_thumbnail":["https:\/\/cents.lgs.lu\/wp-content\/uploads\/2017\/08\/Baden-powell-300x300.png",300,300,true],"woocommerce_single":["https:\/\/cents.lgs.lu\/wp-content\/uploads\/2017\/08\/Baden-powell-600x698.png",600,698,true],"woocommerce_gallery_thumbnail":["https:\/\/cents.lgs.lu\/wp-content\/uploads\/2017\/08\/Baden-powell-100x100.png",100,100,true]},"uagb_author_info":{"display_name":"Tom Schmit","author_link":"https:\/\/cents.lgs.lu\/en\/author\/tom-schmit\/"},"uagb_comment_info":0,"uagb_excerpt":"(CHEF SCOUT VUN DER WELT) Den Robert Stephenson Smyth Baden-Powell (sou ass s\u00e4i vollst\u00e4nnegen Numm) ass den 22. Februar 1857 zu London an direkter Noperschaft vum Hyde Park gebuer. S\u00e4i Papp war en anglikanesche Geeschtlechen a Proff zu Oxford. Seng Mamm war Hausfra an huet de BP mat senge 6 Geschw\u00ebster groussgezunn. De Robert meeschtert&hellip;","jetpack_shortlink":"https:\/\/wp.me\/PenGAm-7g","jetpack_sharing_enabled":true,"_links":{"self":[{"href":"https:\/\/cents.lgs.lu\/en\/wp-json\/wp\/v2\/pages\/450","targetHints":{"allow":["GET"]}}],"collection":[{"href":"https:\/\/cents.lgs.lu\/en\/wp-json\/wp\/v2\/pages"}],"about":[{"href":"https:\/\/cents.lgs.lu\/en\/wp-json\/wp\/v2\/types\/page"}],"author":[{"embeddable":true,"href":"https:\/\/cents.lgs.lu\/en\/wp-json\/wp\/v2\/users\/2"}],"replies":[{"embeddable":true,"href":"https:\/\/cents.lgs.lu\/en\/wp-json\/wp\/v2\/comments?post=450"}],"version-history":[{"count":7,"href":"https:\/\/cents.lgs.lu\/en\/wp-json\/wp\/v2\/pages\/450\/revisions"}],"predecessor-version":[{"id":15747,"href":"https:\/\/cents.lgs.lu\/en\/wp-json\/wp\/v2\/pages\/450\/revisions\/15747"}],"up":[{"embeddable":true,"href":"https:\/\/cents.lgs.lu\/en\/wp-json\/wp\/v2\/pages\/433"}],"wp:featuredmedia":[{"embeddable":true,"href":"https:\/\/cents.lgs.lu\/en\/wp-json\/wp\/v2\/media\/465"}],"wp:attachment":[{"href":"https:\/\/cents.lgs.lu\/en\/wp-json\/wp\/v2\/media?parent=450"}],"curies":[{"name":"wp","href":"https:\/\/api.w.org\/{rel}","templated":true}]}}