{"id":438,"date":"2017-08-11T15:54:18","date_gmt":"2017-08-11T13:54:18","guid":{"rendered":"https:\/\/cents.lgs.lu\/?page_id=438"},"modified":"2025-06-14T18:31:21","modified_gmt":"2025-06-14T16:31:21","slug":"wou-si-mir","status":"publish","type":"page","link":"https:\/\/cents.lgs.lu\/en\/grupp\/wou-si-mir\/","title":{"rendered":"Where are we?"},"content":{"rendered":"<div class=\"wp-block-stackable-columns stk-block-columns stk-block stk-abb45a7\" data-block-id=\"abb45a7\"><div class=\"stk-row stk-inner-blocks stk-block-content stk-content-align stk-abb45a7-column\">\n<div class=\"wp-block-stackable-column stk-block-column stk-column stk-block stk-8d277c7\" data-v=\"4\" data-block-id=\"8d277c7\"><style>.stk-8d277c7-container{margin-top:15px !important;margin-right:15px !important;margin-bottom:15px !important;margin-left:15px !important;}<\/style><div class=\"stk-column-wrapper stk-block-column__content stk-container stk-8d277c7-container stk--no-background stk--no-padding\"><div class=\"stk-block-content stk-inner-blocks stk-8d277c7-inner-blocks\">\n<p class=\"translation-block\">You may find us at the far end of Cents; Next to the bus stop: \"Cents Waassertuerm\"<\/p>\n\n\n<div class=\"wp-block-image wp-image-470 size-large\">\n<figure class=\"aligncenter\"><img decoding=\"async\" data-src=\"https:\/\/cents.lgs.lu\/wp-content\/uploads\/2017\/08\/P1040050-1024x768.jpg\" alt=\"\" class=\"wp-image-470 lazyload\" src=\"data:image\/svg+xml;base64,PHN2ZyB3aWR0aD0iMSIgaGVpZ2h0PSIxIiB4bWxucz0iaHR0cDovL3d3dy53My5vcmcvMjAwMC9zdmciPjwvc3ZnPg==\" style=\"--smush-placeholder-width: 1024px; --smush-placeholder-aspect-ratio: 1024\/768;\" \/><figcaption class=\"wp-element-caption\">Junckerhaus<\/figcaption><\/figure>\n<\/div>\n\n<div class=\"wp-block-image wp-image-471 size-large\">\n<figure class=\"aligncenter\"><img decoding=\"async\" width=\"1024\" height=\"768\" data-src=\"https:\/\/cents.lgs.lu\/wp-content\/uploads\/2017\/08\/P1040059-1024x768.jpg\" alt=\"\" class=\"wp-image-471 lazyload\" data-srcset=\"https:\/\/cents.lgs.lu\/wp-content\/uploads\/2017\/08\/P1040059-1024x768.jpg 1024w, https:\/\/cents.lgs.lu\/wp-content\/uploads\/2017\/08\/P1040059-600x450.jpg 600w, https:\/\/cents.lgs.lu\/wp-content\/uploads\/2017\/08\/P1040059-300x225.jpg 300w, https:\/\/cents.lgs.lu\/wp-content\/uploads\/2017\/08\/P1040059-768x576.jpg 768w\" data-sizes=\"(max-width: 1024px) 100vw, 1024px\" src=\"data:image\/svg+xml;base64,PHN2ZyB3aWR0aD0iMSIgaGVpZ2h0PSIxIiB4bWxucz0iaHR0cDovL3d3dy53My5vcmcvMjAwMC9zdmciPjwvc3ZnPg==\" style=\"--smush-placeholder-width: 1024px; --smush-placeholder-aspect-ratio: 1024\/768;\" \/><figcaption class=\"wp-element-caption\">Franzenhaus (Annexe)<\/figcaption><\/figure>\n<\/div>\n\n\n<iframe data-src=\"https:\/\/www.google.com\/maps\/embed?pb=!1m18!1m12!1m3!1d4264.520595187748!2d6.181386998970738!3d49.620762150488005!2m3!1f0!2f0!3f0!3m2!1i1024!2i768!4f13.1!3m3!1m2!1s0x4795453c72d4190b%3A0x560d2b7678122fe2!2sLGS%20Cents!5e0!3m2!1sen!2sde!4v1609282909191!5m2!1sen!2sde\" width=\"600\" height=\"450\" frameborder=\"0\" style=\"border:0;\" allowfullscreen=\"\" aria-hidden=\"false\" tabindex=\"0\" src=\"data:image\/svg+xml;base64,PHN2ZyB3aWR0aD0iMSIgaGVpZ2h0PSIxIiB4bWxucz0iaHR0cDovL3d3dy53My5vcmcvMjAwMC9zdmciPjwvc3ZnPg==\" class=\"lazyload\" data-load-mode=\"1\"><\/iframe>\n<\/div><\/div><\/div>\n<\/div><\/div>","protected":false},"excerpt":{"rendered":"<p>Nach virun e puer Joer waren mir iwwert den ganzen Cents verstreet. Nodeems entscheet gouf&nbsp;aus der Prim\u00e4rschoul an dem schwaarzen Haus e groussen Site ze maachen&nbsp;an och d&#8217;Spillschoulsgebai vun der Gabrielle de Marie deemn\u00e4chst&nbsp;eng K\u00e9ier renov\u00e9iert soll ginn hu mir missten pl\u00ebnneren. S\u00e4it 2015 befannen sech all d&#8217;Branchen um Site vum Junckerhaus (153 Rue Cents, [&hellip;]<\/p>\n","protected":false},"author":2,"featured_media":470,"parent":433,"menu_order":0,"comment_status":"closed","ping_status":"closed","template":"","meta":{"_uag_custom_page_level_css":"","advanced_seo_description":"","jetpack_seo_html_title":"","jetpack_seo_noindex":false,"_vp_format_video_url":"","_vp_image_focal_point":[],"footnotes":""},"class_list":["post-438","page","type-page","status-publish","has-post-thumbnail","hentry"],"featured_image_urls_v2":{"full":["https:\/\/cents.lgs.lu\/wp-content\/uploads\/2017\/08\/P1040050-scaled.jpg",2560,1920,false],"thumbnail":["https:\/\/cents.lgs.lu\/wp-content\/uploads\/2017\/08\/P1040050-scaled.jpg",150,113,false],"medium":["https:\/\/cents.lgs.lu\/wp-content\/uploads\/2017\/08\/P1040050-scaled.jpg",300,225,false],"medium_large":["https:\/\/cents.lgs.lu\/wp-content\/uploads\/2017\/08\/P1040050-scaled.jpg",768,576,false],"large":["https:\/\/cents.lgs.lu\/wp-content\/uploads\/2017\/08\/P1040050-scaled.jpg",1024,768,false],"1536x1536":["https:\/\/cents.lgs.lu\/wp-content\/uploads\/2017\/08\/P1040050-scaled.jpg",1536,1152,false],"2048x2048":["https:\/\/cents.lgs.lu\/wp-content\/uploads\/2017\/08\/P1040050-scaled.jpg",2048,1536,false],"trp-custom-language-flag":["https:\/\/cents.lgs.lu\/wp-content\/uploads\/2017\/08\/P1040050-scaled.jpg",16,12,false],"vp_sm":["https:\/\/cents.lgs.lu\/wp-content\/uploads\/2017\/08\/P1040050-scaled.jpg",250,188,false],"vp_md":["https:\/\/cents.lgs.lu\/wp-content\/uploads\/2017\/08\/P1040050-scaled.jpg",800,600,false],"vp_lg":["https:\/\/cents.lgs.lu\/wp-content\/uploads\/2017\/08\/P1040050-scaled.jpg",1280,960,false],"vp_xl":["https:\/\/cents.lgs.lu\/wp-content\/uploads\/2017\/08\/P1040050-scaled.jpg",1920,1440,false],"vp_sm_popup":["https:\/\/cents.lgs.lu\/wp-content\/uploads\/2017\/08\/P1040050-scaled.jpg",500,375,false],"vp_md_popup":["https:\/\/cents.lgs.lu\/wp-content\/uploads\/2017\/08\/P1040050-scaled.jpg",800,600,false],"vp_xl_popup":["https:\/\/cents.lgs.lu\/wp-content\/uploads\/2017\/08\/P1040050-scaled.jpg",1920,1440,false],"woocommerce_thumbnail":["https:\/\/cents.lgs.lu\/wp-content\/uploads\/2017\/08\/P1040050-scaled-300x300.jpg",300,300,true],"woocommerce_single":["https:\/\/cents.lgs.lu\/wp-content\/uploads\/2017\/08\/P1040050-scaled-600x450.jpg",600,450,true],"woocommerce_gallery_thumbnail":["https:\/\/cents.lgs.lu\/wp-content\/uploads\/2017\/08\/P1040050-scaled-100x100.jpg",100,100,true]},"post_excerpt_stackable_v2":"<p>Nach virun e puer Joer waren mir iwwert den ganzen Cents verstreet. Nodeems entscheet gouf&nbsp;aus der Prim\u00e4rschoul an dem schwaarzen Haus e groussen Site ze maachen&nbsp;an och d&#8217;Spillschoulsgebai vun der Gabrielle de Marie deemn\u00e4chst&nbsp;eng K\u00e9ier renov\u00e9iert soll ginn hu mir missten pl\u00ebnneren. S\u00e4it 2015 befannen sech all d&#8217;Branchen um Site vum Junckerhaus (153 Rue Cents, 1319 Luxembourg). Hei kruten mir vun der Gemeng L\u00ebtzebuerg en neit Gebai&nbsp;erriicht&nbsp;vir dass och d&#8217;W\u00ebllef&nbsp;an d&#8217;Avex eng Platz&nbsp;hunn fir hier Versammlungen ofzehalen. Am Joer 2017 hu mir dunn och entscheet&nbsp;fir eis Scoutskiermes&nbsp;op d\u00ebsem Site ofzehalen. 2022 ass dunn och d&#8217; Buergbrennen heihinner gepl\u00ebnnert. Junckerhaus Franzenhaus&hellip;<\/p>\n","category_list_v2":"","author_info_v2":{"name":"Tom Schmit","url":"https:\/\/cents.lgs.lu\/en\/author\/tom-schmit\/"},"comments_num_v2":"0 comments","uagb_featured_image_src":{"full":["https:\/\/cents.lgs.lu\/wp-content\/uploads\/2017\/08\/P1040050-scaled.jpg",2560,1920,false],"thumbnail":["https:\/\/cents.lgs.lu\/wp-content\/uploads\/2017\/08\/P1040050-scaled.jpg",150,113,false],"medium":["https:\/\/cents.lgs.lu\/wp-content\/uploads\/2017\/08\/P1040050-scaled.jpg",300,225,false],"medium_large":["https:\/\/cents.lgs.lu\/wp-content\/uploads\/2017\/08\/P1040050-scaled.jpg",768,576,false],"large":["https:\/\/cents.lgs.lu\/wp-content\/uploads\/2017\/08\/P1040050-scaled.jpg",1024,768,false],"1536x1536":["https:\/\/cents.lgs.lu\/wp-content\/uploads\/2017\/08\/P1040050-scaled.jpg",1536,1152,false],"2048x2048":["https:\/\/cents.lgs.lu\/wp-content\/uploads\/2017\/08\/P1040050-scaled.jpg",2048,1536,false],"trp-custom-language-flag":["https:\/\/cents.lgs.lu\/wp-content\/uploads\/2017\/08\/P1040050-scaled.jpg",16,12,false],"vp_sm":["https:\/\/cents.lgs.lu\/wp-content\/uploads\/2017\/08\/P1040050-scaled.jpg",250,188,false],"vp_md":["https:\/\/cents.lgs.lu\/wp-content\/uploads\/2017\/08\/P1040050-scaled.jpg",800,600,false],"vp_lg":["https:\/\/cents.lgs.lu\/wp-content\/uploads\/2017\/08\/P1040050-scaled.jpg",1280,960,false],"vp_xl":["https:\/\/cents.lgs.lu\/wp-content\/uploads\/2017\/08\/P1040050-scaled.jpg",1920,1440,false],"vp_sm_popup":["https:\/\/cents.lgs.lu\/wp-content\/uploads\/2017\/08\/P1040050-scaled.jpg",500,375,false],"vp_md_popup":["https:\/\/cents.lgs.lu\/wp-content\/uploads\/2017\/08\/P1040050-scaled.jpg",800,600,false],"vp_xl_popup":["https:\/\/cents.lgs.lu\/wp-content\/uploads\/2017\/08\/P1040050-scaled.jpg",1920,1440,false],"woocommerce_thumbnail":["https:\/\/cents.lgs.lu\/wp-content\/uploads\/2017\/08\/P1040050-scaled-300x300.jpg",300,300,true],"woocommerce_single":["https:\/\/cents.lgs.lu\/wp-content\/uploads\/2017\/08\/P1040050-scaled-600x450.jpg",600,450,true],"woocommerce_gallery_thumbnail":["https:\/\/cents.lgs.lu\/wp-content\/uploads\/2017\/08\/P1040050-scaled-100x100.jpg",100,100,true]},"uagb_author_info":{"display_name":"Tom Schmit","author_link":"https:\/\/cents.lgs.lu\/en\/author\/tom-schmit\/"},"uagb_comment_info":0,"uagb_excerpt":"Nach virun e puer Joer waren mir iwwert den ganzen Cents verstreet. Nodeems entscheet gouf&nbsp;aus der Prim\u00e4rschoul an dem schwaarzen Haus e groussen Site ze maachen&nbsp;an och d&#8217;Spillschoulsgebai vun der Gabrielle de Marie deemn\u00e4chst&nbsp;eng K\u00e9ier renov\u00e9iert soll ginn hu mir missten pl\u00ebnneren. S\u00e4it 2015 befannen sech all d&#8217;Branchen um Site vum Junckerhaus (153 Rue Cents,&hellip;","jetpack_shortlink":"https:\/\/wp.me\/PenGAm-74","jetpack_sharing_enabled":true,"_links":{"self":[{"href":"https:\/\/cents.lgs.lu\/en\/wp-json\/wp\/v2\/pages\/438","targetHints":{"allow":["GET"]}}],"collection":[{"href":"https:\/\/cents.lgs.lu\/en\/wp-json\/wp\/v2\/pages"}],"about":[{"href":"https:\/\/cents.lgs.lu\/en\/wp-json\/wp\/v2\/types\/page"}],"author":[{"embeddable":true,"href":"https:\/\/cents.lgs.lu\/en\/wp-json\/wp\/v2\/users\/2"}],"replies":[{"embeddable":true,"href":"https:\/\/cents.lgs.lu\/en\/wp-json\/wp\/v2\/comments?post=438"}],"version-history":[{"count":12,"href":"https:\/\/cents.lgs.lu\/en\/wp-json\/wp\/v2\/pages\/438\/revisions"}],"predecessor-version":[{"id":15746,"href":"https:\/\/cents.lgs.lu\/en\/wp-json\/wp\/v2\/pages\/438\/revisions\/15746"}],"up":[{"embeddable":true,"href":"https:\/\/cents.lgs.lu\/en\/wp-json\/wp\/v2\/pages\/433"}],"wp:featuredmedia":[{"embeddable":true,"href":"https:\/\/cents.lgs.lu\/en\/wp-json\/wp\/v2\/media\/470"}],"wp:attachment":[{"href":"https:\/\/cents.lgs.lu\/en\/wp-json\/wp\/v2\/media?parent=438"}],"curies":[{"name":"wp","href":"https:\/\/api.w.org\/{rel}","templated":true}]}}