{"id":339,"date":"2017-08-09T11:46:06","date_gmt":"2017-08-09T09:46:06","guid":{"rendered":"https:\/\/cents.lgs.lu\/?page_id=339"},"modified":"2025-06-14T18:42:18","modified_gmt":"2025-06-14T16:42:18","slug":"registration","status":"publish","type":"page","link":"https:\/\/cents.lgs.lu\/en\/registration\/","title":{"rendered":"Ufro Account &#8211; Server"},"content":{"rendered":"<div class=\"wp-block-stackable-columns stk-block-columns stk-block stk-231e0da\" data-block-id=\"231e0da\"><div class=\"stk-row stk-inner-blocks stk-block-content stk-content-align stk-231e0da-column\">\n<div class=\"wp-block-stackable-column stk-block-column stk-column stk-block stk-e6e8739\" data-v=\"4\" data-block-id=\"e6e8739\"><style>.stk-e6e8739-container{margin-top:15px !important;margin-right:15px !important;margin-bottom:15px !important;margin-left:15px !important;}<\/style><div class=\"stk-column-wrapper stk-block-column__content stk-container stk-e6e8739-container stk--no-background stk--no-padding\"><div class=\"stk-block-content stk-inner-blocks stk-e6e8739-inner-blocks\">\n<div class=\"wp-block-uagb-container uagb-block-fb78ebe0 alignfull uagb-is-root-container\"><div class=\"uagb-container-inner-blocks-wrap\">\n<div class=\"wp-block-uagb-info-box uagb-block-67c78084 uagb-infobox__content-wrap  uagb-infobox-icon-above-title uagb-infobox-image-valign-top\"><div class=\"uagb-ifb-content\"><div class=\"uagb-ifb-title-wrap\"><\/div><p class=\"uagb-ifb-desc\">After you've sent your request, the account will be created manually by an admin.<br>As soon as an admin has created your account, you will receive an email with your login credentials.<br>If you haven't received anything after 3 days, please be sure to inform us at <a href=\"mailto:admins@cents.lgs.lu\">admins@cents.lgs.lu<\/a> <\/p><\/div><\/div>\n<\/div><\/div>\n\n\n\n<div style=\"height:44px\" aria-hidden=\"true\" class=\"wp-block-spacer\"><\/div>\n\n\n\n<div class=\"wp-block-uagb-container uagb-block-0e4ffb8d alignfull uagb-is-root-container\"><div class=\"uagb-container-inner-blocks-wrap\">\n<div class=\"forminator-guttenberg\"><div class=\"forminator-ui forminator-custom-form forminator-custom-form-10641 forminator-design--material  forminator_ajax\" data-forminator-render=\"0\" data-form=\"forminator-module-10641\" data-uid=\"69dd0503870c1\"><br\/><\/div><form\n\t\t\t\tid=\"forminator-module-10641\"\n\t\t\t\tclass=\"forminator-ui forminator-custom-form forminator-custom-form-10641 forminator-design--material  forminator_ajax\"\n\t\t\t\tmethod=\"post\"\n\t\t\t\tdata-forminator-render=\"0\"\n\t\t\t\tdata-form-id=\"10641\"\n\t\t\t\t data-color-option=\"default\" data-design=\"material\" data-grid=\"open\" style=\"display: none;\"\n\t\t\t\tdata-uid=\"69dd0503870c1\" action=\"\"\n\t\t\t><div role=\"alert\" aria-live=\"polite\" class=\"forminator-response-message forminator-error\" aria-hidden=\"true\"><\/div><div class=\"forminator-row\"><div id=\"name-1\" class=\"forminator-field-name forminator-col forminator-col-12\"><div class=\"forminator-row forminator-no-margin\" data-multiple=\"true\"><div class=\"forminator-col forminator-col-md-6\"><div class=\"forminator-field\"><label for=\"forminator-field-first-name-1_69dd0503870c1\" id=\"forminator-field-first-name-1_69dd0503870c1-label\" class=\"forminator-label\">first name <span class=\"forminator-required\">*<\/span><\/label><input type=\"text\" name=\"name-1-first-name\" placeholder=\"\" id=\"forminator-field-first-name-1_69dd0503870c1\" class=\"forminator-input\" aria-required=\"true\" data-multi=\"1\" autocomplete=\"given-name\" value=\"\" \/><\/div><\/div><div class=\"forminator-col forminator-col-md-6\"><div class=\"forminator-field\"><label for=\"forminator-field-last-name-1_69dd0503870c1\" id=\"forminator-field-last-name-1_69dd0503870c1-label\" class=\"forminator-label\">surname <span class=\"forminator-required\">*<\/span><\/label><input type=\"text\" name=\"name-1-last-name\" placeholder=\"\" id=\"forminator-field-last-name-1_69dd0503870c1\" class=\"forminator-input\" aria-required=\"true\" data-multi=\"1\" autocomplete=\"family-name\" value=\"\" \/><\/div><\/div><\/div><\/div><\/div><div class=\"forminator-row\"><div id=\"email-1\" class=\"forminator-field-email forminator-col forminator-col-12\"><div class=\"forminator-field\"><label for=\"forminator-field-email-1_69dd0503870c1\" id=\"forminator-field-email-1_69dd0503870c1-label\" class=\"forminator-label\">Email Address <span class=\"forminator-required\">*<\/span><\/label><input type=\"email\" name=\"email-1\" value=\"\" placeholder=\"\" id=\"forminator-field-email-1_69dd0503870c1\" class=\"forminator-input forminator-email--field\" data-required=\"1\" aria-required=\"true\" autocomplete=\"email\" \/><\/div><\/div><\/div><div class=\"forminator-row\"><div id=\"checkbox-1\" class=\"forminator-field-checkbox forminator-col forminator-col-12\"><div role=\"group\" class=\"forminator-field required\" aria-labelledby=\"forminator-checkbox-group-forminator-field-checkbox-1-69dd0503870c1-label\"><span id=\"forminator-checkbox-group-forminator-field-checkbox-1-69dd0503870c1-label\" class=\"forminator-label\">Role <span class=\"forminator-required\">*<\/span><\/span><label id=\"forminator-field-checkbox-1-1-69dd0503870c1-label\" for=\"forminator-field-checkbox-1-1-69dd0503870c1\" class=\"forminator-checkbox forminator-checkbox-inline\" title=\"Parent\"><input type=\"checkbox\" name=\"checkbox-1[]\" value=\"one\" id=\"forminator-field-checkbox-1-1-69dd0503870c1\" aria-labelledby=\"forminator-field-checkbox-1-1-69dd0503870c1-label\" data-calculation=\"0\"   data-hidden-behavior=\"zero\" aria-describedby=\"forminator-field-checkbox-1-69dd0503870c1-description\"\/><span class=\"forminator-checkbox-box\" aria-hidden=\"true\"><\/span><span class=\"forminator-checkbox-label\">Parent<\/span><\/label><label id=\"forminator-field-checkbox-1-2-69dd0503870c1-label\" for=\"forminator-field-checkbox-1-2-69dd0503870c1\" class=\"forminator-checkbox forminator-checkbox-inline\" title=\"Child\"><input type=\"checkbox\" name=\"checkbox-1[]\" value=\"two\" id=\"forminator-field-checkbox-1-2-69dd0503870c1\" aria-labelledby=\"forminator-field-checkbox-1-2-69dd0503870c1-label\" data-calculation=\"0\"   data-hidden-behavior=\"zero\" aria-describedby=\"forminator-field-checkbox-1-69dd0503870c1-description\"\/><span class=\"forminator-checkbox-box\" aria-hidden=\"true\"><\/span><span class=\"forminator-checkbox-label\">Child<\/span><\/label><label id=\"forminator-field-checkbox-1-3-69dd0503870c1-label\" for=\"forminator-field-checkbox-1-3-69dd0503870c1\" class=\"forminator-checkbox forminator-checkbox-inline\" title=\"Leaders\"><input type=\"checkbox\" name=\"checkbox-1[]\" value=\"Chef\" id=\"forminator-field-checkbox-1-3-69dd0503870c1\" aria-labelledby=\"forminator-field-checkbox-1-3-69dd0503870c1-label\" data-calculation=\"0\"   data-hidden-behavior=\"zero\" aria-describedby=\"forminator-field-checkbox-1-69dd0503870c1-description\"\/><span class=\"forminator-checkbox-box\" aria-hidden=\"true\"><\/span><span class=\"forminator-checkbox-label\">Leaders<\/span><\/label><label id=\"forminator-field-checkbox-1-4-69dd0503870c1-label\" for=\"forminator-field-checkbox-1-4-69dd0503870c1\" class=\"forminator-checkbox forminator-checkbox-inline\" title=\"Amicale\"><input type=\"checkbox\" name=\"checkbox-1[]\" value=\"Amicale\" id=\"forminator-field-checkbox-1-4-69dd0503870c1\" aria-labelledby=\"forminator-field-checkbox-1-4-69dd0503870c1-label\" data-calculation=\"0\"   data-hidden-behavior=\"zero\" aria-describedby=\"forminator-field-checkbox-1-69dd0503870c1-description\"\/><span class=\"forminator-checkbox-box\" aria-hidden=\"true\"><\/span><span class=\"forminator-checkbox-label\">Amicale<\/span><\/label><label id=\"forminator-field-checkbox-1-5-69dd0503870c1-label\" for=\"forminator-field-checkbox-1-5-69dd0503870c1\" class=\"forminator-checkbox forminator-checkbox-inline\" title=\"Mataabechter (volunteer helper)\"><input type=\"checkbox\" name=\"checkbox-1[]\" value=\"Mataabechter\" id=\"forminator-field-checkbox-1-5-69dd0503870c1\" aria-labelledby=\"forminator-field-checkbox-1-5-69dd0503870c1-label\" data-calculation=\"0\"   data-hidden-behavior=\"zero\" aria-describedby=\"forminator-field-checkbox-1-69dd0503870c1-description\"\/><span class=\"forminator-checkbox-box\" aria-hidden=\"true\"><\/span><span class=\"forminator-checkbox-label\">Mataabechter (volunteer helper)<\/span><\/label><span id=\"forminator-field-checkbox-1-69dd0503870c1-description\" class=\"forminator-description\">Choose every role that describes you<\/span><\/div><\/div><\/div><div class=\"forminator-row\"><div id=\"checkbox-2\" class=\"forminator-field-checkbox forminator-col forminator-col-12\"><div role=\"group\" class=\"forminator-field required\" aria-labelledby=\"forminator-checkbox-group-forminator-field-checkbox-2-69dd0503870c1-label\"><span id=\"forminator-checkbox-group-forminator-field-checkbox-2-69dd0503870c1-label\" class=\"forminator-label\">Section (leader) <span class=\"forminator-required\">*<\/span><\/span><label id=\"forminator-field-checkbox-2-1-69dd0503870c1-label\" for=\"forminator-field-checkbox-2-1-69dd0503870c1\" class=\"forminator-checkbox\" title=\"Biber-leader\"><input type=\"checkbox\" name=\"checkbox-2[]\" value=\"one\" id=\"forminator-field-checkbox-2-1-69dd0503870c1\" aria-labelledby=\"forminator-field-checkbox-2-1-69dd0503870c1-label\" data-calculation=\"0\"   data-hidden-behavior=\"zero\" aria-describedby=\"forminator-field-checkbox-2-69dd0503870c1-description\"\/><span class=\"forminator-checkbox-box\" aria-hidden=\"true\"><\/span><span class=\"forminator-checkbox-label\">Biber-leader<\/span><\/label><label id=\"forminator-field-checkbox-2-2-69dd0503870c1-label\" for=\"forminator-field-checkbox-2-2-69dd0503870c1\" class=\"forminator-checkbox\" title=\"Wellef-leader\"><input type=\"checkbox\" name=\"checkbox-2[]\" value=\"two\" id=\"forminator-field-checkbox-2-2-69dd0503870c1\" aria-labelledby=\"forminator-field-checkbox-2-2-69dd0503870c1-label\" data-calculation=\"0\"   data-hidden-behavior=\"zero\" aria-describedby=\"forminator-field-checkbox-2-69dd0503870c1-description\"\/><span class=\"forminator-checkbox-box\" aria-hidden=\"true\"><\/span><span class=\"forminator-checkbox-label\">Wellef-leader<\/span><\/label><label id=\"forminator-field-checkbox-2-3-69dd0503870c1-label\" for=\"forminator-field-checkbox-2-3-69dd0503870c1\" class=\"forminator-checkbox\" title=\"Avex-leader\"><input type=\"checkbox\" name=\"checkbox-2[]\" value=\"Avex\" id=\"forminator-field-checkbox-2-3-69dd0503870c1\" aria-labelledby=\"forminator-field-checkbox-2-3-69dd0503870c1-label\" data-calculation=\"0\"   data-hidden-behavior=\"zero\" aria-describedby=\"forminator-field-checkbox-2-69dd0503870c1-description\"\/><span class=\"forminator-checkbox-box\" aria-hidden=\"true\"><\/span><span class=\"forminator-checkbox-label\">Avex-leader<\/span><\/label><label id=\"forminator-field-checkbox-2-4-69dd0503870c1-label\" for=\"forminator-field-checkbox-2-4-69dd0503870c1\" class=\"forminator-checkbox\" title=\"CaraPio-leader\"><input type=\"checkbox\" name=\"checkbox-2[]\" value=\"CaraPio\" id=\"forminator-field-checkbox-2-4-69dd0503870c1\" aria-labelledby=\"forminator-field-checkbox-2-4-69dd0503870c1-label\" data-calculation=\"0\"   data-hidden-behavior=\"zero\" aria-describedby=\"forminator-field-checkbox-2-69dd0503870c1-description\"\/><span class=\"forminator-checkbox-box\" aria-hidden=\"true\"><\/span><span class=\"forminator-checkbox-label\">CaraPio-leader<\/span><\/label><label id=\"forminator-field-checkbox-2-5-69dd0503870c1-label\" for=\"forminator-field-checkbox-2-5-69dd0503870c1\" class=\"forminator-checkbox\" title=\"RaRo-leader\"><input type=\"checkbox\" name=\"checkbox-2[]\" value=\"RaRo\" id=\"forminator-field-checkbox-2-5-69dd0503870c1\" aria-labelledby=\"forminator-field-checkbox-2-5-69dd0503870c1-label\" data-calculation=\"0\"   data-hidden-behavior=\"zero\" aria-describedby=\"forminator-field-checkbox-2-69dd0503870c1-description\"\/><span class=\"forminator-checkbox-box\" aria-hidden=\"true\"><\/span><span class=\"forminator-checkbox-label\">RaRo-leader<\/span><\/label><span id=\"forminator-field-checkbox-2-69dd0503870c1-description\" class=\"forminator-description\">The section you are currently a leader in<\/span><\/div><\/div><\/div><div class=\"forminator-row\"><div id=\"select-1\" class=\"forminator-field-select forminator-col forminator-col-12\"><div class=\"forminator-field\"><label for=\"forminator-form-10641__field--select-1_69dd0503870c1\" id=\"forminator-form-10641__field--select-1_69dd0503870c1-label\" class=\"forminator-label\">Section <span class=\"forminator-required\">*<\/span><\/label><select  id=\"forminator-form-10641__field--select-1_69dd0503870c1\" class=\"forminator-select--field forminator-select2 forminator-select2-multiple\" data-required=\"1\" name=\"select-1\" data-default-value=\"\" data-hidden-behavior=\"zero\" data-placeholder=\"Wiel deng Branche aus\" data-search=\"false\" data-search-placeholder=\"Wiel deng Branche aus\" data-checkbox=\"false\" data-allow-clear=\"false\" aria-labelledby=\"forminator-form-10641__field--select-1_69dd0503870c1-label\" aria-describedby=\"forminator-form-10641__field--select-1_69dd0503870c1-description\"><option value=\"\"  >Choose your section<\/option><option value=\"biber\"  data-calculation=\"0\">Biber<\/option><option value=\"wellef\"  data-calculation=\"0\">Wellef<\/option><option value=\"avex\"  data-calculation=\"0\">Avex<\/option><option value=\"CaraPio\"  data-calculation=\"0\">CaraPio<\/option><option value=\"RaRo\"  data-calculation=\"0\">RaRo<\/option><\/select><span id=\"forminator-form-10641__field--select-1_69dd0503870c1-description\" class=\"forminator-description\">The section you're currently part of<\/span><\/div><\/div><\/div><div class=\"forminator-row\"><div id=\"group-1\" class=\"forminator-field-group forminator-col forminator-col-12\"><label class=\"forminator-label forminator-repeater-label\">My children<\/label><span class=\"forminator-description forminator-repeater-description\">please list all of your children that are currently members of our group<\/span><div class=\"forminator-all-group-copies forminator-repeater-field\"><div class=\"forminator-grouped-fields\" data-options=\"{&quot;is_repeater&quot;:true,&quot;min_type&quot;:&quot;custom&quot;,&quot;max_type&quot;:&quot;custom&quot;,&quot;min&quot;:1,&quot;max&quot;:10,&quot;add_text&quot;:&quot;Add item&quot;,&quot;remove_text&quot;:&quot;Remove item&quot;,&quot;action_element_type&quot;:&quot;icon&quot;}\"><div class=\"forminator-row\"><div id=\"name-2\" class=\"forminator-field-name forminator-col forminator-col-6\"><div class=\"forminator-row forminator-no-margin\" data-multiple=\"true\"><div class=\"forminator-col forminator-col-md-6\"><div class=\"forminator-field\"><label for=\"forminator-field-first-name-2_69dd0503870c1\" id=\"forminator-field-first-name-2_69dd0503870c1-label\" class=\"forminator-label\">first name <span class=\"forminator-required\">*<\/span><\/label><input type=\"text\" name=\"name-2-first-name\" placeholder=\"\" id=\"forminator-field-first-name-2_69dd0503870c1\" class=\"forminator-input\" aria-required=\"true\" data-multi=\"1\" autocomplete=\"given-name\" value=\"\" \/><\/div><\/div><div class=\"forminator-col forminator-col-md-6\"><div class=\"forminator-field\"><label for=\"forminator-field-last-name-2_69dd0503870c1\" id=\"forminator-field-last-name-2_69dd0503870c1-label\" class=\"forminator-label\">surname <span class=\"forminator-required\">*<\/span><\/label><input type=\"text\" name=\"name-2-last-name\" placeholder=\"\" id=\"forminator-field-last-name-2_69dd0503870c1\" class=\"forminator-input\" aria-required=\"true\" data-multi=\"1\" autocomplete=\"family-name\" value=\"\" \/><\/div><\/div><\/div><\/div><div id=\"select-2\" class=\"forminator-field-select forminator-col forminator-col-6\"><div class=\"forminator-field\"><label for=\"forminator-form-10641__field--select-2_69dd0503870c1\" id=\"forminator-form-10641__field--select-2_69dd0503870c1-label\" class=\"forminator-label\">Section <span class=\"forminator-required\">*<\/span><\/label><select  id=\"forminator-form-10641__field--select-2_69dd0503870c1\" class=\"forminator-select--field forminator-select2 forminator-select2-multiple\" data-required=\"1\" name=\"select-2\" data-default-value=\"\" data-hidden-behavior=\"zero\" data-placeholder=\"Please select an option\" data-search=\"false\" data-search-placeholder=\"Please select an option\" data-checkbox=\"false\" data-allow-clear=\"false\" aria-labelledby=\"forminator-form-10641__field--select-2_69dd0503870c1-label\"><option value=\"\"  >Please select an option<\/option><option value=\"Biber\"  data-calculation=\"0\">Biber<\/option><option value=\"Wellef\"  data-calculation=\"0\">Wellef<\/option><option value=\"Avex\"  data-calculation=\"0\">Avex<\/option><option value=\"CaraPio\"  data-calculation=\"0\">CaraPio<\/option><option value=\"RaRo\"  data-calculation=\"0\">RaRo<\/option><\/select><\/div><\/div><\/div><div class=\"forminator-row forminator-action-buttons\"><div class=\"forminator-col forminator-col-12\"><button class=\"forminator-repeater-action-icon forminator-repeater-add\"><span class=\"forminator-icon-add\" aria-hidden=\"true\"><\/span><span class=\"sui-screen-reader-text\">Add item<\/span><\/button><button class=\"forminator-repeater-action-icon forminator-repeater-remove\"><span class=\"forminator-icon-remove\" aria-hidden=\"true\"><\/span><span class=\"sui-screen-reader-text\">Remove item<\/span><\/button><\/div><\/div><\/div><\/div><\/div><\/div><div class=\"forminator-row\"><div id=\"group-2\" class=\"forminator-field-group forminator-col forminator-col-12\"><label class=\"forminator-label forminator-repeater-label\">Languages<\/label><span class=\"forminator-description forminator-repeater-description\">Please choose every language you can understand among the list. We are mainly interested in your reading comprehension for e-mails...<\/span><div class=\"forminator-all-group-copies forminator-repeater-field\"><div class=\"forminator-grouped-fields\" data-options=\"{&quot;is_repeater&quot;:true,&quot;min_type&quot;:&quot;custom&quot;,&quot;max_type&quot;:&quot;custom&quot;,&quot;min&quot;:1,&quot;max&quot;:4,&quot;add_text&quot;:&quot;+ Sprooch dob\\u00e4i setzen\\u200b&quot;,&quot;remove_text&quot;:&quot;- Sprooch ewech huelen&quot;,&quot;action_element_type&quot;:&quot;button&quot;}\"><div class=\"forminator-row\"><div id=\"select-3\" class=\"forminator-field-select forminator-col forminator-col-12\"><div class=\"forminator-field\"><label for=\"forminator-form-10641__field--select-3_69dd0503870c1\" id=\"forminator-form-10641__field--select-3_69dd0503870c1-label\" class=\"forminator-label\">Choose a language<\/label><select  id=\"forminator-form-10641__field--select-3_69dd0503870c1\" class=\"forminator-select--field forminator-select2 forminator-select2-multiple\" data-required=\"\" name=\"select-3\" data-default-value=\"\" data-hidden-behavior=\"zero\" data-placeholder=\"\" data-search=\"false\" data-search-placeholder=\"\" data-checkbox=\"false\" data-allow-clear=\"false\" aria-labelledby=\"forminator-form-10641__field--select-3_69dd0503870c1-label\"><option value=\"one\"  data-calculation=\"0\">L\u00ebtzebuergesch<\/option><option value=\"two\"  data-calculation=\"0\">English<\/option><option value=\"Deutsch\"  data-calculation=\"0\">Deutsch<\/option><option value=\"Fran\u00e7ais\"  data-calculation=\"0\">Fran\u00e7ais<\/option><\/select><\/div><\/div><\/div><div class=\"forminator-row\"><div id=\"radio-1\" class=\"forminator-field-radio forminator-col forminator-col-12\"><div role=\"radiogroup\" class=\"forminator-field\" aria-labelledby=\"forminator-radiogroup-radio-1-69dd0503870c1-label\"><label id=\"forminator-field-radio-1-label-1\" for=\"forminator-field-radio-1-1-69dd0503870c1\" class=\"forminator-radio\" title=\"Mother tongue or equivalent\"><input type=\"radio\" name=\"radio-1\" value=\"C\" id=\"forminator-field-radio-1-1-69dd0503870c1\" aria-labelledby=\"forminator-field-radio-1-label-1\" data-calculation=\"0\"   data-hidden-behavior=\"zero\"\/><span class=\"forminator-radio-bullet\" aria-hidden=\"true\"><\/span><span class=\"forminator-radio-label\">Mother tongue or equivalent<\/span><\/label><label id=\"forminator-field-radio-1-label-2\" for=\"forminator-field-radio-1-2-69dd0503870c1\" class=\"forminator-radio\" title=\"I understand it well enough\"><input type=\"radio\" name=\"radio-1\" value=\"B\" id=\"forminator-field-radio-1-2-69dd0503870c1\" aria-labelledby=\"forminator-field-radio-1-label-2\" data-calculation=\"0\"   data-hidden-behavior=\"zero\"\/><span class=\"forminator-radio-bullet\" aria-hidden=\"true\"><\/span><span class=\"forminator-radio-label\">I understand it well enough<\/span><\/label><label id=\"forminator-field-radio-1-label-3\" for=\"forminator-field-radio-1-3-69dd0503870c1\" class=\"forminator-radio\" title=\"I have some difficulties\"><input type=\"radio\" name=\"radio-1\" value=\"A\" id=\"forminator-field-radio-1-3-69dd0503870c1\" aria-labelledby=\"forminator-field-radio-1-label-3\" data-calculation=\"0\"   data-hidden-behavior=\"zero\"\/><span class=\"forminator-radio-bullet\" aria-hidden=\"true\"><\/span><span class=\"forminator-radio-label\">I have some difficulties<\/span><\/label><\/div><\/div><\/div><div class=\"forminator-row forminator-action-buttons\"><div class=\"forminator-col forminator-col-12\"><input type=\"button\" value=\"+ add a language\" class=\"forminator-repeater-action-button forminator-repeater-add\" \/><input type=\"button\" value=\"- remove a language\" class=\"forminator-repeater-action-button forminator-repeater-remove\" \/><\/div><\/div><\/div><\/div><\/div><\/div><div class=\"forminator-row\"><div id=\"textarea-1\" class=\"forminator-field-textarea forminator-col forminator-col-12\"><div class=\"forminator-field\"><label for=\"forminator-field-textarea-1_69dd0503870c1\" id=\"forminator-field-textarea-1_69dd0503870c1-label\" class=\"forminator-label\">Further comments<\/label><textarea name=\"textarea-1\" placeholder=\"\" id=\"forminator-field-textarea-1_69dd0503870c1\" class=\"forminator-textarea\" rows=\"6\" style=\"min-height:140px;\" ><\/textarea><\/div><\/div><\/div><input type=\"hidden\" name=\"referer_url\" value=\"\" \/><div class=\"forminator-row forminator-row-last\"><div class=\"forminator-col\"><div class=\"forminator-field\"><button class=\"forminator-button forminator-button-submit\"><span>send request<\/span><span aria-hidden=\"true\"><\/span><\/button><\/div><\/div><\/div><input type=\"hidden\" id=\"forminator_nonce\" name=\"forminator_nonce\" value=\"778ee18d14\" \/><input type=\"hidden\" name=\"_wp_http_referer\" value=\"\/en\/wp-json\/wp\/v2\/pages\/339\" \/><input type=\"hidden\" name=\"form_id\" value=\"10641\"><input type=\"hidden\" name=\"page_id\" value=\"339\"><input type=\"hidden\" name=\"form_type\" value=\"default\"><input type=\"hidden\" name=\"current_url\" value=\"https:\/\/cents.lgs.lu\/en\/registration\/\"><input type=\"hidden\" name=\"render_id\" value=\"0\"><input type=\"hidden\" name=\"action\" value=\"forminator_submit_form_custom-forms\"><input type=\"hidden\" name=\"trp-form-language\" value=\"en\"\/><\/form><\/div>\n<\/div><\/div>\n<\/div><\/div><\/div>\n<\/div><\/div>","protected":false},"excerpt":{"rendered":"","protected":false},"author":2,"featured_media":0,"parent":0,"menu_order":0,"comment_status":"closed","ping_status":"closed","template":"","meta":{"_uag_custom_page_level_css":"","advanced_seo_description":"","jetpack_seo_html_title":"","jetpack_seo_noindex":false,"_vp_format_video_url":"","_vp_image_focal_point":[],"footnotes":""},"class_list":["post-339","page","type-page","status-publish","hentry"],"featured_image_urls_v2":{"full":"","thumbnail":"","medium":"","medium_large":"","large":"","1536x1536":"","2048x2048":"","trp-custom-language-flag":"","vp_sm":"","vp_md":"","vp_lg":"","vp_xl":"","vp_sm_popup":"","vp_md_popup":"","vp_xl_popup":"","woocommerce_thumbnail":"","woocommerce_single":"","woocommerce_gallery_thumbnail":""},"post_excerpt_stackable_v2":"<p>Nodeems du d\u00ebsen Formulaire ofsch\u00e9cks, mussen d&#8217; Admins d\u00e4in Account bis erstellen.Soubal d\u00e4in Account erstallt gouf, kriss du eng E-Mail, mat denge Login Daten.Falls du no m\u00e9i w\u00e9i 3 Deeg nach \u00ebmmer n\u00e4ischt krus, da maach w.e.g. eng Email un admins@cents.lgs.lu Virnumm *Nonumm *Email Address *Roll *ElterendeelKandChefAmicaleMataabechterWiel alles aus, wat dech beschreiftBranche (chef) *Biber-chefWellef-chefAvex-chefCaraPio-chefRaRo-chefD\u00e9i Branche(n) an d\u00e4r s&#8217; du grad chef bassBranche *Wiel deng Branche ausBiberWellefAvexCaraPioRaRoD\u00e9i Branche an d\u00e4r s&#8217; du grad bassMeng KannerGidd all \u00e4er Kanner un, d\u00e9i aktuell bei eis am Grupp sinn.Virnumm *Nonumm *Branche *Please select an optionBiberWellefAvexCaraPioRaRoAdd itemRemove itemSproochenGitt w.e.g. u w\u00e9i eng Sproochen dir w\u00e9i&hellip;<\/p>\n","category_list_v2":"","author_info_v2":{"name":"Tom Schmit","url":"https:\/\/cents.lgs.lu\/en\/author\/tom-schmit\/"},"comments_num_v2":"0 comments","uagb_featured_image_src":{"full":false,"thumbnail":false,"medium":false,"medium_large":false,"large":false,"1536x1536":false,"2048x2048":false,"trp-custom-language-flag":false,"vp_sm":false,"vp_md":false,"vp_lg":false,"vp_xl":false,"vp_sm_popup":false,"vp_md_popup":false,"vp_xl_popup":false,"woocommerce_thumbnail":false,"woocommerce_single":false,"woocommerce_gallery_thumbnail":false},"uagb_author_info":{"display_name":"Tom Schmit","author_link":"https:\/\/cents.lgs.lu\/en\/author\/tom-schmit\/"},"uagb_comment_info":0,"uagb_excerpt":null,"jetpack_shortlink":"https:\/\/wp.me\/PenGAm-5t","jetpack_sharing_enabled":true,"_links":{"self":[{"href":"https:\/\/cents.lgs.lu\/en\/wp-json\/wp\/v2\/pages\/339","targetHints":{"allow":["GET"]}}],"collection":[{"href":"https:\/\/cents.lgs.lu\/en\/wp-json\/wp\/v2\/pages"}],"about":[{"href":"https:\/\/cents.lgs.lu\/en\/wp-json\/wp\/v2\/types\/page"}],"author":[{"embeddable":true,"href":"https:\/\/cents.lgs.lu\/en\/wp-json\/wp\/v2\/users\/2"}],"replies":[{"embeddable":true,"href":"https:\/\/cents.lgs.lu\/en\/wp-json\/wp\/v2\/comments?post=339"}],"version-history":[{"count":22,"href":"https:\/\/cents.lgs.lu\/en\/wp-json\/wp\/v2\/pages\/339\/revisions"}],"predecessor-version":[{"id":15762,"href":"https:\/\/cents.lgs.lu\/en\/wp-json\/wp\/v2\/pages\/339\/revisions\/15762"}],"wp:attachment":[{"href":"https:\/\/cents.lgs.lu\/en\/wp-json\/wp\/v2\/media?parent=339"}],"curies":[{"name":"wp","href":"https:\/\/api.w.org\/{rel}","templated":true}]}}