{"id":2655,"date":"2020-12-29T23:40:20","date_gmt":"2020-12-29T22:40:20","guid":{"rendered":"https:\/\/cents.lgs.lu\/?page_id=2655"},"modified":"2025-06-14T18:37:10","modified_gmt":"2025-06-14T16:37:10","slug":"patrullen","status":"publish","type":"page","link":"https:\/\/cents.lgs.lu\/en\/branchen\/avex\/patrullen\/","title":{"rendered":"Patrols"},"content":{"rendered":"<div class=\"wp-block-stackable-columns stk-block-columns stk-block stk-961fceb\" data-block-id=\"961fceb\"><div class=\"stk-row stk-inner-blocks stk-block-content stk-content-align stk-961fceb-column\">\n<div class=\"wp-block-stackable-column stk-block-column stk-column stk-block stk-5669324\" data-v=\"4\" data-block-id=\"5669324\"><style>.stk-5669324-container{margin-top:15px !important;margin-right:15px !important;margin-bottom:15px !important;margin-left:15px !important;}<\/style><div class=\"stk-column-wrapper stk-block-column__content stk-container stk-5669324-container stk--no-background stk--no-padding\"><div class=\"stk-block-content stk-inner-blocks stk-5669324-inner-blocks\">\n<div class=\"wp-block-columns are-vertically-aligned-center is-layout-flex wp-container-core-columns-is-layout-9d6595d7 wp-block-columns-is-layout-flex\">\n<div class=\"wp-block-column is-vertically-aligned-center is-layout-flow wp-block-column-is-layout-flow\">\n<figure class=\"wp-block-image size-large\"><img decoding=\"async\" width=\"732\" height=\"512\" data-src=\"https:\/\/cents.lgs.lu\/wp-content\/uploads\/2020\/12\/Patrullen.png\" alt=\"\" class=\"wp-image-2656 lazyload\" data-srcset=\"https:\/\/cents.lgs.lu\/wp-content\/uploads\/2020\/12\/Patrullen.png 732w, https:\/\/cents.lgs.lu\/wp-content\/uploads\/2020\/12\/Patrullen-600x420.png 600w, https:\/\/cents.lgs.lu\/wp-content\/uploads\/2020\/12\/Patrullen-300x210.png 300w\" data-sizes=\"(max-width: 732px) 100vw, 732px\" src=\"data:image\/svg+xml;base64,PHN2ZyB3aWR0aD0iMSIgaGVpZ2h0PSIxIiB4bWxucz0iaHR0cDovL3d3dy53My5vcmcvMjAwMC9zdmciPjwvc3ZnPg==\" style=\"--smush-placeholder-width: 732px; --smush-placeholder-aspect-ratio: 732\/512;\" \/><\/figure>\n<\/div>\n\n\n\n<div class=\"wp-block-column is-vertically-aligned-center is-layout-flow wp-block-column-is-layout-flow\">\n<p class=\"has-text-align-left\" style=\"font-size:18px\">W\u00e4rend de Versammlungen a Campen, ginn d\u2019Avex meeschtens&nbsp;a Patrullen agedeelt. D\u00ebst sinn an der Reegel Gruppe vu 4-7 Avex. Um Camp hunn des&nbsp;Patrullen, dann nach eng m\u00e9i grouss Bedeitung. Hei g\u00ebtt net just an de Patrulle                           gespillt, mee och gelieft. Esou kacht, \u00ebsst a spullt all Patrull \u00ebnnert hirem&nbsp;eegenen Iwwerdag.<\/p>\n\n\n\n<p class=\"has-text-align-left\" style=\"font-size:18px\">Och l\u00e9ieren d\u2019Avex hei Verantwortung ze iwwerhuelen. All Patrull huet ee Patrullechef, an een Patrullesecond. D\u00ebst sinn meeschtens&nbsp;Avex aus dem 3. Joer, d\u00e9i hier Erfarung&nbsp;un d\u00e9i aner&nbsp;Avex weiderginn, an dofir&nbsp;Suergen, dass d\u2019Patrull zesummenh\u00e4lt, a jiddereen&nbsp;s\u00e4in Deel zur Patrull b\u00e4idr\u00e9it. Um Summercamp iwwerh\u00eblt&nbsp;all Avex an der Patrull nach d\u2019Verantwortung vun enger weiderer Charge, w\u00e9i z.B dofir ze suergen, dass zu all Moment genuch Feierholz zur Verf\u00fcgung&nbsp;steet.<\/p>\n<\/div>\n<\/div>\n\n\n\n<div class=\"wp-block-group\"><div class=\"wp-block-group__inner-container is-layout-constrained wp-block-group-is-layout-constrained\">\n<div style=\"height:40px\" aria-hidden=\"true\" class=\"wp-block-spacer\"><\/div>\n\n\n\n<div class=\"wp-block-columns is-not-stacked-on-mobile is-layout-flex wp-container-core-columns-is-layout-9d6595d7 wp-block-columns-is-layout-flex\">\n<div class=\"wp-block-column is-layout-flow wp-block-column-is-layout-flow\">\n<div class=\"wp-block-buttons is-layout-flex wp-block-buttons-is-layout-flex\">\n<div class=\"wp-block-button\"><a class=\"wp-block-button__link wp-element-button\" href=\"https:\/\/cents.lgs.lu\/en\/branchen\/avex\/avex_method_matbestemmung\/\">&lt;&#8211; Matbest\u00ebmmung<\/a><\/div>\n<\/div>\n<\/div>\n\n\n\n<div class=\"wp-block-column is-layout-flow wp-block-column-is-layout-flow\">\n<div class=\"wp-block-buttons is-content-justification-right is-layout-flex wp-container-core-buttons-is-layout-765c4724 wp-block-buttons-is-layout-flex\">\n<div class=\"wp-block-button\"><a class=\"wp-block-button__link wp-element-button\" href=\"https:\/\/cents.lgs.lu\/en\/branchen\/avex\/scoutstechniken\/\">Scoutstechnicken &#8211;&gt;<\/a><\/div>\n<\/div>\n<\/div>\n<\/div>\n<\/div><\/div>\n<\/div><\/div><\/div>\n<\/div><\/div>","protected":false},"excerpt":{"rendered":"<p>W\u00e4rend de Versammlungen a Campen, ginn d\u2019Avex meeschtens&nbsp;a Patrullen agedeelt. D\u00ebst sinn an der Reegel Gruppe vu 4-7 Avex. Um Camp hunn des&nbsp;Patrullen, dann nach eng m\u00e9i grouss Bedeitung. Hei g\u00ebtt net just an de Patrulle gespillt, mee och gelieft. Esou kacht, \u00ebsst a spullt all Patrull \u00ebnnert hirem&nbsp;eegenen Iwwerdag. Och l\u00e9ieren d\u2019Avex hei Verantwortung [&hellip;]<\/p>\n","protected":false},"author":2,"featured_media":2656,"parent":19,"menu_order":0,"comment_status":"closed","ping_status":"closed","template":"","meta":{"_uag_custom_page_level_css":"","advanced_seo_description":"","jetpack_seo_html_title":"","jetpack_seo_noindex":false,"_vp_format_video_url":"","_vp_image_focal_point":[],"footnotes":""},"class_list":["post-2655","page","type-page","status-publish","has-post-thumbnail","hentry"],"featured_image_urls_v2":{"full":["https:\/\/cents.lgs.lu\/wp-content\/uploads\/2020\/12\/Patrullen.png",732,512,false],"thumbnail":["https:\/\/cents.lgs.lu\/wp-content\/uploads\/2020\/12\/Patrullen-150x150.png",150,150,true],"medium":["https:\/\/cents.lgs.lu\/wp-content\/uploads\/2020\/12\/Patrullen-300x210.png",300,210,true],"medium_large":["https:\/\/cents.lgs.lu\/wp-content\/uploads\/2020\/12\/Patrullen.png",732,512,false],"large":["https:\/\/cents.lgs.lu\/wp-content\/uploads\/2020\/12\/Patrullen.png",732,512,false],"1536x1536":["https:\/\/cents.lgs.lu\/wp-content\/uploads\/2020\/12\/Patrullen.png",732,512,false],"2048x2048":["https:\/\/cents.lgs.lu\/wp-content\/uploads\/2020\/12\/Patrullen.png",732,512,false],"trp-custom-language-flag":["https:\/\/cents.lgs.lu\/wp-content\/uploads\/2020\/12\/Patrullen.png",18,12,false],"vp_sm":["https:\/\/cents.lgs.lu\/wp-content\/uploads\/2020\/12\/Patrullen.png",250,175,false],"vp_md":["https:\/\/cents.lgs.lu\/wp-content\/uploads\/2020\/12\/Patrullen.png",732,512,false],"vp_lg":["https:\/\/cents.lgs.lu\/wp-content\/uploads\/2020\/12\/Patrullen.png",732,512,false],"vp_xl":["https:\/\/cents.lgs.lu\/wp-content\/uploads\/2020\/12\/Patrullen.png",732,512,false],"vp_sm_popup":["https:\/\/cents.lgs.lu\/wp-content\/uploads\/2020\/12\/Patrullen.png",500,350,false],"vp_md_popup":["https:\/\/cents.lgs.lu\/wp-content\/uploads\/2020\/12\/Patrullen.png",732,512,false],"vp_xl_popup":["https:\/\/cents.lgs.lu\/wp-content\/uploads\/2020\/12\/Patrullen.png",732,512,false],"woocommerce_thumbnail":["https:\/\/cents.lgs.lu\/wp-content\/uploads\/2020\/12\/Patrullen-300x300.png",300,300,true],"woocommerce_single":["https:\/\/cents.lgs.lu\/wp-content\/uploads\/2020\/12\/Patrullen-600x420.png",600,420,true],"woocommerce_gallery_thumbnail":["https:\/\/cents.lgs.lu\/wp-content\/uploads\/2020\/12\/Patrullen-100x100.png",100,100,true]},"post_excerpt_stackable_v2":"<p>W\u00e4rend de Versammlungen a Campen, ginn d\u2019Avex meeschtens&nbsp;a Patrullen agedeelt. D\u00ebst sinn an der Reegel Gruppe vu 4-7 Avex. Um Camp hunn des&nbsp;Patrullen, dann nach eng m\u00e9i grouss Bedeitung. Hei g\u00ebtt net just an de Patrulle gespillt, mee och gelieft. Esou kacht, \u00ebsst a spullt all Patrull \u00ebnnert hirem&nbsp;eegenen Iwwerdag. Och l\u00e9ieren d\u2019Avex hei Verantwortung ze iwwerhuelen. All Patrull huet ee Patrullechef, an een Patrullesecond. D\u00ebst sinn meeschtens&nbsp;Avex aus dem 3. Joer, d\u00e9i hier Erfarung&nbsp;un d\u00e9i aner&nbsp;Avex weiderginn, an dofir&nbsp;Suergen, dass d\u2019Patrull zesummenh\u00e4lt, a jiddereen&nbsp;s\u00e4in Deel zur Patrull b\u00e4idr\u00e9it. Um Summercamp iwwerh\u00eblt&nbsp;all Avex an der Patrull nach d\u2019Verantwortung vun enger&hellip;<\/p>\n","category_list_v2":"","author_info_v2":{"name":"Tom Schmit","url":"https:\/\/cents.lgs.lu\/en\/author\/tom-schmit\/"},"comments_num_v2":"0 comments","uagb_featured_image_src":{"full":["https:\/\/cents.lgs.lu\/wp-content\/uploads\/2020\/12\/Patrullen.png",732,512,false],"thumbnail":["https:\/\/cents.lgs.lu\/wp-content\/uploads\/2020\/12\/Patrullen-150x150.png",150,150,true],"medium":["https:\/\/cents.lgs.lu\/wp-content\/uploads\/2020\/12\/Patrullen-300x210.png",300,210,true],"medium_large":["https:\/\/cents.lgs.lu\/wp-content\/uploads\/2020\/12\/Patrullen.png",732,512,false],"large":["https:\/\/cents.lgs.lu\/wp-content\/uploads\/2020\/12\/Patrullen.png",732,512,false],"1536x1536":["https:\/\/cents.lgs.lu\/wp-content\/uploads\/2020\/12\/Patrullen.png",732,512,false],"2048x2048":["https:\/\/cents.lgs.lu\/wp-content\/uploads\/2020\/12\/Patrullen.png",732,512,false],"trp-custom-language-flag":["https:\/\/cents.lgs.lu\/wp-content\/uploads\/2020\/12\/Patrullen.png",18,12,false],"vp_sm":["https:\/\/cents.lgs.lu\/wp-content\/uploads\/2020\/12\/Patrullen.png",250,175,false],"vp_md":["https:\/\/cents.lgs.lu\/wp-content\/uploads\/2020\/12\/Patrullen.png",732,512,false],"vp_lg":["https:\/\/cents.lgs.lu\/wp-content\/uploads\/2020\/12\/Patrullen.png",732,512,false],"vp_xl":["https:\/\/cents.lgs.lu\/wp-content\/uploads\/2020\/12\/Patrullen.png",732,512,false],"vp_sm_popup":["https:\/\/cents.lgs.lu\/wp-content\/uploads\/2020\/12\/Patrullen.png",500,350,false],"vp_md_popup":["https:\/\/cents.lgs.lu\/wp-content\/uploads\/2020\/12\/Patrullen.png",732,512,false],"vp_xl_popup":["https:\/\/cents.lgs.lu\/wp-content\/uploads\/2020\/12\/Patrullen.png",732,512,false],"woocommerce_thumbnail":["https:\/\/cents.lgs.lu\/wp-content\/uploads\/2020\/12\/Patrullen-300x300.png",300,300,true],"woocommerce_single":["https:\/\/cents.lgs.lu\/wp-content\/uploads\/2020\/12\/Patrullen-600x420.png",600,420,true],"woocommerce_gallery_thumbnail":["https:\/\/cents.lgs.lu\/wp-content\/uploads\/2020\/12\/Patrullen-100x100.png",100,100,true]},"uagb_author_info":{"display_name":"Tom Schmit","author_link":"https:\/\/cents.lgs.lu\/en\/author\/tom-schmit\/"},"uagb_comment_info":0,"uagb_excerpt":"W\u00e4rend de Versammlungen a Campen, ginn d\u2019Avex meeschtens&nbsp;a Patrullen agedeelt. D\u00ebst sinn an der Reegel Gruppe vu 4-7 Avex. Um Camp hunn des&nbsp;Patrullen, dann nach eng m\u00e9i grouss Bedeitung. Hei g\u00ebtt net just an de Patrulle gespillt, mee och gelieft. Esou kacht, \u00ebsst a spullt all Patrull \u00ebnnert hirem&nbsp;eegenen Iwwerdag. Och l\u00e9ieren d\u2019Avex hei Verantwortung&hellip;","jetpack_shortlink":"https:\/\/wp.me\/PenGAm-GP","jetpack_sharing_enabled":true,"_links":{"self":[{"href":"https:\/\/cents.lgs.lu\/en\/wp-json\/wp\/v2\/pages\/2655","targetHints":{"allow":["GET"]}}],"collection":[{"href":"https:\/\/cents.lgs.lu\/en\/wp-json\/wp\/v2\/pages"}],"about":[{"href":"https:\/\/cents.lgs.lu\/en\/wp-json\/wp\/v2\/types\/page"}],"author":[{"embeddable":true,"href":"https:\/\/cents.lgs.lu\/en\/wp-json\/wp\/v2\/users\/2"}],"replies":[{"embeddable":true,"href":"https:\/\/cents.lgs.lu\/en\/wp-json\/wp\/v2\/comments?post=2655"}],"version-history":[{"count":6,"href":"https:\/\/cents.lgs.lu\/en\/wp-json\/wp\/v2\/pages\/2655\/revisions"}],"predecessor-version":[{"id":15755,"href":"https:\/\/cents.lgs.lu\/en\/wp-json\/wp\/v2\/pages\/2655\/revisions\/15755"}],"up":[{"embeddable":true,"href":"https:\/\/cents.lgs.lu\/en\/wp-json\/wp\/v2\/pages\/19"}],"wp:featuredmedia":[{"embeddable":true,"href":"https:\/\/cents.lgs.lu\/en\/wp-json\/wp\/v2\/media\/2656"}],"wp:attachment":[{"href":"https:\/\/cents.lgs.lu\/en\/wp-json\/wp\/v2\/media?parent=2655"}],"curies":[{"name":"wp","href":"https:\/\/api.w.org\/{rel}","templated":true}]}}