{"id":2645,"date":"2020-12-29T23:26:40","date_gmt":"2020-12-29T22:26:40","guid":{"rendered":"https:\/\/cents.lgs.lu\/?page_id=2645"},"modified":"2025-06-14T18:40:55","modified_gmt":"2025-06-14T16:40:55","slug":"kreativiteit","status":"publish","type":"page","link":"https:\/\/cents.lgs.lu\/en\/branchen\/avex\/kreativiteit\/","title":{"rendered":"Creativity"},"content":{"rendered":"<div class=\"wp-block-stackable-columns stk-block-columns stk-block stk-8ca6a0c\" data-block-id=\"8ca6a0c\"><div class=\"stk-row stk-inner-blocks stk-block-content stk-content-align stk-8ca6a0c-column\">\n<div class=\"wp-block-stackable-column stk-block-column stk-column stk-block stk-821ec21\" data-v=\"4\" data-block-id=\"821ec21\"><style>.stk-821ec21-container{margin-top:15px !important;margin-right:15px !important;margin-bottom:15px !important;margin-left:15px !important;}<\/style><div class=\"stk-column-wrapper stk-block-column__content stk-container stk-821ec21-container stk--no-background stk--no-padding\"><div class=\"stk-block-content stk-inner-blocks stk-821ec21-inner-blocks\">\n<div class=\"wp-block-columns is-layout-flex wp-container-core-columns-is-layout-9d6595d7 wp-block-columns-is-layout-flex\">\n<div class=\"wp-block-column is-layout-flow wp-block-column-is-layout-flow\">\n<div class=\"wp-block-getwid-images-slider has-arrows-none has-dots-none has-images-center has-cropped-images has-fixed-height\"><div class=\"wp-block-getwid-images-slider__wrapper\" data-effect=\"fade\" data-slides-show=\"1\" data-slides-show-laptop=\"1\" data-slides-show-tablet=\"1\" data-slides-show-mobile=\"1\" data-slides-scroll=\"1\" data-autoplay=\"true\" data-pause-hover=\"false\" data-autoplay-speed=\"5000\" data-infinite=\"true\" data-animation-speed=\"2000\" data-center-mode=\"false\" data-variable-width=\"false\" data-arrows=\"none\" data-dots=\"none\" data-spacing=\"none\"><div class=\"wp-block-getwid-images-slider__item\" style=\"height:500px\"><figure><img decoding=\"async\" width=\"2560\" height=\"1707\" data-src=\"https:\/\/cents.lgs.lu\/wp-content\/uploads\/2020\/12\/IMG_1286-scaled.jpg\" alt=\"\" data-id=\"2647\" data-link=\"https:\/\/cents.lgs.lu\/index.php\/branchen\/avex\/kreativiteit\/img_1286\/\" data-original-link=\"https:\/\/cents.lgs.lu\/wp-content\/uploads\/2020\/12\/IMG_1286-scaled.jpg\" class=\"wp-block-getwid-images-slider__image wp-image-2647 lazyload\" data-srcset=\"https:\/\/cents.lgs.lu\/wp-content\/uploads\/2020\/12\/IMG_1286-scaled.jpg 2560w, https:\/\/cents.lgs.lu\/wp-content\/uploads\/2020\/12\/IMG_1286-scaled-600x400.jpg 600w, https:\/\/cents.lgs.lu\/wp-content\/uploads\/2020\/12\/IMG_1286-300x200.jpg 300w, https:\/\/cents.lgs.lu\/wp-content\/uploads\/2020\/12\/IMG_1286-1024x683.jpg 1024w, https:\/\/cents.lgs.lu\/wp-content\/uploads\/2020\/12\/IMG_1286-768x512.jpg 768w, https:\/\/cents.lgs.lu\/wp-content\/uploads\/2020\/12\/IMG_1286-1536x1024.jpg 1536w, https:\/\/cents.lgs.lu\/wp-content\/uploads\/2020\/12\/IMG_1286-2048x1365.jpg 2048w, https:\/\/cents.lgs.lu\/wp-content\/uploads\/2020\/12\/IMG_1286-450x300.jpg 450w\" data-sizes=\"(max-width: 2560px) 100vw, 2560px\" src=\"data:image\/svg+xml;base64,PHN2ZyB3aWR0aD0iMSIgaGVpZ2h0PSIxIiB4bWxucz0iaHR0cDovL3d3dy53My5vcmcvMjAwMC9zdmciPjwvc3ZnPg==\" style=\"--smush-placeholder-width: 2560px; --smush-placeholder-aspect-ratio: 2560\/1707;\" \/><\/figure><\/div><div class=\"wp-block-getwid-images-slider__item\" style=\"height:500px\"><figure><img decoding=\"async\" width=\"1706\" height=\"2560\" data-src=\"https:\/\/cents.lgs.lu\/wp-content\/uploads\/2020\/12\/IMG_3176-scaled.jpg\" alt=\"\" data-id=\"2649\" data-link=\"https:\/\/cents.lgs.lu\/index.php\/branchen\/avex\/kreativiteit\/img_3176\/\" data-original-link=\"https:\/\/cents.lgs.lu\/wp-content\/uploads\/2020\/12\/IMG_3176-scaled.jpg\" class=\"wp-block-getwid-images-slider__image wp-image-2649 lazyload\" data-srcset=\"https:\/\/cents.lgs.lu\/wp-content\/uploads\/2020\/12\/IMG_3176-scaled.jpg 1706w, https:\/\/cents.lgs.lu\/wp-content\/uploads\/2020\/12\/IMG_3176-scaled-600x900.jpg 600w, https:\/\/cents.lgs.lu\/wp-content\/uploads\/2020\/12\/IMG_3176-200x300.jpg 200w, https:\/\/cents.lgs.lu\/wp-content\/uploads\/2020\/12\/IMG_3176-683x1024.jpg 683w, https:\/\/cents.lgs.lu\/wp-content\/uploads\/2020\/12\/IMG_3176-768x1152.jpg 768w, https:\/\/cents.lgs.lu\/wp-content\/uploads\/2020\/12\/IMG_3176-1024x1536.jpg 1024w, https:\/\/cents.lgs.lu\/wp-content\/uploads\/2020\/12\/IMG_3176-1365x2048.jpg 1365w\" data-sizes=\"(max-width: 1706px) 100vw, 1706px\" src=\"data:image\/svg+xml;base64,PHN2ZyB3aWR0aD0iMSIgaGVpZ2h0PSIxIiB4bWxucz0iaHR0cDovL3d3dy53My5vcmcvMjAwMC9zdmciPjwvc3ZnPg==\" style=\"--smush-placeholder-width: 1706px; --smush-placeholder-aspect-ratio: 1706\/2560;\" \/><\/figure><\/div><div class=\"wp-block-getwid-images-slider__item\" style=\"height:500px\"><figure><img decoding=\"async\" width=\"2560\" height=\"1707\" data-src=\"https:\/\/cents.lgs.lu\/wp-content\/uploads\/2020\/12\/IMG_7098-scaled.jpg\" alt=\"\" data-id=\"2651\" data-link=\"https:\/\/cents.lgs.lu\/index.php\/branchen\/avex\/kreativiteit\/img_7098\/\" data-original-link=\"https:\/\/cents.lgs.lu\/wp-content\/uploads\/2020\/12\/IMG_7098-scaled.jpg\" class=\"wp-block-getwid-images-slider__image wp-image-2651 lazyload\" data-srcset=\"https:\/\/cents.lgs.lu\/wp-content\/uploads\/2020\/12\/IMG_7098-scaled.jpg 2560w, https:\/\/cents.lgs.lu\/wp-content\/uploads\/2020\/12\/IMG_7098-scaled-600x400.jpg 600w\" data-sizes=\"(max-width: 2560px) 100vw, 2560px\" src=\"data:image\/svg+xml;base64,PHN2ZyB3aWR0aD0iMSIgaGVpZ2h0PSIxIiB4bWxucz0iaHR0cDovL3d3dy53My5vcmcvMjAwMC9zdmciPjwvc3ZnPg==\" style=\"--smush-placeholder-width: 2560px; --smush-placeholder-aspect-ratio: 2560\/1707;\" \/><\/figure><\/div><div class=\"wp-block-getwid-images-slider__item\" style=\"height:500px\"><figure><img decoding=\"async\" width=\"2560\" height=\"1637\" data-src=\"https:\/\/cents.lgs.lu\/wp-content\/uploads\/2020\/12\/IMG_4278-scaled.jpg\" alt=\"\" data-id=\"2650\" data-link=\"https:\/\/cents.lgs.lu\/index.php\/branchen\/avex\/kreativiteit\/img_4278\/\" data-original-link=\"https:\/\/cents.lgs.lu\/wp-content\/uploads\/2020\/12\/IMG_4278-scaled.jpg\" class=\"wp-block-getwid-images-slider__image wp-image-2650 lazyload\" data-srcset=\"https:\/\/cents.lgs.lu\/wp-content\/uploads\/2020\/12\/IMG_4278-scaled.jpg 2560w, https:\/\/cents.lgs.lu\/wp-content\/uploads\/2020\/12\/IMG_4278-scaled-600x384.jpg 600w\" data-sizes=\"(max-width: 2560px) 100vw, 2560px\" src=\"data:image\/svg+xml;base64,PHN2ZyB3aWR0aD0iMSIgaGVpZ2h0PSIxIiB4bWxucz0iaHR0cDovL3d3dy53My5vcmcvMjAwMC9zdmciPjwvc3ZnPg==\" style=\"--smush-placeholder-width: 2560px; --smush-placeholder-aspect-ratio: 2560\/1637;\" \/><\/figure><\/div><div class=\"wp-block-getwid-images-slider__item\" style=\"height:500px\"><figure><img decoding=\"async\" width=\"2560\" height=\"1707\" data-src=\"https:\/\/cents.lgs.lu\/wp-content\/uploads\/2020\/12\/IMG_3094-scaled.jpg\" alt=\"\" data-id=\"2648\" data-link=\"https:\/\/cents.lgs.lu\/index.php\/branchen\/avex\/kreativiteit\/img_3094\/\" data-original-link=\"https:\/\/cents.lgs.lu\/wp-content\/uploads\/2020\/12\/IMG_3094-scaled.jpg\" class=\"wp-block-getwid-images-slider__image wp-image-2648 lazyload\" data-srcset=\"https:\/\/cents.lgs.lu\/wp-content\/uploads\/2020\/12\/IMG_3094-scaled.jpg 2560w, https:\/\/cents.lgs.lu\/wp-content\/uploads\/2020\/12\/IMG_3094-scaled-600x400.jpg 600w, https:\/\/cents.lgs.lu\/wp-content\/uploads\/2020\/12\/IMG_3094-300x200.jpg 300w, https:\/\/cents.lgs.lu\/wp-content\/uploads\/2020\/12\/IMG_3094-1024x683.jpg 1024w, https:\/\/cents.lgs.lu\/wp-content\/uploads\/2020\/12\/IMG_3094-768x512.jpg 768w, https:\/\/cents.lgs.lu\/wp-content\/uploads\/2020\/12\/IMG_3094-1536x1024.jpg 1536w, https:\/\/cents.lgs.lu\/wp-content\/uploads\/2020\/12\/IMG_3094-2048x1365.jpg 2048w, https:\/\/cents.lgs.lu\/wp-content\/uploads\/2020\/12\/IMG_3094-450x300.jpg 450w\" data-sizes=\"(max-width: 2560px) 100vw, 2560px\" src=\"data:image\/svg+xml;base64,PHN2ZyB3aWR0aD0iMSIgaGVpZ2h0PSIxIiB4bWxucz0iaHR0cDovL3d3dy53My5vcmcvMjAwMC9zdmciPjwvc3ZnPg==\" style=\"--smush-placeholder-width: 2560px; --smush-placeholder-aspect-ratio: 2560\/1707;\" \/><\/figure><\/div><\/div><\/div>\n\n\n\n<div class=\"wp-block-getwid-advanced-spacer\" style=\"height:30px\" aria-hidden=\"true\"><\/div>\n<\/div>\n\n\n\n<div class=\"wp-block-column is-vertically-aligned-center is-layout-flow wp-block-column-is-layout-flow\">\n<p class=\"has-text-align-left\" style=\"font-size:18px\">Nieft Spiller, maache mir och reegelm\u00e9isseg&nbsp;Atelieren. Heib\u00e4i prob\u00e9iere mir d\u2019Avex net ze vill anzegrenzen. Mir w\u00ebllen hinne souw\u00e4it et geet genuch kreative Raum ginn, fir dass si&nbsp;hirer&nbsp;eegener Imaginatioun nokomme k\u00ebnnen.<\/p>\n\n\n\n<p class=\"has-text-align-left\" style=\"font-size:18px\">Gl\u00e4ichz\u00e4iteg prob\u00e9iere mir den Avex interessant, a speziell Technike&nbsp;b\u00e4izebr\u00e9ngen. Esou kr\u00e9ien si bei eis d\u2019M\u00e9iglechkeet fir Atelieren ze maachen, d\u00e9i verschiddener doheem net maache k\u00e9inten.<\/p>\n<\/div>\n<\/div>\n\n\n\n<div class=\"wp-block-group\"><div class=\"wp-block-group__inner-container is-layout-constrained wp-block-group-is-layout-constrained\">\n<div style=\"height:40px\" aria-hidden=\"true\" class=\"wp-block-spacer\"><\/div>\n\n\n\n<div class=\"wp-block-columns is-not-stacked-on-mobile is-layout-flex wp-container-core-columns-is-layout-9d6595d7 wp-block-columns-is-layout-flex\">\n<div class=\"wp-block-column is-layout-flow wp-block-column-is-layout-flow\">\n<div class=\"wp-block-buttons is-layout-flex wp-block-buttons-is-layout-flex\">\n<div class=\"wp-block-button\"><a class=\"wp-block-button__link wp-element-button\" href=\"https:\/\/cents.lgs.lu\/en\/branchen\/avex\/learning-by-doing\/\">&lt;&#8211; Learning by doing<\/a><\/div>\n<\/div>\n<\/div>\n\n\n\n<div class=\"wp-block-column is-layout-flow wp-block-column-is-layout-flow\">\n<div class=\"wp-block-buttons is-content-justification-right is-layout-flex wp-container-core-buttons-is-layout-765c4724 wp-block-buttons-is-layout-flex\">\n<div class=\"wp-block-button\"><a class=\"wp-block-button__link wp-element-button\" href=\"https:\/\/cents.lgs.lu\/en\/branchen\/avex\/spiritualiteit\/\">Spiritualit\u00e9it &#8211;&gt;<\/a><\/div>\n<\/div>\n<\/div>\n<\/div>\n<\/div><\/div>\n<\/div><\/div><\/div>\n<\/div><\/div>","protected":false},"excerpt":{"rendered":"<p>Nieft Spiller, maache mir och reegelm\u00e9isseg&nbsp;Atelieren. Heib\u00e4i prob\u00e9iere mir d\u2019Avex net ze vill anzegrenzen. Mir w\u00ebllen hinne souw\u00e4it et geet genuch kreative Raum ginn, fir dass si&nbsp;hirer&nbsp;eegener Imaginatioun nokomme k\u00ebnnen. Gl\u00e4ichz\u00e4iteg prob\u00e9iere mir den Avex interessant, a speziell Technike&nbsp;b\u00e4izebr\u00e9ngen. Esou kr\u00e9ien si bei eis d\u2019M\u00e9iglechkeet fir Atelieren ze maachen, d\u00e9i verschiddener doheem net maache k\u00e9inten.<\/p>","protected":false},"author":2,"featured_media":2651,"parent":19,"menu_order":0,"comment_status":"closed","ping_status":"closed","template":"","meta":{"_uag_custom_page_level_css":"","advanced_seo_description":"","jetpack_seo_html_title":"","jetpack_seo_noindex":false,"_vp_format_video_url":"","_vp_image_focal_point":[],"footnotes":""},"class_list":["post-2645","page","type-page","status-publish","has-post-thumbnail","hentry"],"featured_image_urls_v2":{"full":["https:\/\/cents.lgs.lu\/wp-content\/uploads\/2020\/12\/IMG_7098-scaled.jpg",2560,1707,false],"thumbnail":["https:\/\/cents.lgs.lu\/wp-content\/uploads\/2020\/12\/IMG_7098-scaled.jpg",150,100,false],"medium":["https:\/\/cents.lgs.lu\/wp-content\/uploads\/2020\/12\/IMG_7098-scaled.jpg",300,200,false],"medium_large":["https:\/\/cents.lgs.lu\/wp-content\/uploads\/2020\/12\/IMG_7098-scaled.jpg",768,512,false],"large":["https:\/\/cents.lgs.lu\/wp-content\/uploads\/2020\/12\/IMG_7098-scaled.jpg",1024,683,false],"1536x1536":["https:\/\/cents.lgs.lu\/wp-content\/uploads\/2020\/12\/IMG_7098-scaled.jpg",1536,1024,false],"2048x2048":["https:\/\/cents.lgs.lu\/wp-content\/uploads\/2020\/12\/IMG_7098-scaled.jpg",2048,1366,false],"trp-custom-language-flag":["https:\/\/cents.lgs.lu\/wp-content\/uploads\/2020\/12\/IMG_7098-scaled.jpg",18,12,false],"vp_sm":["https:\/\/cents.lgs.lu\/wp-content\/uploads\/2020\/12\/IMG_7098-scaled.jpg",250,167,false],"vp_md":["https:\/\/cents.lgs.lu\/wp-content\/uploads\/2020\/12\/IMG_7098-scaled.jpg",800,533,false],"vp_lg":["https:\/\/cents.lgs.lu\/wp-content\/uploads\/2020\/12\/IMG_7098-scaled.jpg",1280,854,false],"vp_xl":["https:\/\/cents.lgs.lu\/wp-content\/uploads\/2020\/12\/IMG_7098-scaled.jpg",1920,1280,false],"vp_sm_popup":["https:\/\/cents.lgs.lu\/wp-content\/uploads\/2020\/12\/IMG_7098-scaled.jpg",500,333,false],"vp_md_popup":["https:\/\/cents.lgs.lu\/wp-content\/uploads\/2020\/12\/IMG_7098-scaled.jpg",800,533,false],"vp_xl_popup":["https:\/\/cents.lgs.lu\/wp-content\/uploads\/2020\/12\/IMG_7098-scaled.jpg",1920,1280,false],"woocommerce_thumbnail":["https:\/\/cents.lgs.lu\/wp-content\/uploads\/2020\/12\/IMG_7098-scaled-300x300.jpg",300,300,true],"woocommerce_single":["https:\/\/cents.lgs.lu\/wp-content\/uploads\/2020\/12\/IMG_7098-scaled-600x400.jpg",600,400,true],"woocommerce_gallery_thumbnail":["https:\/\/cents.lgs.lu\/wp-content\/uploads\/2020\/12\/IMG_7098-scaled-100x100.jpg",100,100,true]},"post_excerpt_stackable_v2":"<p>Nieft Spiller, maache mir och reegelm\u00e9isseg&nbsp;Atelieren. Heib\u00e4i prob\u00e9iere mir d\u2019Avex net ze vill anzegrenzen. Mir w\u00ebllen hinne souw\u00e4it et geet genuch kreative Raum ginn, fir dass si&nbsp;hirer&nbsp;eegener Imaginatioun nokomme k\u00ebnnen. Gl\u00e4ichz\u00e4iteg prob\u00e9iere mir den Avex interessant, a speziell Technike&nbsp;b\u00e4izebr\u00e9ngen. Esou kr\u00e9ien si bei eis d\u2019M\u00e9iglechkeet fir Atelieren ze maachen, d\u00e9i verschiddener doheem net maache k\u00e9inten. &lt;&#8211; Learning by doing Spiritualit\u00e9it &#8211;&gt;<\/p>\n","category_list_v2":"","author_info_v2":{"name":"Tom Schmit","url":"https:\/\/cents.lgs.lu\/en\/author\/tom-schmit\/"},"comments_num_v2":"0 comments","uagb_featured_image_src":{"full":["https:\/\/cents.lgs.lu\/wp-content\/uploads\/2020\/12\/IMG_7098-scaled.jpg",2560,1707,false],"thumbnail":["https:\/\/cents.lgs.lu\/wp-content\/uploads\/2020\/12\/IMG_7098-scaled.jpg",150,100,false],"medium":["https:\/\/cents.lgs.lu\/wp-content\/uploads\/2020\/12\/IMG_7098-scaled.jpg",300,200,false],"medium_large":["https:\/\/cents.lgs.lu\/wp-content\/uploads\/2020\/12\/IMG_7098-scaled.jpg",768,512,false],"large":["https:\/\/cents.lgs.lu\/wp-content\/uploads\/2020\/12\/IMG_7098-scaled.jpg",1024,683,false],"1536x1536":["https:\/\/cents.lgs.lu\/wp-content\/uploads\/2020\/12\/IMG_7098-scaled.jpg",1536,1024,false],"2048x2048":["https:\/\/cents.lgs.lu\/wp-content\/uploads\/2020\/12\/IMG_7098-scaled.jpg",2048,1366,false],"trp-custom-language-flag":["https:\/\/cents.lgs.lu\/wp-content\/uploads\/2020\/12\/IMG_7098-scaled.jpg",18,12,false],"vp_sm":["https:\/\/cents.lgs.lu\/wp-content\/uploads\/2020\/12\/IMG_7098-scaled.jpg",250,167,false],"vp_md":["https:\/\/cents.lgs.lu\/wp-content\/uploads\/2020\/12\/IMG_7098-scaled.jpg",800,533,false],"vp_lg":["https:\/\/cents.lgs.lu\/wp-content\/uploads\/2020\/12\/IMG_7098-scaled.jpg",1280,854,false],"vp_xl":["https:\/\/cents.lgs.lu\/wp-content\/uploads\/2020\/12\/IMG_7098-scaled.jpg",1920,1280,false],"vp_sm_popup":["https:\/\/cents.lgs.lu\/wp-content\/uploads\/2020\/12\/IMG_7098-scaled.jpg",500,333,false],"vp_md_popup":["https:\/\/cents.lgs.lu\/wp-content\/uploads\/2020\/12\/IMG_7098-scaled.jpg",800,533,false],"vp_xl_popup":["https:\/\/cents.lgs.lu\/wp-content\/uploads\/2020\/12\/IMG_7098-scaled.jpg",1920,1280,false],"woocommerce_thumbnail":["https:\/\/cents.lgs.lu\/wp-content\/uploads\/2020\/12\/IMG_7098-scaled-300x300.jpg",300,300,true],"woocommerce_single":["https:\/\/cents.lgs.lu\/wp-content\/uploads\/2020\/12\/IMG_7098-scaled-600x400.jpg",600,400,true],"woocommerce_gallery_thumbnail":["https:\/\/cents.lgs.lu\/wp-content\/uploads\/2020\/12\/IMG_7098-scaled-100x100.jpg",100,100,true]},"uagb_author_info":{"display_name":"Tom Schmit","author_link":"https:\/\/cents.lgs.lu\/en\/author\/tom-schmit\/"},"uagb_comment_info":0,"uagb_excerpt":"Nieft Spiller, maache mir och reegelm\u00e9isseg&nbsp;Atelieren. Heib\u00e4i prob\u00e9iere mir d\u2019Avex net ze vill anzegrenzen. Mir w\u00ebllen hinne souw\u00e4it et geet genuch kreative Raum ginn, fir dass si&nbsp;hirer&nbsp;eegener Imaginatioun nokomme k\u00ebnnen. Gl\u00e4ichz\u00e4iteg prob\u00e9iere mir den Avex interessant, a speziell Technike&nbsp;b\u00e4izebr\u00e9ngen. Esou kr\u00e9ien si bei eis d\u2019M\u00e9iglechkeet fir Atelieren ze maachen, d\u00e9i verschiddener doheem net maache k\u00e9inten.","jetpack_shortlink":"https:\/\/wp.me\/PenGAm-GF","jetpack_sharing_enabled":true,"_links":{"self":[{"href":"https:\/\/cents.lgs.lu\/en\/wp-json\/wp\/v2\/pages\/2645","targetHints":{"allow":["GET"]}}],"collection":[{"href":"https:\/\/cents.lgs.lu\/en\/wp-json\/wp\/v2\/pages"}],"about":[{"href":"https:\/\/cents.lgs.lu\/en\/wp-json\/wp\/v2\/types\/page"}],"author":[{"embeddable":true,"href":"https:\/\/cents.lgs.lu\/en\/wp-json\/wp\/v2\/users\/2"}],"replies":[{"embeddable":true,"href":"https:\/\/cents.lgs.lu\/en\/wp-json\/wp\/v2\/comments?post=2645"}],"version-history":[{"count":19,"href":"https:\/\/cents.lgs.lu\/en\/wp-json\/wp\/v2\/pages\/2645\/revisions"}],"predecessor-version":[{"id":15760,"href":"https:\/\/cents.lgs.lu\/en\/wp-json\/wp\/v2\/pages\/2645\/revisions\/15760"}],"up":[{"embeddable":true,"href":"https:\/\/cents.lgs.lu\/en\/wp-json\/wp\/v2\/pages\/19"}],"wp:featuredmedia":[{"embeddable":true,"href":"https:\/\/cents.lgs.lu\/en\/wp-json\/wp\/v2\/media\/2651"}],"wp:attachment":[{"href":"https:\/\/cents.lgs.lu\/en\/wp-json\/wp\/v2\/media?parent=2645"}],"curies":[{"name":"wp","href":"https:\/\/api.w.org\/{rel}","templated":true}]}}