{"id":2638,"date":"2020-12-29T22:50:46","date_gmt":"2020-12-29T21:50:46","guid":{"rendered":"https:\/\/cents.lgs.lu\/?page_id=2638"},"modified":"2025-06-14T18:34:59","modified_gmt":"2025-06-14T16:34:59","slug":"spiritualiteit","status":"publish","type":"page","link":"https:\/\/cents.lgs.lu\/en\/branchen\/avex\/spiritualiteit\/","title":{"rendered":"Spirituality"},"content":{"rendered":"<div class=\"wp-block-stackable-columns stk-block-columns stk-block stk-2019cb7\" data-block-id=\"2019cb7\"><div class=\"stk-row stk-inner-blocks stk-block-content stk-content-align stk-2019cb7-column\">\n<div class=\"wp-block-stackable-column stk-block-column stk-column stk-block stk-755f9b9\" data-v=\"4\" data-block-id=\"755f9b9\"><style>.stk-755f9b9-container{margin-top:15px !important;margin-right:15px !important;margin-bottom:15px !important;margin-left:15px !important;}<\/style><div class=\"stk-column-wrapper stk-block-column__content stk-container stk-755f9b9-container stk--no-background stk--no-padding\"><div class=\"stk-block-content stk-inner-blocks stk-755f9b9-inner-blocks\">\n<div class=\"wp-block-uagb-container uagb-block-e81e7759 alignfull uagb-is-root-container\"><div class=\"uagb-container-inner-blocks-wrap\">\n<div class=\"wp-block-uagb-container uagb-block-0388c235\"><div class=\"wp-block-image\">\n<figure class=\"alignright size-large\"><img decoding=\"async\" width=\"683\" height=\"1024\" data-src=\"https:\/\/cents.lgs.lu\/wp-content\/uploads\/2020\/12\/IMG_8084-683x1024.jpg\" alt=\"\" class=\"wp-image-2640 lazyload\" data-srcset=\"https:\/\/cents.lgs.lu\/wp-content\/uploads\/2020\/12\/IMG_8084-683x1024.jpg 683w, https:\/\/cents.lgs.lu\/wp-content\/uploads\/2020\/12\/IMG_8084-scaled-600x900.jpg 600w, https:\/\/cents.lgs.lu\/wp-content\/uploads\/2020\/12\/IMG_8084-200x300.jpg 200w, https:\/\/cents.lgs.lu\/wp-content\/uploads\/2020\/12\/IMG_8084-768x1152.jpg 768w, https:\/\/cents.lgs.lu\/wp-content\/uploads\/2020\/12\/IMG_8084-1024x1536.jpg 1024w, https:\/\/cents.lgs.lu\/wp-content\/uploads\/2020\/12\/IMG_8084-1365x2048.jpg 1365w, https:\/\/cents.lgs.lu\/wp-content\/uploads\/2020\/12\/IMG_8084-scaled.jpg 1707w\" data-sizes=\"(max-width: 683px) 100vw, 683px\" src=\"data:image\/svg+xml;base64,PHN2ZyB3aWR0aD0iMSIgaGVpZ2h0PSIxIiB4bWxucz0iaHR0cDovL3d3dy53My5vcmcvMjAwMC9zdmciPjwvc3ZnPg==\" style=\"--smush-placeholder-width: 683px; --smush-placeholder-aspect-ratio: 683\/1024;\" \/><\/figure>\n<\/div><\/div>\n\n\n\n<div class=\"wp-block-uagb-container uagb-block-129bdae4\">\n<p class=\"has-text-align-left\" style=\"font-size:18px\">Fir d&#8217;\u00e9ischt emol ass et wichteg ze soen, dass Spiritualit\u00e9it net direkt muss Relioun bedeiten. Relioun ass just eng Form vu Spiritualit\u00e9it. Well mir oppe fir jidderee&nbsp;w\u00eblle sinn, prob\u00e9iere&nbsp;mir souw\u00e4it et geet Spiritualit\u00e9it a Relioun ze trennen. <\/p>\n\n\n\n<p class=\"has-text-align-left\" style=\"font-size:18px\">\u00cbnner Spiritualit\u00e9it versti&nbsp;mir usech alles wat mam Geescht ze dinn huet. Esou richteg praktiz\u00e9iert g\u00ebtt d\u00ebst an der Reegel ee mol am Joer um Summercamp am Kader vun enger Spiriv\u00e9ill\u00e9e. Hei huele mir eis een Owend Z\u00e4it fir de Geescht ze aktiv\u00e9ieren. D\u00ebst kann an der Form vun Diskussiounsronnen am klenge Krees, Vertrauensspiller oder anere m\u00e9i rouegen Aktivit\u00e9ite stattfannen. Meeschtens&nbsp;f\u00ebnnt dat ganzt \u00ebnnert engem Thema, w\u00e9i z.B. Diskriminatioun, 5 S\u00ebnner, fanne vun sech selwer,\u2026 statt.&nbsp;<\/p>\n<\/div>\n<\/div><\/div>\n\n\n\n<div class=\"wp-block-group\"><div class=\"wp-block-group__inner-container is-layout-constrained wp-block-group-is-layout-constrained\">\n<div style=\"height:40px\" aria-hidden=\"true\" class=\"wp-block-spacer\"><\/div>\n\n\n\n<div class=\"wp-block-uagb-container uagb-block-8f7de4fe default uagb-is-root-container\">\n<div class=\"wp-block-uagb-container uagb-block-24a9f735\">\n<div class=\"wp-block-buttons is-layout-flex wp-block-buttons-is-layout-flex\">\n<div class=\"wp-block-button\"><a class=\"wp-block-button__link wp-element-button\" href=\"https:\/\/cents.lgs.lu\/en\/branchen\/avex\/kreativiteit\/\">&lt;&#8211; Kreativit\u00e9it<\/a><\/div>\n<\/div>\n<\/div>\n\n\n\n<div class=\"wp-block-uagb-container uagb-block-755b5fe5\">\n<div class=\"wp-block-buttons is-content-justification-right is-layout-flex wp-container-core-buttons-is-layout-1888cafc wp-block-buttons-is-layout-flex\">\n<div class=\"wp-block-button\"><a class=\"wp-block-button__link wp-element-button\" href=\"https:\/\/cents.lgs.lu\/en\/branchen\/avex\/perseinlechen-fortschrett\/\">Pers\u00e9inleche Fortschr\u00ebtt &#8211;&gt;<\/a><\/div>\n<\/div>\n<\/div>\n<\/div>\n<\/div><\/div>\n<\/div><\/div><\/div>\n<\/div><\/div>","protected":false},"excerpt":{"rendered":"<p>Fir d&#8217;\u00e9ischt emol ass et wichteg ze soen, dass Spiritualit\u00e9it net direkt muss Relioun bedeiten. Relioun ass just eng Form vu Spiritualit\u00e9it. Well mir oppe fir jidderee&nbsp;w\u00eblle sinn, prob\u00e9iere&nbsp;mir souw\u00e4it et geet Spiritualit\u00e9it a Relioun ze trennen. \u00cbnner Spiritualit\u00e9it versti&nbsp;mir usech alles wat mam Geescht ze dinn huet. Esou richteg praktiz\u00e9iert g\u00ebtt d\u00ebst an der [&hellip;]<\/p>\n","protected":false},"author":2,"featured_media":2557,"parent":19,"menu_order":0,"comment_status":"closed","ping_status":"closed","template":"","meta":{"_uag_custom_page_level_css":"","advanced_seo_description":"","jetpack_seo_html_title":"","jetpack_seo_noindex":false,"_vp_format_video_url":"","_vp_image_focal_point":[],"footnotes":""},"class_list":["post-2638","page","type-page","status-publish","has-post-thumbnail","hentry"],"featured_image_urls_v2":{"full":["https:\/\/cents.lgs.lu\/wp-content\/uploads\/2020\/12\/IMG_3428-scaled.jpg",2560,1707,false],"thumbnail":["https:\/\/cents.lgs.lu\/wp-content\/uploads\/2020\/12\/IMG_3428-150x150.jpg",150,150,true],"medium":["https:\/\/cents.lgs.lu\/wp-content\/uploads\/2020\/12\/IMG_3428-300x200.jpg",300,200,true],"medium_large":["https:\/\/cents.lgs.lu\/wp-content\/uploads\/2020\/12\/IMG_3428-768x512.jpg",768,512,true],"large":["https:\/\/cents.lgs.lu\/wp-content\/uploads\/2020\/12\/IMG_3428-1024x683.jpg",1024,683,true],"1536x1536":["https:\/\/cents.lgs.lu\/wp-content\/uploads\/2020\/12\/IMG_3428-1536x1024.jpg",1536,1024,true],"2048x2048":["https:\/\/cents.lgs.lu\/wp-content\/uploads\/2020\/12\/IMG_3428-2048x1365.jpg",2048,1365,true],"trp-custom-language-flag":["https:\/\/cents.lgs.lu\/wp-content\/uploads\/2020\/12\/IMG_3428-scaled.jpg",18,12,false],"vp_sm":["https:\/\/cents.lgs.lu\/wp-content\/uploads\/2020\/12\/IMG_3428-500x333.jpg",250,167,true],"vp_md":["https:\/\/cents.lgs.lu\/wp-content\/uploads\/2020\/12\/IMG_3428-800x533.jpg",800,533,true],"vp_lg":["https:\/\/cents.lgs.lu\/wp-content\/uploads\/2020\/12\/IMG_3428-1280x853.jpg",1280,853,true],"vp_xl":["https:\/\/cents.lgs.lu\/wp-content\/uploads\/2020\/12\/IMG_3428-1920x1280.jpg",1920,1280,true],"vp_sm_popup":["https:\/\/cents.lgs.lu\/wp-content\/uploads\/2020\/12\/IMG_3428-500x333.jpg",500,333,true],"vp_md_popup":["https:\/\/cents.lgs.lu\/wp-content\/uploads\/2020\/12\/IMG_3428-800x533.jpg",800,533,true],"vp_xl_popup":["https:\/\/cents.lgs.lu\/wp-content\/uploads\/2020\/12\/IMG_3428-1920x1280.jpg",1920,1280,true],"woocommerce_thumbnail":["https:\/\/cents.lgs.lu\/wp-content\/uploads\/2020\/12\/IMG_3428-scaled-300x300.jpg",300,300,true],"woocommerce_single":["https:\/\/cents.lgs.lu\/wp-content\/uploads\/2020\/12\/IMG_3428-scaled-600x400.jpg",600,400,true],"woocommerce_gallery_thumbnail":["https:\/\/cents.lgs.lu\/wp-content\/uploads\/2020\/12\/IMG_3428-scaled-100x100.jpg",100,100,true]},"post_excerpt_stackable_v2":"<p>Fir d&#8217;\u00e9ischt emol ass et wichteg ze soen, dass Spiritualit\u00e9it net direkt muss Relioun bedeiten. Relioun ass just eng Form vu Spiritualit\u00e9it. Well mir oppe fir jidderee&nbsp;w\u00eblle sinn, prob\u00e9iere&nbsp;mir souw\u00e4it et geet Spiritualit\u00e9it a Relioun ze trennen. \u00cbnner Spiritualit\u00e9it versti&nbsp;mir usech alles wat mam Geescht ze dinn huet. Esou richteg praktiz\u00e9iert g\u00ebtt d\u00ebst an der Reegel ee mol am Joer um Summercamp am Kader vun enger Spiriv\u00e9ill\u00e9e. Hei huele mir eis een Owend Z\u00e4it fir de Geescht ze aktiv\u00e9ieren. D\u00ebst kann an der Form vun Diskussiounsronnen am klenge Krees, Vertrauensspiller oder anere m\u00e9i rouegen Aktivit\u00e9ite stattfannen. Meeschtens&nbsp;f\u00ebnnt dat ganzt \u00ebnnert&hellip;<\/p>\n","category_list_v2":"","author_info_v2":{"name":"Tom Schmit","url":"https:\/\/cents.lgs.lu\/en\/author\/tom-schmit\/"},"comments_num_v2":"0 comments","uagb_featured_image_src":{"full":["https:\/\/cents.lgs.lu\/wp-content\/uploads\/2020\/12\/IMG_3428-scaled.jpg",2560,1707,false],"thumbnail":["https:\/\/cents.lgs.lu\/wp-content\/uploads\/2020\/12\/IMG_3428-150x150.jpg",150,150,true],"medium":["https:\/\/cents.lgs.lu\/wp-content\/uploads\/2020\/12\/IMG_3428-300x200.jpg",300,200,true],"medium_large":["https:\/\/cents.lgs.lu\/wp-content\/uploads\/2020\/12\/IMG_3428-768x512.jpg",768,512,true],"large":["https:\/\/cents.lgs.lu\/wp-content\/uploads\/2020\/12\/IMG_3428-1024x683.jpg",1024,683,true],"1536x1536":["https:\/\/cents.lgs.lu\/wp-content\/uploads\/2020\/12\/IMG_3428-1536x1024.jpg",1536,1024,true],"2048x2048":["https:\/\/cents.lgs.lu\/wp-content\/uploads\/2020\/12\/IMG_3428-2048x1365.jpg",2048,1365,true],"trp-custom-language-flag":["https:\/\/cents.lgs.lu\/wp-content\/uploads\/2020\/12\/IMG_3428-scaled.jpg",18,12,false],"vp_sm":["https:\/\/cents.lgs.lu\/wp-content\/uploads\/2020\/12\/IMG_3428-500x333.jpg",250,167,true],"vp_md":["https:\/\/cents.lgs.lu\/wp-content\/uploads\/2020\/12\/IMG_3428-800x533.jpg",800,533,true],"vp_lg":["https:\/\/cents.lgs.lu\/wp-content\/uploads\/2020\/12\/IMG_3428-1280x853.jpg",1280,853,true],"vp_xl":["https:\/\/cents.lgs.lu\/wp-content\/uploads\/2020\/12\/IMG_3428-1920x1280.jpg",1920,1280,true],"vp_sm_popup":["https:\/\/cents.lgs.lu\/wp-content\/uploads\/2020\/12\/IMG_3428-500x333.jpg",500,333,true],"vp_md_popup":["https:\/\/cents.lgs.lu\/wp-content\/uploads\/2020\/12\/IMG_3428-800x533.jpg",800,533,true],"vp_xl_popup":["https:\/\/cents.lgs.lu\/wp-content\/uploads\/2020\/12\/IMG_3428-1920x1280.jpg",1920,1280,true],"woocommerce_thumbnail":["https:\/\/cents.lgs.lu\/wp-content\/uploads\/2020\/12\/IMG_3428-scaled-300x300.jpg",300,300,true],"woocommerce_single":["https:\/\/cents.lgs.lu\/wp-content\/uploads\/2020\/12\/IMG_3428-scaled-600x400.jpg",600,400,true],"woocommerce_gallery_thumbnail":["https:\/\/cents.lgs.lu\/wp-content\/uploads\/2020\/12\/IMG_3428-scaled-100x100.jpg",100,100,true]},"uagb_author_info":{"display_name":"Tom Schmit","author_link":"https:\/\/cents.lgs.lu\/en\/author\/tom-schmit\/"},"uagb_comment_info":0,"uagb_excerpt":"Fir d&#8217;\u00e9ischt emol ass et wichteg ze soen, dass Spiritualit\u00e9it net direkt muss Relioun bedeiten. Relioun ass just eng Form vu Spiritualit\u00e9it. Well mir oppe fir jidderee&nbsp;w\u00eblle sinn, prob\u00e9iere&nbsp;mir souw\u00e4it et geet Spiritualit\u00e9it a Relioun ze trennen. \u00cbnner Spiritualit\u00e9it versti&nbsp;mir usech alles wat mam Geescht ze dinn huet. Esou richteg praktiz\u00e9iert g\u00ebtt d\u00ebst an der&hellip;","jetpack_shortlink":"https:\/\/wp.me\/PenGAm-Gy","jetpack_sharing_enabled":true,"_links":{"self":[{"href":"https:\/\/cents.lgs.lu\/en\/wp-json\/wp\/v2\/pages\/2638","targetHints":{"allow":["GET"]}}],"collection":[{"href":"https:\/\/cents.lgs.lu\/en\/wp-json\/wp\/v2\/pages"}],"about":[{"href":"https:\/\/cents.lgs.lu\/en\/wp-json\/wp\/v2\/types\/page"}],"author":[{"embeddable":true,"href":"https:\/\/cents.lgs.lu\/en\/wp-json\/wp\/v2\/users\/2"}],"replies":[{"embeddable":true,"href":"https:\/\/cents.lgs.lu\/en\/wp-json\/wp\/v2\/comments?post=2638"}],"version-history":[{"count":12,"href":"https:\/\/cents.lgs.lu\/en\/wp-json\/wp\/v2\/pages\/2638\/revisions"}],"predecessor-version":[{"id":15752,"href":"https:\/\/cents.lgs.lu\/en\/wp-json\/wp\/v2\/pages\/2638\/revisions\/15752"}],"up":[{"embeddable":true,"href":"https:\/\/cents.lgs.lu\/en\/wp-json\/wp\/v2\/pages\/19"}],"wp:featuredmedia":[{"embeddable":true,"href":"https:\/\/cents.lgs.lu\/en\/wp-json\/wp\/v2\/media\/2557"}],"wp:attachment":[{"href":"https:\/\/cents.lgs.lu\/en\/wp-json\/wp\/v2\/media?parent=2638"}],"curies":[{"name":"wp","href":"https:\/\/api.w.org\/{rel}","templated":true}]}}