{"id":2604,"date":"2020-12-29T21:32:12","date_gmt":"2020-12-29T20:32:12","guid":{"rendered":"https:\/\/cents.lgs.lu\/?page_id=2604"},"modified":"2025-06-14T18:40:20","modified_gmt":"2025-06-14T16:40:20","slug":"learning-by-doing","status":"publish","type":"page","link":"https:\/\/cents.lgs.lu\/en\/branchen\/avex\/learning-by-doing\/","title":{"rendered":"Learning by Doing"},"content":{"rendered":"<div class=\"wp-block-stackable-columns stk-block-columns stk-block stk-02ca423\" data-block-id=\"02ca423\"><div class=\"stk-row stk-inner-blocks stk-block-content stk-content-align stk-02ca423-column\">\n<div class=\"wp-block-stackable-column stk-block-column stk-column stk-block stk-c391c23\" data-v=\"4\" data-block-id=\"c391c23\"><div class=\"stk-column-wrapper stk-block-column__content stk-container stk-c391c23-container stk--no-background stk--no-padding\"><div class=\"stk-block-content stk-inner-blocks stk-c391c23-inner-blocks\"><div class=\"wp-block-image\">\n<figure class=\"aligncenter size-large is-resized\"><img decoding=\"async\" width=\"769\" height=\"151\" data-src=\"https:\/\/cents.lgs.lu\/wp-content\/uploads\/2020\/12\/Learning-by-Doing-e1609274754937.png\" alt=\"\" class=\"wp-image-2605 lazyload\" style=\"--smush-placeholder-width: 769px; --smush-placeholder-aspect-ratio: 769\/151;width:757px;height:147px\" data-srcset=\"https:\/\/cents.lgs.lu\/wp-content\/uploads\/2020\/12\/Learning-by-Doing-e1609274754937.png 769w, https:\/\/cents.lgs.lu\/wp-content\/uploads\/2020\/12\/Learning-by-Doing-e1609274754937-600x118.png 600w, https:\/\/cents.lgs.lu\/wp-content\/uploads\/2020\/12\/Learning-by-Doing-e1609274754937-300x59.png 300w\" data-sizes=\"(max-width: 769px) 100vw, 769px\" src=\"data:image\/svg+xml;base64,PHN2ZyB3aWR0aD0iMSIgaGVpZ2h0PSIxIiB4bWxucz0iaHR0cDovL3d3dy53My5vcmcvMjAwMC9zdmciPjwvc3ZnPg==\" \/><\/figure>\n<\/div>\n\n\n<div class=\"wp-block-columns is-layout-flex wp-container-core-columns-is-layout-9d6595d7 wp-block-columns-is-layout-flex\">\n<div class=\"wp-block-column is-layout-flow wp-block-column-is-layout-flow\">\n<div class=\"wp-block-getwid-images-slider has-arrows-none has-dots-none has-images-center has-cropped-images has-fixed-height\"><div class=\"wp-block-getwid-images-slider__wrapper\" data-effect=\"fade\" data-slides-show=\"1\" data-slides-show-laptop=\"1\" data-slides-show-tablet=\"1\" data-slides-show-mobile=\"1\" data-slides-scroll=\"1\" data-autoplay=\"true\" data-pause-hover=\"false\" data-autoplay-speed=\"4000\" data-infinite=\"true\" data-animation-speed=\"2000\" data-center-mode=\"false\" data-variable-width=\"false\" data-arrows=\"none\" data-dots=\"none\" data-spacing=\"none\"><div class=\"wp-block-getwid-images-slider__item\" style=\"height:400px\"><figure><img decoding=\"async\" width=\"2560\" height=\"1707\" data-src=\"https:\/\/cents.lgs.lu\/wp-content\/uploads\/2020\/12\/IMG_1094-scaled.jpg\" alt=\"\" data-id=\"2608\" data-link=\"https:\/\/cents.lgs.lu\/index.php\/branchen\/avex\/learning-by-doing\/img_1094\/\" data-original-link=\"https:\/\/cents.lgs.lu\/wp-content\/uploads\/2020\/12\/IMG_1094-scaled.jpg\" class=\"wp-block-getwid-images-slider__image wp-image-2608 lazyload\" data-srcset=\"https:\/\/cents.lgs.lu\/wp-content\/uploads\/2020\/12\/IMG_1094-scaled.jpg 2560w, https:\/\/cents.lgs.lu\/wp-content\/uploads\/2020\/12\/IMG_1094-scaled-600x400.jpg 600w, https:\/\/cents.lgs.lu\/wp-content\/uploads\/2020\/12\/IMG_1094-300x200.jpg 300w, https:\/\/cents.lgs.lu\/wp-content\/uploads\/2020\/12\/IMG_1094-1024x683.jpg 1024w, https:\/\/cents.lgs.lu\/wp-content\/uploads\/2020\/12\/IMG_1094-768x512.jpg 768w, https:\/\/cents.lgs.lu\/wp-content\/uploads\/2020\/12\/IMG_1094-1536x1024.jpg 1536w, https:\/\/cents.lgs.lu\/wp-content\/uploads\/2020\/12\/IMG_1094-2048x1365.jpg 2048w, https:\/\/cents.lgs.lu\/wp-content\/uploads\/2020\/12\/IMG_1094-450x300.jpg 450w\" data-sizes=\"(max-width: 2560px) 100vw, 2560px\" src=\"data:image\/svg+xml;base64,PHN2ZyB3aWR0aD0iMSIgaGVpZ2h0PSIxIiB4bWxucz0iaHR0cDovL3d3dy53My5vcmcvMjAwMC9zdmciPjwvc3ZnPg==\" style=\"--smush-placeholder-width: 2560px; --smush-placeholder-aspect-ratio: 2560\/1707;\" \/><\/figure><\/div><div class=\"wp-block-getwid-images-slider__item\" style=\"height:400px\"><figure><img decoding=\"async\" width=\"1930\" height=\"2560\" data-src=\"https:\/\/cents.lgs.lu\/wp-content\/uploads\/2020\/12\/IMG_5447-scaled.jpg\" alt=\"\" data-id=\"2609\" data-link=\"https:\/\/cents.lgs.lu\/index.php\/branchen\/avex\/learning-by-doing\/img_5447\/\" data-original-link=\"https:\/\/cents.lgs.lu\/wp-content\/uploads\/2020\/12\/IMG_5447-scaled.jpg\" class=\"wp-block-getwid-images-slider__image wp-image-2609 lazyload\" data-srcset=\"https:\/\/cents.lgs.lu\/wp-content\/uploads\/2020\/12\/IMG_5447-scaled.jpg 1930w, https:\/\/cents.lgs.lu\/wp-content\/uploads\/2020\/12\/IMG_5447-scaled-600x796.jpg 600w\" data-sizes=\"(max-width: 1930px) 100vw, 1930px\" src=\"data:image\/svg+xml;base64,PHN2ZyB3aWR0aD0iMSIgaGVpZ2h0PSIxIiB4bWxucz0iaHR0cDovL3d3dy53My5vcmcvMjAwMC9zdmciPjwvc3ZnPg==\" style=\"--smush-placeholder-width: 1930px; --smush-placeholder-aspect-ratio: 1930\/2560;\" \/><\/figure><\/div><div class=\"wp-block-getwid-images-slider__item\" style=\"height:400px\"><figure><img decoding=\"async\" width=\"2560\" height=\"1707\" data-src=\"https:\/\/cents.lgs.lu\/wp-content\/uploads\/2020\/12\/IMG_7652-scaled.jpg\" alt=\"\" data-id=\"2610\" data-link=\"https:\/\/cents.lgs.lu\/index.php\/branchen\/avex\/learning-by-doing\/img_7652\/\" data-original-link=\"https:\/\/cents.lgs.lu\/wp-content\/uploads\/2020\/12\/IMG_7652-scaled.jpg\" class=\"wp-block-getwid-images-slider__image wp-image-2610 lazyload\" data-srcset=\"https:\/\/cents.lgs.lu\/wp-content\/uploads\/2020\/12\/IMG_7652-scaled.jpg 2560w, https:\/\/cents.lgs.lu\/wp-content\/uploads\/2020\/12\/IMG_7652-scaled-600x400.jpg 600w, https:\/\/cents.lgs.lu\/wp-content\/uploads\/2020\/12\/IMG_7652-300x200.jpg 300w, https:\/\/cents.lgs.lu\/wp-content\/uploads\/2020\/12\/IMG_7652-1024x683.jpg 1024w, https:\/\/cents.lgs.lu\/wp-content\/uploads\/2020\/12\/IMG_7652-768x512.jpg 768w, https:\/\/cents.lgs.lu\/wp-content\/uploads\/2020\/12\/IMG_7652-1536x1024.jpg 1536w, https:\/\/cents.lgs.lu\/wp-content\/uploads\/2020\/12\/IMG_7652-2048x1365.jpg 2048w, https:\/\/cents.lgs.lu\/wp-content\/uploads\/2020\/12\/IMG_7652-450x300.jpg 450w\" data-sizes=\"(max-width: 2560px) 100vw, 2560px\" src=\"data:image\/svg+xml;base64,PHN2ZyB3aWR0aD0iMSIgaGVpZ2h0PSIxIiB4bWxucz0iaHR0cDovL3d3dy53My5vcmcvMjAwMC9zdmciPjwvc3ZnPg==\" style=\"--smush-placeholder-width: 2560px; --smush-placeholder-aspect-ratio: 2560\/1707;\" \/><\/figure><\/div><div class=\"wp-block-getwid-images-slider__item\" style=\"height:400px\"><figure><img decoding=\"async\" width=\"1707\" height=\"2560\" data-src=\"https:\/\/cents.lgs.lu\/wp-content\/uploads\/2020\/12\/IMG_7698-scaled.jpg\" alt=\"\" data-id=\"2611\" data-link=\"https:\/\/cents.lgs.lu\/index.php\/branchen\/avex\/learning-by-doing\/img_7698\/\" data-original-link=\"https:\/\/cents.lgs.lu\/wp-content\/uploads\/2020\/12\/IMG_7698-scaled.jpg\" class=\"wp-block-getwid-images-slider__image wp-image-2611 lazyload\" data-srcset=\"https:\/\/cents.lgs.lu\/wp-content\/uploads\/2020\/12\/IMG_7698-scaled.jpg 1707w, https:\/\/cents.lgs.lu\/wp-content\/uploads\/2020\/12\/IMG_7698-scaled-600x900.jpg 600w, https:\/\/cents.lgs.lu\/wp-content\/uploads\/2020\/12\/IMG_7698-200x300.jpg 200w, https:\/\/cents.lgs.lu\/wp-content\/uploads\/2020\/12\/IMG_7698-683x1024.jpg 683w, https:\/\/cents.lgs.lu\/wp-content\/uploads\/2020\/12\/IMG_7698-768x1152.jpg 768w, https:\/\/cents.lgs.lu\/wp-content\/uploads\/2020\/12\/IMG_7698-1024x1536.jpg 1024w, https:\/\/cents.lgs.lu\/wp-content\/uploads\/2020\/12\/IMG_7698-1365x2048.jpg 1365w\" data-sizes=\"(max-width: 1707px) 100vw, 1707px\" src=\"data:image\/svg+xml;base64,PHN2ZyB3aWR0aD0iMSIgaGVpZ2h0PSIxIiB4bWxucz0iaHR0cDovL3d3dy53My5vcmcvMjAwMC9zdmciPjwvc3ZnPg==\" style=\"--smush-placeholder-width: 1707px; --smush-placeholder-aspect-ratio: 1707\/2560;\" \/><\/figure><\/div><\/div><\/div>\n<\/div>\n\n\n\n<div class=\"wp-block-column is-layout-flow wp-block-column-is-layout-flow\">\n<p class=\"has-text-align-left\" style=\"font-size:18px\">D\u2018 Scoute stinn net n\u00ebmme fir flott Aktivit\u00e9iten, mee mir sinn och eng Schoul fir d\u2018Liewen. Esou l\u00e9ieren&nbsp;d\u2018 Avex \u00ebnnert anerem: Kniet man, Kachen, Feier man, \u2026<\/p>\n\n\n\n<p class=\"has-text-align-left\" style=\"font-size:18px\">Heib\u00e4i lee\u00eb mir e grousse W\u00e4ert op d\u2019Praxis. An der Schoul hunn di Jonk oft eng passiv Roll, wann et em d\u2019L\u00e9iere&nbsp;geet. Nom Motto <em>\u201eLearning by doing\u201c <\/em>(<em>l\u00e9ieren duerch maachen<\/em>) iwwerhuelen d\u2019Avex eng aktiv Roll beim l\u00e9ieren. Esou weise mir den Avex net einfach w\u00e9i een eppes m\u00e9cht, mee si&nbsp;l\u00e9ieren et gr\u00e9isstendeels andeems si et selwer maachen. D&#8217; Chefs stinn hinnen heib\u00e4i awer natierlech zur S\u00e4it fir Tipps ze ginn, an opzepassen, dass sech dob\u00e4i kee verletzt.<\/p>\n<\/div>\n<\/div>\n\n\n\n<div class=\"wp-block-group\"><div class=\"wp-block-group__inner-container is-layout-constrained wp-block-group-is-layout-constrained\">\n<div style=\"height:40px\" aria-hidden=\"true\" class=\"wp-block-spacer\"><\/div>\n\n\n\n<div class=\"wp-block-columns is-not-stacked-on-mobile is-layout-flex wp-container-core-columns-is-layout-9d6595d7 wp-block-columns-is-layout-flex\">\n<div class=\"wp-block-column is-layout-flow wp-block-column-is-layout-flow\">\n<div class=\"wp-block-buttons is-layout-flex wp-block-buttons-is-layout-flex\">\n<div class=\"wp-block-button\"><a class=\"wp-block-button__link wp-element-button\" href=\"https:\/\/cents.lgs.lu\/en\/branchen\/avex\/scoutstechniken\/\">&lt;&#8211; Scoutstechnicken<\/a><\/div>\n<\/div>\n<\/div>\n\n\n\n<div class=\"wp-block-column is-layout-flow wp-block-column-is-layout-flow\">\n<div class=\"wp-block-buttons is-content-justification-right is-nowrap is-layout-flex wp-container-core-buttons-is-layout-f5f3ae2a wp-block-buttons-is-layout-flex\">\n<div class=\"wp-block-button\"><a class=\"wp-block-button__link wp-element-button\" href=\"https:\/\/cents.lgs.lu\/en\/branchen\/avex\/kreativiteit\/\">Kreativit\u00e9it &#8211;&gt;<\/a><\/div>\n<\/div>\n<\/div>\n<\/div>\n<\/div><\/div>\n<\/div><\/div><\/div>\n<\/div><\/div>","protected":false},"excerpt":{"rendered":"<p>D\u2018 Scoute stinn net n\u00ebmme fir flott Aktivit\u00e9iten, mee mir sinn och eng Schoul fir d\u2018Liewen. Esou l\u00e9ieren&nbsp;d\u2018 Avex \u00ebnnert anerem: Kniet man, Kachen, Feier man, \u2026 Heib\u00e4i lee\u00eb mir e grousse W\u00e4ert op d\u2019Praxis. An der Schoul hunn di Jonk oft eng passiv Roll, wann et em d\u2019L\u00e9iere&nbsp;geet. Nom Motto \u201eLearning by doing\u201c (l\u00e9ieren [&hellip;]<\/p>\n","protected":false},"author":2,"featured_media":0,"parent":19,"menu_order":0,"comment_status":"closed","ping_status":"closed","template":"","meta":{"_uag_custom_page_level_css":"","advanced_seo_description":"","jetpack_seo_html_title":"","jetpack_seo_noindex":false,"_vp_format_video_url":"","_vp_image_focal_point":[],"footnotes":""},"class_list":["post-2604","page","type-page","status-publish","hentry"],"featured_image_urls_v2":{"full":"","thumbnail":"","medium":"","medium_large":"","large":"","1536x1536":"","2048x2048":"","trp-custom-language-flag":"","vp_sm":"","vp_md":"","vp_lg":"","vp_xl":"","vp_sm_popup":"","vp_md_popup":"","vp_xl_popup":"","woocommerce_thumbnail":"","woocommerce_single":"","woocommerce_gallery_thumbnail":""},"post_excerpt_stackable_v2":"<p>D\u2018 Scoute stinn net n\u00ebmme fir flott Aktivit\u00e9iten, mee mir sinn och eng Schoul fir d\u2018Liewen. Esou l\u00e9ieren&nbsp;d\u2018 Avex \u00ebnnert anerem: Kniet man, Kachen, Feier man, \u2026 Heib\u00e4i lee\u00eb mir e grousse W\u00e4ert op d\u2019Praxis. An der Schoul hunn di Jonk oft eng passiv Roll, wann et em d\u2019L\u00e9iere&nbsp;geet. Nom Motto \u201eLearning by doing\u201c (l\u00e9ieren duerch maachen) iwwerhuelen d\u2019Avex eng aktiv Roll beim l\u00e9ieren. Esou weise mir den Avex net einfach w\u00e9i een eppes m\u00e9cht, mee si&nbsp;l\u00e9ieren et gr\u00e9isstendeels andeems si et selwer maachen. D&#8217; Chefs stinn hinnen heib\u00e4i awer natierlech zur S\u00e4it fir Tipps ze ginn, an opzepassen, dass&hellip;<\/p>\n","category_list_v2":"","author_info_v2":{"name":"Tom Schmit","url":"https:\/\/cents.lgs.lu\/en\/author\/tom-schmit\/"},"comments_num_v2":"0 comments","uagb_featured_image_src":{"full":false,"thumbnail":false,"medium":false,"medium_large":false,"large":false,"1536x1536":false,"2048x2048":false,"trp-custom-language-flag":false,"vp_sm":false,"vp_md":false,"vp_lg":false,"vp_xl":false,"vp_sm_popup":false,"vp_md_popup":false,"vp_xl_popup":false,"woocommerce_thumbnail":false,"woocommerce_single":false,"woocommerce_gallery_thumbnail":false},"uagb_author_info":{"display_name":"Tom Schmit","author_link":"https:\/\/cents.lgs.lu\/en\/author\/tom-schmit\/"},"uagb_comment_info":0,"uagb_excerpt":"D\u2018 Scoute stinn net n\u00ebmme fir flott Aktivit\u00e9iten, mee mir sinn och eng Schoul fir d\u2018Liewen. Esou l\u00e9ieren&nbsp;d\u2018 Avex \u00ebnnert anerem: Kniet man, Kachen, Feier man, \u2026 Heib\u00e4i lee\u00eb mir e grousse W\u00e4ert op d\u2019Praxis. An der Schoul hunn di Jonk oft eng passiv Roll, wann et em d\u2019L\u00e9iere&nbsp;geet. Nom Motto \u201eLearning by doing\u201c (l\u00e9ieren&hellip;","jetpack_shortlink":"https:\/\/wp.me\/PenGAm-G0","jetpack_sharing_enabled":true,"_links":{"self":[{"href":"https:\/\/cents.lgs.lu\/en\/wp-json\/wp\/v2\/pages\/2604","targetHints":{"allow":["GET"]}}],"collection":[{"href":"https:\/\/cents.lgs.lu\/en\/wp-json\/wp\/v2\/pages"}],"about":[{"href":"https:\/\/cents.lgs.lu\/en\/wp-json\/wp\/v2\/types\/page"}],"author":[{"embeddable":true,"href":"https:\/\/cents.lgs.lu\/en\/wp-json\/wp\/v2\/users\/2"}],"replies":[{"embeddable":true,"href":"https:\/\/cents.lgs.lu\/en\/wp-json\/wp\/v2\/comments?post=2604"}],"version-history":[{"count":20,"href":"https:\/\/cents.lgs.lu\/en\/wp-json\/wp\/v2\/pages\/2604\/revisions"}],"predecessor-version":[{"id":15758,"href":"https:\/\/cents.lgs.lu\/en\/wp-json\/wp\/v2\/pages\/2604\/revisions\/15758"}],"up":[{"embeddable":true,"href":"https:\/\/cents.lgs.lu\/en\/wp-json\/wp\/v2\/pages\/19"}],"wp:attachment":[{"href":"https:\/\/cents.lgs.lu\/en\/wp-json\/wp\/v2\/media?parent=2604"}],"curies":[{"name":"wp","href":"https:\/\/api.w.org\/{rel}","templated":true}]}}