{"id":2577,"date":"2020-12-29T18:53:59","date_gmt":"2020-12-29T17:53:59","guid":{"rendered":"https:\/\/cents.lgs.lu\/?page_id=2577"},"modified":"2025-06-14T18:39:22","modified_gmt":"2025-06-14T16:39:22","slug":"avex_method_matbestemmung","status":"publish","type":"page","link":"https:\/\/cents.lgs.lu\/en\/branchen\/avex\/avex_method_matbestemmung\/","title":{"rendered":"Matbestemmung"},"content":{"rendered":"<div class=\"wp-block-stackable-columns stk-block-columns stk-block stk-26ad801\" data-block-id=\"26ad801\"><div class=\"stk-row stk-inner-blocks stk-block-content stk-content-align stk-26ad801-column\">\n<div class=\"wp-block-stackable-column stk-block-column stk-column stk-block stk-d90f196\" data-v=\"4\" data-block-id=\"d90f196\"><style>.stk-d90f196-container{margin-top:15px !important;margin-right:15px !important;margin-bottom:15px !important;margin-left:15px !important;}<\/style><div class=\"stk-column-wrapper stk-block-column__content stk-container stk-d90f196-container stk--no-background stk--no-padding\"><div class=\"stk-block-content stk-inner-blocks stk-d90f196-inner-blocks\">\n<div style=\"height:25px\" aria-hidden=\"true\" class=\"wp-block-spacer\"><\/div>\n\n\n\n<div class=\"wp-block-media-text alignwide is-stacked-on-mobile is-vertically-aligned-center\" style=\"grid-template-columns:37% auto\"><figure class=\"wp-block-media-text__media\"><img decoding=\"async\" width=\"768\" height=\"1024\" data-src=\"https:\/\/cents.lgs.lu\/wp-content\/uploads\/2020\/12\/IMG_2186-1-768x1024.jpg\" alt=\"\" class=\"wp-image-2585 size-full lazyload\" data-srcset=\"https:\/\/cents.lgs.lu\/wp-content\/uploads\/2020\/12\/IMG_2186-1-768x1024.jpg 768w, https:\/\/cents.lgs.lu\/wp-content\/uploads\/2020\/12\/IMG_2186-1-scaled-600x800.jpg 600w, https:\/\/cents.lgs.lu\/wp-content\/uploads\/2020\/12\/IMG_2186-1-225x300.jpg 225w, https:\/\/cents.lgs.lu\/wp-content\/uploads\/2020\/12\/IMG_2186-1-1152x1536.jpg 1152w, https:\/\/cents.lgs.lu\/wp-content\/uploads\/2020\/12\/IMG_2186-1-1536x2048.jpg 1536w, https:\/\/cents.lgs.lu\/wp-content\/uploads\/2020\/12\/IMG_2186-1-scaled.jpg 1920w\" data-sizes=\"(max-width: 768px) 100vw, 768px\" src=\"data:image\/svg+xml;base64,PHN2ZyB3aWR0aD0iMSIgaGVpZ2h0PSIxIiB4bWxucz0iaHR0cDovL3d3dy53My5vcmcvMjAwMC9zdmciPjwvc3ZnPg==\" style=\"--smush-placeholder-width: 768px; --smush-placeholder-aspect-ratio: 768\/1024;\" \/><\/figure><div class=\"wp-block-media-text__content\">\n<p style=\"font-size:18px\"><em><strong>&#8221; Ask the Boy, Ask the Girl &#8220;<\/strong><\/em><\/p>\n\n\n\n<p class=\"has-text-align-left\" style=\"font-size:18px\">Fir dass eise Programm, an eis Aktivit\u00e9iten, den Avex esou gutt w\u00e9i m\u00e9iglech gefalen, loosse mir si selwer entscheeden, zu w\u00e9i engem Thema eng Expeditioun stattf\u00ebnnt. Wann des Decisioun bis getraff gouf, froe mir si och w\u00e9i eng Aktivit\u00e9iten si dozou maache w\u00e9ilten. Mat d\u00ebsem Feedback prob\u00e9iere mir als Chef dann, den Avex, en adapt\u00e9ierte Programm unzebidden.<\/p>\n<\/div><\/div>\n\n\n\n<div style=\"height:40px\" aria-hidden=\"true\" class=\"wp-block-spacer\"><\/div>\n\n\n\n<div class=\"wp-block-group\"><div class=\"wp-block-group__inner-container is-layout-constrained wp-block-group-is-layout-constrained\">\n<div class=\"wp-block-columns is-not-stacked-on-mobile is-layout-flex wp-container-core-columns-is-layout-9d6595d7 wp-block-columns-is-layout-flex\">\n<div class=\"wp-block-column is-vertically-aligned-center is-layout-flow wp-block-column-is-layout-flow\">\n<div class=\"wp-block-buttons is-layout-flex wp-block-buttons-is-layout-flex\">\n<div class=\"wp-block-button\"><a class=\"wp-block-button__link wp-element-button\" href=\"https:\/\/cents.lgs.lu\/en\/branchen\/avex\/perseinlechen-fortschrett\/\">&lt;&#8211; Pers\u00e9inleche Fortschr\u00ebtt<\/a><\/div>\n<\/div>\n<\/div>\n\n\n\n<div class=\"wp-block-column is-vertically-aligned-center is-layout-flow wp-block-column-is-layout-flow\">\n<div class=\"wp-block-buttons is-content-justification-right is-layout-flex wp-container-core-buttons-is-layout-765c4724 wp-block-buttons-is-layout-flex\">\n<div class=\"wp-block-button\"><a class=\"wp-block-button__link wp-element-button\" href=\"https:\/\/cents.lgs.lu\/en\/branchen\/avex\/patrullen\/\">Patrullen &#8211;&gt;<\/a><\/div>\n<\/div>\n<\/div>\n<\/div>\n<\/div><\/div>\n<\/div><\/div><\/div>\n<\/div><\/div>","protected":false},"excerpt":{"rendered":"<p>&#8221; Ask the Boy, Ask the Girl &#8220; Fir dass eise Programm, an eis Aktivit\u00e9iten, den Avex esou gutt w\u00e9i m\u00e9iglech gefalen, loosse mir si selwer entscheeden, zu w\u00e9i engem Thema eng Expeditioun stattf\u00ebnnt. Wann des Decisioun bis getraff gouf, froe mir si och w\u00e9i eng Aktivit\u00e9iten si dozou maache w\u00e9ilten. Mat d\u00ebsem Feedback prob\u00e9iere [&hellip;]<\/p>\n","protected":false},"author":2,"featured_media":2580,"parent":19,"menu_order":0,"comment_status":"closed","ping_status":"closed","template":"","meta":{"_uag_custom_page_level_css":"","advanced_seo_description":"","jetpack_seo_html_title":"","jetpack_seo_noindex":false,"_vp_format_video_url":"","_vp_image_focal_point":[],"footnotes":""},"class_list":["post-2577","page","type-page","status-publish","has-post-thumbnail","hentry"],"featured_image_urls_v2":{"full":["https:\/\/cents.lgs.lu\/wp-content\/uploads\/2020\/12\/Matbestemmung.jpg",926,655,false],"thumbnail":["https:\/\/cents.lgs.lu\/wp-content\/uploads\/2020\/12\/Matbestemmung-150x150.jpg",150,150,true],"medium":["https:\/\/cents.lgs.lu\/wp-content\/uploads\/2020\/12\/Matbestemmung-300x212.jpg",300,212,true],"medium_large":["https:\/\/cents.lgs.lu\/wp-content\/uploads\/2020\/12\/Matbestemmung-768x543.jpg",768,543,true],"large":["https:\/\/cents.lgs.lu\/wp-content\/uploads\/2020\/12\/Matbestemmung.jpg",926,655,false],"1536x1536":["https:\/\/cents.lgs.lu\/wp-content\/uploads\/2020\/12\/Matbestemmung.jpg",926,655,false],"2048x2048":["https:\/\/cents.lgs.lu\/wp-content\/uploads\/2020\/12\/Matbestemmung.jpg",926,655,false],"trp-custom-language-flag":["https:\/\/cents.lgs.lu\/wp-content\/uploads\/2020\/12\/Matbestemmung.jpg",18,12,false],"vp_sm":["https:\/\/cents.lgs.lu\/wp-content\/uploads\/2020\/12\/Matbestemmung.jpg",250,177,false],"vp_md":["https:\/\/cents.lgs.lu\/wp-content\/uploads\/2020\/12\/Matbestemmung.jpg",800,566,false],"vp_lg":["https:\/\/cents.lgs.lu\/wp-content\/uploads\/2020\/12\/Matbestemmung.jpg",926,655,false],"vp_xl":["https:\/\/cents.lgs.lu\/wp-content\/uploads\/2020\/12\/Matbestemmung.jpg",926,655,false],"vp_sm_popup":["https:\/\/cents.lgs.lu\/wp-content\/uploads\/2020\/12\/Matbestemmung.jpg",500,354,false],"vp_md_popup":["https:\/\/cents.lgs.lu\/wp-content\/uploads\/2020\/12\/Matbestemmung.jpg",800,566,false],"vp_xl_popup":["https:\/\/cents.lgs.lu\/wp-content\/uploads\/2020\/12\/Matbestemmung.jpg",926,655,false],"woocommerce_thumbnail":["https:\/\/cents.lgs.lu\/wp-content\/uploads\/2020\/12\/Matbestemmung-300x300.jpg",300,300,true],"woocommerce_single":["https:\/\/cents.lgs.lu\/wp-content\/uploads\/2020\/12\/Matbestemmung-600x424.jpg",600,424,true],"woocommerce_gallery_thumbnail":["https:\/\/cents.lgs.lu\/wp-content\/uploads\/2020\/12\/Matbestemmung-100x100.jpg",100,100,true]},"post_excerpt_stackable_v2":"<p>&#8221; Ask the Boy, Ask the Girl &#8220; Fir dass eise Programm, an eis Aktivit\u00e9iten, den Avex esou gutt w\u00e9i m\u00e9iglech gefalen, loosse mir si selwer entscheeden, zu w\u00e9i engem Thema eng Expeditioun stattf\u00ebnnt. Wann des Decisioun bis getraff gouf, froe mir si och w\u00e9i eng Aktivit\u00e9iten si dozou maache w\u00e9ilten. Mat d\u00ebsem Feedback prob\u00e9iere mir als Chef dann, den Avex, en adapt\u00e9ierte Programm unzebidden. &lt;&#8211; Pers\u00e9inleche Fortschr\u00ebtt Patrullen &#8211;&gt;<\/p>\n","category_list_v2":"","author_info_v2":{"name":"Tom Schmit","url":"https:\/\/cents.lgs.lu\/en\/author\/tom-schmit\/"},"comments_num_v2":"0 comments","uagb_featured_image_src":{"full":["https:\/\/cents.lgs.lu\/wp-content\/uploads\/2020\/12\/Matbestemmung.jpg",926,655,false],"thumbnail":["https:\/\/cents.lgs.lu\/wp-content\/uploads\/2020\/12\/Matbestemmung-150x150.jpg",150,150,true],"medium":["https:\/\/cents.lgs.lu\/wp-content\/uploads\/2020\/12\/Matbestemmung-300x212.jpg",300,212,true],"medium_large":["https:\/\/cents.lgs.lu\/wp-content\/uploads\/2020\/12\/Matbestemmung-768x543.jpg",768,543,true],"large":["https:\/\/cents.lgs.lu\/wp-content\/uploads\/2020\/12\/Matbestemmung.jpg",926,655,false],"1536x1536":["https:\/\/cents.lgs.lu\/wp-content\/uploads\/2020\/12\/Matbestemmung.jpg",926,655,false],"2048x2048":["https:\/\/cents.lgs.lu\/wp-content\/uploads\/2020\/12\/Matbestemmung.jpg",926,655,false],"trp-custom-language-flag":["https:\/\/cents.lgs.lu\/wp-content\/uploads\/2020\/12\/Matbestemmung.jpg",18,12,false],"vp_sm":["https:\/\/cents.lgs.lu\/wp-content\/uploads\/2020\/12\/Matbestemmung.jpg",250,177,false],"vp_md":["https:\/\/cents.lgs.lu\/wp-content\/uploads\/2020\/12\/Matbestemmung.jpg",800,566,false],"vp_lg":["https:\/\/cents.lgs.lu\/wp-content\/uploads\/2020\/12\/Matbestemmung.jpg",926,655,false],"vp_xl":["https:\/\/cents.lgs.lu\/wp-content\/uploads\/2020\/12\/Matbestemmung.jpg",926,655,false],"vp_sm_popup":["https:\/\/cents.lgs.lu\/wp-content\/uploads\/2020\/12\/Matbestemmung.jpg",500,354,false],"vp_md_popup":["https:\/\/cents.lgs.lu\/wp-content\/uploads\/2020\/12\/Matbestemmung.jpg",800,566,false],"vp_xl_popup":["https:\/\/cents.lgs.lu\/wp-content\/uploads\/2020\/12\/Matbestemmung.jpg",926,655,false],"woocommerce_thumbnail":["https:\/\/cents.lgs.lu\/wp-content\/uploads\/2020\/12\/Matbestemmung-300x300.jpg",300,300,true],"woocommerce_single":["https:\/\/cents.lgs.lu\/wp-content\/uploads\/2020\/12\/Matbestemmung-600x424.jpg",600,424,true],"woocommerce_gallery_thumbnail":["https:\/\/cents.lgs.lu\/wp-content\/uploads\/2020\/12\/Matbestemmung-100x100.jpg",100,100,true]},"uagb_author_info":{"display_name":"Tom Schmit","author_link":"https:\/\/cents.lgs.lu\/en\/author\/tom-schmit\/"},"uagb_comment_info":0,"uagb_excerpt":"&#8221; Ask the Boy, Ask the Girl &#8220; Fir dass eise Programm, an eis Aktivit\u00e9iten, den Avex esou gutt w\u00e9i m\u00e9iglech gefalen, loosse mir si selwer entscheeden, zu w\u00e9i engem Thema eng Expeditioun stattf\u00ebnnt. Wann des Decisioun bis getraff gouf, froe mir si och w\u00e9i eng Aktivit\u00e9iten si dozou maache w\u00e9ilten. Mat d\u00ebsem Feedback prob\u00e9iere&hellip;","jetpack_shortlink":"https:\/\/wp.me\/PenGAm-Fz","jetpack_sharing_enabled":true,"_links":{"self":[{"href":"https:\/\/cents.lgs.lu\/en\/wp-json\/wp\/v2\/pages\/2577","targetHints":{"allow":["GET"]}}],"collection":[{"href":"https:\/\/cents.lgs.lu\/en\/wp-json\/wp\/v2\/pages"}],"about":[{"href":"https:\/\/cents.lgs.lu\/en\/wp-json\/wp\/v2\/types\/page"}],"author":[{"embeddable":true,"href":"https:\/\/cents.lgs.lu\/en\/wp-json\/wp\/v2\/users\/2"}],"replies":[{"embeddable":true,"href":"https:\/\/cents.lgs.lu\/en\/wp-json\/wp\/v2\/comments?post=2577"}],"version-history":[{"count":19,"href":"https:\/\/cents.lgs.lu\/en\/wp-json\/wp\/v2\/pages\/2577\/revisions"}],"predecessor-version":[{"id":15757,"href":"https:\/\/cents.lgs.lu\/en\/wp-json\/wp\/v2\/pages\/2577\/revisions\/15757"}],"up":[{"embeddable":true,"href":"https:\/\/cents.lgs.lu\/en\/wp-json\/wp\/v2\/pages\/19"}],"wp:featuredmedia":[{"embeddable":true,"href":"https:\/\/cents.lgs.lu\/en\/wp-json\/wp\/v2\/media\/2580"}],"wp:attachment":[{"href":"https:\/\/cents.lgs.lu\/en\/wp-json\/wp\/v2\/media?parent=2577"}],"curies":[{"name":"wp","href":"https:\/\/api.w.org\/{rel}","templated":true}]}}