{"id":23,"date":"2017-08-04T09:38:46","date_gmt":"2017-08-04T09:38:46","guid":{"rendered":"https:\/\/cents.lgs.lu\/?page_id=23"},"modified":"2025-06-13T12:51:55","modified_gmt":"2025-06-13T10:51:55","slug":"amicale","status":"publish","type":"page","link":"https:\/\/cents.lgs.lu\/en\/amicale\/","title":{"rendered":"Amicale"},"content":{"rendered":"<div class=\"wp-block-stackable-columns stk-block-columns stk-block stk-9c9dc13\" data-block-id=\"9c9dc13\"><div class=\"stk-row stk-inner-blocks stk-block-content stk-content-align stk-9c9dc13-column\">\n<div class=\"wp-block-stackable-column stk-block-column stk-column stk-block stk-0d9dbea\" data-v=\"4\" data-block-id=\"0d9dbea\"><style>.stk-0d9dbea-container{margin-top:20px !important;margin-right:20px !important;margin-bottom:20px !important;margin-left:20px !important;}<\/style><div class=\"stk-column-wrapper stk-block-column__content stk-container stk-0d9dbea-container stk--no-background stk--no-padding\"><div class=\"stk-block-content stk-inner-blocks stk-0d9dbea-inner-blocks\">\n<p>Daat sin mir, d\u2019Centser Amicale&nbsp;:<\/p>\n\n\n<div class=\"wp-block-image is-style-default\">\n<figure class=\"aligncenter size-large\"><img decoding=\"async\" data-src=\"https:\/\/cents.lgs.lu\/wp-content\/uploads\/2022\/08\/Amicale-Gruppefoto-2022-1-von-1-edited-1-scaled.jpg\" alt=\"\" class=\"wp-image-6972 lazyload\" src=\"data:image\/svg+xml;base64,PHN2ZyB3aWR0aD0iMSIgaGVpZ2h0PSIxIiB4bWxucz0iaHR0cDovL3d3dy53My5vcmcvMjAwMC9zdmciPjwvc3ZnPg==\" style=\"--smush-placeholder-width: 2560px; --smush-placeholder-aspect-ratio: 2560\/1440;\" \/><\/figure>\n<\/div>\n\n\n<p>D\u2019Amicale besteet gr\u00e9issten Deels aus Fr\u00ebnn a Kollegen vun den Guiden a Scouten, awer och Elteren vun eise Kanner sinn h\u00e4erzlech W\u00ebllkomm&nbsp;eis ze h\u00ebllefen&nbsp;an eis ze \u00ebnnerst\u00ebtzen an wei enger Form och \u00ebmmer.<\/p>\n\n\n\n<p>Mir brauchen \u00ebmmer&nbsp;vill Leit, wann et&nbsp;heescht d\u2019Guiden a Scouten feieren Kannerfuesbal, Buergbrennen an natierlech eis traditionell&nbsp;Guiden- a Scoutskiermes. Dofir sinn mir \u00ebmmer&nbsp;frou, dass esou vill H\u00e4nn eis bei eisen groussen Manifestatiounen h\u00ebllefen.<\/p>\n\n\n\n<p>Sidd dir interess\u00e9iert? Dann hannerloosst \u00e4er mail-adresse am Amicale Newsletter. Esou si dir \u00ebmmer inform\u00e9iert, winni di n\u00e4cht Aktivit\u00e9it usteet, bei d\u00e4r dir eng Hand mat upake k\u00ebnnt:<\/p>\n\n\n\n<iframe width=\"540\" height=\"700\" data-src=\"https:\/\/0bb230d4.sibforms.com\/serve\/MUIFAMdqRqhCwGzoL-CnR1zszJUpRFjNwRE0JY5Kk4jTk1xBLPHyyAQb0NKWiZg_PZ9O7OD7Kpb9Q2GDpk0u5wG6TcfvDrOUPTxAuJYmEw8m3bnVm9B9vK63FYftvwi9qj47dZW_zMP4-o0VdUWQSIFUM-_UkpnXxLVAznGhCJu8jy10--EXavglUhkeFDBL-bYUPzNKlMXO4eHp\" frameborder=\"0\" scrolling=\"auto\" allowfullscreen style=\"display: block;margin-left: auto;margin-right: auto;max-width: 100%;\" src=\"data:image\/svg+xml;base64,PHN2ZyB3aWR0aD0iMSIgaGVpZ2h0PSIxIiB4bWxucz0iaHR0cDovL3d3dy53My5vcmcvMjAwMC9zdmciPjwvc3ZnPg==\" class=\"lazyload\" data-load-mode=\"1\"><\/iframe>\n\n\n\n<h2 class=\"wp-block-heading\">Aktivit\u00e9iten:<\/h2>\n\n\n\n<p>De Schw\u00e9ierpunkt l\u00e4it bei gr\u00e9isseren Organisatiounen, ew\u00e9i d\u2019Guiden- a Scoutskiermes, dem Buergbrennen, dem Kannerfuesbal, wou et m\u00ebttlerweil jidderengem dierft bekannt sinn, mat wellechem&nbsp;Asaatz \u201ad\u00e9i ganz \u201cFamill\u201d zur Reussite&nbsp;vun deem Ganze b\u00e4idr\u00e9it.<\/p>\n\n\n\n<p>Iwwer d\u2019Joren&nbsp;k\u00ebnne mir behaapten, dass mir d\u00ebs Aktivit\u00e9iten mat engem grousse finanziellen Erfolleg ofschl\u00e9issen konnten.<\/p>\n\n\n\n<p>Mee och soss si mir \u00ebmmer do , wann et heescht, dem Grupp eng Hand upaken&nbsp;bei allm\u00e9iglechen Aktivit\u00e9iten. D\u00ebs Tatsaach erm\u00e9iglecht dem Grupp an deene&nbsp;meeschte F\u00e4ll sech integral op d\u2019Scoutsaktivit\u00e9iten ze konzentr\u00e9ieren w\u00e4rend&nbsp;deem hir Amicale fir all niewes\u00e4chlech awer dach wichteg Chargen zoust\u00e4nneg ass. De finanziellen Iwwerschoss&nbsp;fl\u00e9isst praktesch integral an d\u2019Gruppekeess, en Deel bleift&nbsp;eiser Amicale fir iwwert d\u2019Joer k\u00ebnnen ze fonctionn\u00e9ieren.<\/p>\n<\/div><\/div><\/div>\n<\/div><\/div>","protected":false},"excerpt":{"rendered":"<p>Daat sin mir, d\u2019Centser Amicale&nbsp;: D\u2019Amicale besteet gr\u00e9issten Deels aus Fr\u00ebnn a Kollegen vun den Guiden a Scouten, awer och Elteren vun eise Kanner sinn h\u00e4erzlech W\u00ebllkomm&nbsp;eis ze h\u00ebllefen&nbsp;an eis ze \u00ebnnerst\u00ebtzen an wei enger Form och \u00ebmmer. Mir brauchen \u00ebmmer&nbsp;vill Leit, wann et&nbsp;heescht d\u2019Guiden a Scouten feieren Kannerfuesbal, Buergbrennen an natierlech eis traditionell&nbsp;Guiden- a [&hellip;]<\/p>\n","protected":false},"author":2,"featured_media":6972,"parent":0,"menu_order":0,"comment_status":"closed","ping_status":"closed","template":"","meta":{"_uag_custom_page_level_css":"","advanced_seo_description":"","jetpack_seo_html_title":"","jetpack_seo_noindex":false,"_vp_format_video_url":"","_vp_image_focal_point":[],"footnotes":""},"class_list":["post-23","page","type-page","status-publish","has-post-thumbnail","hentry"],"featured_image_urls_v2":{"full":["https:\/\/cents.lgs.lu\/wp-content\/uploads\/2022\/08\/Amicale-Gruppefoto-2022-1-von-1-edited-1-scaled-e1731341784643.jpg",1980,1114,false],"thumbnail":["https:\/\/cents.lgs.lu\/wp-content\/uploads\/2022\/08\/Amicale-Gruppefoto-2022-1-von-1-edited-1-scaled-e1731341784643.jpg",150,84,false],"medium":["https:\/\/cents.lgs.lu\/wp-content\/uploads\/2022\/08\/Amicale-Gruppefoto-2022-1-von-1-edited-1-scaled-e1731341784643.jpg",300,169,false],"medium_large":["https:\/\/cents.lgs.lu\/wp-content\/uploads\/2022\/08\/Amicale-Gruppefoto-2022-1-von-1-edited-1-scaled-e1731341784643.jpg",768,432,false],"large":["https:\/\/cents.lgs.lu\/wp-content\/uploads\/2022\/08\/Amicale-Gruppefoto-2022-1-von-1-edited-1-scaled-e1731341784643.jpg",1024,576,false],"1536x1536":["https:\/\/cents.lgs.lu\/wp-content\/uploads\/2022\/08\/Amicale-Gruppefoto-2022-1-von-1-edited-1-scaled-e1731341784643.jpg",1536,864,false],"2048x2048":["https:\/\/cents.lgs.lu\/wp-content\/uploads\/2022\/08\/Amicale-Gruppefoto-2022-1-von-1-edited-1-scaled-e1731341784643.jpg",1980,1114,false],"trp-custom-language-flag":["https:\/\/cents.lgs.lu\/wp-content\/uploads\/2022\/08\/Amicale-Gruppefoto-2022-1-von-1-edited-1-scaled-e1731341784643.jpg",18,10,false],"vp_sm":["https:\/\/cents.lgs.lu\/wp-content\/uploads\/2022\/08\/Amicale-Gruppefoto-2022-1-von-1-edited-1-scaled-e1731341784643.jpg",250,141,false],"vp_md":["https:\/\/cents.lgs.lu\/wp-content\/uploads\/2022\/08\/Amicale-Gruppefoto-2022-1-von-1-edited-1-scaled-e1731341784643.jpg",800,450,false],"vp_lg":["https:\/\/cents.lgs.lu\/wp-content\/uploads\/2022\/08\/Amicale-Gruppefoto-2022-1-von-1-edited-1-scaled-e1731341784643.jpg",1280,720,false],"vp_xl":["https:\/\/cents.lgs.lu\/wp-content\/uploads\/2022\/08\/Amicale-Gruppefoto-2022-1-von-1-edited-1-scaled-e1731341784643.jpg",1920,1080,false],"vp_sm_popup":["https:\/\/cents.lgs.lu\/wp-content\/uploads\/2022\/08\/Amicale-Gruppefoto-2022-1-von-1-edited-1-scaled-e1731341784643.jpg",500,281,false],"vp_md_popup":["https:\/\/cents.lgs.lu\/wp-content\/uploads\/2022\/08\/Amicale-Gruppefoto-2022-1-von-1-edited-1-scaled-e1731341784643.jpg",800,450,false],"vp_xl_popup":["https:\/\/cents.lgs.lu\/wp-content\/uploads\/2022\/08\/Amicale-Gruppefoto-2022-1-von-1-edited-1-scaled-e1731341784643.jpg",1920,1080,false],"woocommerce_thumbnail":["https:\/\/cents.lgs.lu\/wp-content\/uploads\/2022\/08\/Amicale-Gruppefoto-2022-1-von-1-edited-1-scaled-300x300.jpg",300,300,true],"woocommerce_single":["https:\/\/cents.lgs.lu\/wp-content\/uploads\/2022\/08\/Amicale-Gruppefoto-2022-1-von-1-edited-1-scaled-600x338.jpg",600,338,true],"woocommerce_gallery_thumbnail":["https:\/\/cents.lgs.lu\/wp-content\/uploads\/2022\/08\/Amicale-Gruppefoto-2022-1-von-1-edited-1-scaled-100x100.jpg",100,100,true]},"post_excerpt_stackable_v2":"<p>Daat sin mir, d\u2019Centser Amicale&nbsp;: D\u2019Amicale besteet gr\u00e9issten Deels aus Fr\u00ebnn a Kollegen vun den Guiden a Scouten, awer och Elteren vun eise Kanner sinn h\u00e4erzlech W\u00ebllkomm&nbsp;eis ze h\u00ebllefen&nbsp;an eis ze \u00ebnnerst\u00ebtzen an wei enger Form och \u00ebmmer. Mir brauchen \u00ebmmer&nbsp;vill Leit, wann et&nbsp;heescht d\u2019Guiden a Scouten feieren Kannerfuesbal, Buergbrennen an natierlech eis traditionell&nbsp;Guiden- a Scoutskiermes. Dofir sinn mir \u00ebmmer&nbsp;frou, dass esou vill H\u00e4nn eis bei eisen groussen Manifestatiounen h\u00ebllefen. Sidd dir interess\u00e9iert? Dann hannerloosst \u00e4er mail-adresse am Amicale Newsletter. Esou si dir \u00ebmmer inform\u00e9iert, winni di n\u00e4cht Aktivit\u00e9it usteet, bei d\u00e4r dir eng Hand mat upake k\u00ebnnt: Aktivit\u00e9iten: De&hellip;<\/p>\n","category_list_v2":"","author_info_v2":{"name":"Tom Schmit","url":"https:\/\/cents.lgs.lu\/en\/author\/tom-schmit\/"},"comments_num_v2":"0 comments","uagb_featured_image_src":{"full":["https:\/\/cents.lgs.lu\/wp-content\/uploads\/2022\/08\/Amicale-Gruppefoto-2022-1-von-1-edited-1-scaled-e1731341784643.jpg",1980,1114,false],"thumbnail":["https:\/\/cents.lgs.lu\/wp-content\/uploads\/2022\/08\/Amicale-Gruppefoto-2022-1-von-1-edited-1-scaled-e1731341784643.jpg",150,84,false],"medium":["https:\/\/cents.lgs.lu\/wp-content\/uploads\/2022\/08\/Amicale-Gruppefoto-2022-1-von-1-edited-1-scaled-e1731341784643.jpg",300,169,false],"medium_large":["https:\/\/cents.lgs.lu\/wp-content\/uploads\/2022\/08\/Amicale-Gruppefoto-2022-1-von-1-edited-1-scaled-e1731341784643.jpg",768,432,false],"large":["https:\/\/cents.lgs.lu\/wp-content\/uploads\/2022\/08\/Amicale-Gruppefoto-2022-1-von-1-edited-1-scaled-e1731341784643.jpg",1024,576,false],"1536x1536":["https:\/\/cents.lgs.lu\/wp-content\/uploads\/2022\/08\/Amicale-Gruppefoto-2022-1-von-1-edited-1-scaled-e1731341784643.jpg",1536,864,false],"2048x2048":["https:\/\/cents.lgs.lu\/wp-content\/uploads\/2022\/08\/Amicale-Gruppefoto-2022-1-von-1-edited-1-scaled-e1731341784643.jpg",1980,1114,false],"trp-custom-language-flag":["https:\/\/cents.lgs.lu\/wp-content\/uploads\/2022\/08\/Amicale-Gruppefoto-2022-1-von-1-edited-1-scaled-e1731341784643.jpg",18,10,false],"vp_sm":["https:\/\/cents.lgs.lu\/wp-content\/uploads\/2022\/08\/Amicale-Gruppefoto-2022-1-von-1-edited-1-scaled-e1731341784643.jpg",250,141,false],"vp_md":["https:\/\/cents.lgs.lu\/wp-content\/uploads\/2022\/08\/Amicale-Gruppefoto-2022-1-von-1-edited-1-scaled-e1731341784643.jpg",800,450,false],"vp_lg":["https:\/\/cents.lgs.lu\/wp-content\/uploads\/2022\/08\/Amicale-Gruppefoto-2022-1-von-1-edited-1-scaled-e1731341784643.jpg",1280,720,false],"vp_xl":["https:\/\/cents.lgs.lu\/wp-content\/uploads\/2022\/08\/Amicale-Gruppefoto-2022-1-von-1-edited-1-scaled-e1731341784643.jpg",1920,1080,false],"vp_sm_popup":["https:\/\/cents.lgs.lu\/wp-content\/uploads\/2022\/08\/Amicale-Gruppefoto-2022-1-von-1-edited-1-scaled-e1731341784643.jpg",500,281,false],"vp_md_popup":["https:\/\/cents.lgs.lu\/wp-content\/uploads\/2022\/08\/Amicale-Gruppefoto-2022-1-von-1-edited-1-scaled-e1731341784643.jpg",800,450,false],"vp_xl_popup":["https:\/\/cents.lgs.lu\/wp-content\/uploads\/2022\/08\/Amicale-Gruppefoto-2022-1-von-1-edited-1-scaled-e1731341784643.jpg",1920,1080,false],"woocommerce_thumbnail":["https:\/\/cents.lgs.lu\/wp-content\/uploads\/2022\/08\/Amicale-Gruppefoto-2022-1-von-1-edited-1-scaled-300x300.jpg",300,300,true],"woocommerce_single":["https:\/\/cents.lgs.lu\/wp-content\/uploads\/2022\/08\/Amicale-Gruppefoto-2022-1-von-1-edited-1-scaled-600x338.jpg",600,338,true],"woocommerce_gallery_thumbnail":["https:\/\/cents.lgs.lu\/wp-content\/uploads\/2022\/08\/Amicale-Gruppefoto-2022-1-von-1-edited-1-scaled-100x100.jpg",100,100,true]},"uagb_author_info":{"display_name":"Tom Schmit","author_link":"https:\/\/cents.lgs.lu\/en\/author\/tom-schmit\/"},"uagb_comment_info":0,"uagb_excerpt":"Daat sin mir, d\u2019Centser Amicale&nbsp;: D\u2019Amicale besteet gr\u00e9issten Deels aus Fr\u00ebnn a Kollegen vun den Guiden a Scouten, awer och Elteren vun eise Kanner sinn h\u00e4erzlech W\u00ebllkomm&nbsp;eis ze h\u00ebllefen&nbsp;an eis ze \u00ebnnerst\u00ebtzen an wei enger Form och \u00ebmmer. Mir brauchen \u00ebmmer&nbsp;vill Leit, wann et&nbsp;heescht d\u2019Guiden a Scouten feieren Kannerfuesbal, Buergbrennen an natierlech eis traditionell&nbsp;Guiden- a&hellip;","jetpack_shortlink":"https:\/\/wp.me\/PenGAm-n","jetpack_sharing_enabled":true,"_links":{"self":[{"href":"https:\/\/cents.lgs.lu\/en\/wp-json\/wp\/v2\/pages\/23","targetHints":{"allow":["GET"]}}],"collection":[{"href":"https:\/\/cents.lgs.lu\/en\/wp-json\/wp\/v2\/pages"}],"about":[{"href":"https:\/\/cents.lgs.lu\/en\/wp-json\/wp\/v2\/types\/page"}],"author":[{"embeddable":true,"href":"https:\/\/cents.lgs.lu\/en\/wp-json\/wp\/v2\/users\/2"}],"replies":[{"embeddable":true,"href":"https:\/\/cents.lgs.lu\/en\/wp-json\/wp\/v2\/comments?post=23"}],"version-history":[{"count":15,"href":"https:\/\/cents.lgs.lu\/en\/wp-json\/wp\/v2\/pages\/23\/revisions"}],"predecessor-version":[{"id":15657,"href":"https:\/\/cents.lgs.lu\/en\/wp-json\/wp\/v2\/pages\/23\/revisions\/15657"}],"wp:featuredmedia":[{"embeddable":true,"href":"https:\/\/cents.lgs.lu\/en\/wp-json\/wp\/v2\/media\/6972"}],"wp:attachment":[{"href":"https:\/\/cents.lgs.lu\/en\/wp-json\/wp\/v2\/media?parent=23"}],"curies":[{"name":"wp","href":"https:\/\/api.w.org\/{rel}","templated":true}]}}