{"id":211,"date":"2017-08-05T18:47:15","date_gmt":"2017-08-05T16:47:15","guid":{"rendered":"https:\/\/cents.lgs.lu\/?page_id=211"},"modified":"2025-06-13T13:30:44","modified_gmt":"2025-06-13T11:30:44","slug":"branchen","status":"publish","type":"page","link":"https:\/\/cents.lgs.lu\/en\/branchen\/","title":{"rendered":"Sections"},"content":{"rendered":"<div class=\"wp-block-stackable-columns stk-block-columns stk-block stk-c32ea0f\" data-block-id=\"c32ea0f\"><div class=\"stk-row stk-inner-blocks stk-block-content stk-content-align stk-c32ea0f-column\">\n<div class=\"wp-block-stackable-column stk-block-column stk-column stk-block stk-026a36a\" data-v=\"4\" data-block-id=\"026a36a\"><style>.stk-026a36a-container{margin-top:15px !important;margin-right:15px !important;margin-bottom:15px !important;margin-left:15px !important;}<\/style><div class=\"stk-column-wrapper stk-block-column__content stk-container stk-026a36a-container stk--no-background stk--no-padding\"><div class=\"stk-block-content stk-inner-blocks stk-026a36a-inner-blocks\">\n<p>The scouts are divided into several different age categories, which we call sections. The youngest section starts at 6 years (1st-year primary school)<\/p>\n\n\n\n<div class=\"wp-block-stackable-columns stk-block-columns stk-block stk-29e8430\" data-block-id=\"29e8430\"><style>.stk-29e8430 .stk--block-align-29e8430{align-items:flex-end !important;}.stk-29e8430 {align-items:center !important;display:flex !important;}.stk-29e8430-column{--stk-column-gap:20px !important;row-gap:0px !important;justify-content:space-evenly !important;}<\/style><div class=\"stk-row stk-inner-blocks stk--block-align-29e8430 stk-block-content stk-content-align stk-29e8430-column stk--flex alignwide\">\n<div class=\"wp-block-stackable-column stk-block-column stk-column stk-block stk-06e3d1f\" data-v=\"4\" data-block-id=\"06e3d1f\"><div class=\"stk-column-wrapper stk-block-column__content stk-container stk-06e3d1f-container stk--no-background stk--no-padding\"><div class=\"stk-block-content stk-inner-blocks stk-06e3d1f-inner-blocks\">\n<div class=\"wp-block-uagb-image uagb-block-c7cf95ef wp-block-uagb-image--layout-default wp-block-uagb-image--effect-static wp-block-uagb-image--align-none\"><figure class=\"wp-block-uagb-image__figure\"><img decoding=\"async\" data-srcset=\"https:\/\/cents.lgs.lu\/wp-content\/uploads\/2020\/02\/Biber_rgb-300x300.png\" data-sizes=\"auto, (max-width: 480px) 150px\" data-src=\"https:\/\/cents.lgs.lu\/wp-content\/uploads\/2020\/02\/Biber_rgb-300x300.png\" alt=\"\" class=\"uag-image-2874 lazyload\" width=\"300\" height=\"300\" title=\"\" src=\"data:image\/svg+xml;base64,PHN2ZyB3aWR0aD0iMSIgaGVpZ2h0PSIxIiB4bWxucz0iaHR0cDovL3d3dy53My5vcmcvMjAwMC9zdmciPjwvc3ZnPg==\" style=\"--smush-placeholder-width: 300px; --smush-placeholder-aspect-ratio: 300\/300;\" \/><figcaption class=\"uagb-image-caption\">6-8 years<\/figcaption><\/figure><\/div>\n<\/div><\/div><\/div>\n\n\n\n<div class=\"wp-block-stackable-column stk-block-column stk-column stk-block stk-97d640b\" data-v=\"4\" data-block-id=\"97d640b\"><div class=\"stk-column-wrapper stk-block-column__content stk-container stk-97d640b-container stk--no-background stk--no-padding\"><div class=\"stk-block-content stk-inner-blocks stk-97d640b-inner-blocks\">\n<div class=\"wp-block-uagb-image uagb-block-460190cd wp-block-uagb-image--layout-default wp-block-uagb-image--effect-static wp-block-uagb-image--align-none\"><figure class=\"wp-block-uagb-image__figure\"><img decoding=\"async\" data-srcset=\"https:\/\/cents.lgs.lu\/wp-content\/uploads\/2020\/02\/Wellefcher_rgb-e1731341238756.png ,https:\/\/cents.lgs.lu\/wp-content\/uploads\/2020\/02\/Wellefcher_rgb-e1731341238756.png 780w, https:\/\/cents.lgs.lu\/wp-content\/uploads\/2020\/02\/Wellefcher_rgb-e1731341238756.png 360w\" data-sizes=\"auto, (max-width: 480px) 150px\" data-src=\"https:\/\/cents.lgs.lu\/wp-content\/uploads\/2020\/02\/Wellefcher_rgb-e1731341238756.png\" alt=\"\" class=\"uag-image-2877 lazyload\" width=\"300\" height=\"300\" title=\"Wellefcher_rgb\" role=\"img\" src=\"data:image\/svg+xml;base64,PHN2ZyB3aWR0aD0iMSIgaGVpZ2h0PSIxIiB4bWxucz0iaHR0cDovL3d3dy53My5vcmcvMjAwMC9zdmciPjwvc3ZnPg==\" style=\"--smush-placeholder-width: 300px; --smush-placeholder-aspect-ratio: 300\/300;\" \/><figcaption class=\"uagb-image-caption\">8-11 years<\/figcaption><\/figure><\/div>\n<\/div><\/div><\/div>\n\n\n\n<div class=\"wp-block-stackable-column stk-block-column stk-column stk-block stk-ee845b6\" data-v=\"4\" data-block-id=\"ee845b6\"><div class=\"stk-column-wrapper stk-block-column__content stk-container stk-ee845b6-container stk--no-background stk--no-padding\"><div class=\"stk-block-content stk-inner-blocks stk-ee845b6-inner-blocks\">\n<div class=\"wp-block-uagb-image uagb-block-6e623a8a wp-block-uagb-image--layout-default wp-block-uagb-image--effect-static wp-block-uagb-image--align-none\"><figure class=\"wp-block-uagb-image__figure\"><img decoding=\"async\"  data-sizes=\"auto, (max-width: 480px) 150px\" data-src=\"https:\/\/cents.lgs.lu\/wp-content\/uploads\/2020\/02\/Avex_rgb-1024x1024.png\" alt=\"\" width=\"300\" height=\"300\" title=\"\" src=\"data:image\/svg+xml;base64,PHN2ZyB3aWR0aD0iMSIgaGVpZ2h0PSIxIiB4bWxucz0iaHR0cDovL3d3dy53My5vcmcvMjAwMC9zdmciPjwvc3ZnPg==\" class=\"lazyload\" style=\"--smush-placeholder-width: 300px; --smush-placeholder-aspect-ratio: 300\/300;\" \/><figcaption class=\"uagb-image-caption\">11-14 years<\/figcaption><\/figure><\/div>\n<\/div><\/div><\/div>\n\n\n\n<div class=\"wp-block-stackable-column stk-block-column stk-column stk-block stk-0918508\" data-v=\"4\" data-block-id=\"0918508\"><div class=\"stk-column-wrapper stk-block-column__content stk-container stk-0918508-container stk--no-background stk--no-padding\"><div class=\"stk-block-content stk-inner-blocks stk-0918508-inner-blocks\">\n<div class=\"wp-block-uagb-image uagb-block-9cf5eb89 wp-block-uagb-image--layout-default wp-block-uagb-image--effect-static wp-block-uagb-image--align-none\"><figure class=\"wp-block-uagb-image__figure\"><img decoding=\"async\"  data-sizes=\"auto, (max-width: 480px) 150px\" data-src=\"https:\/\/cents.lgs.lu\/wp-content\/uploads\/2020\/02\/CaraPio_rgb-300x300.png\" alt=\"\" width=\"300\" height=\"300\" title=\"\" src=\"data:image\/svg+xml;base64,PHN2ZyB3aWR0aD0iMSIgaGVpZ2h0PSIxIiB4bWxucz0iaHR0cDovL3d3dy53My5vcmcvMjAwMC9zdmciPjwvc3ZnPg==\" class=\"lazyload\" style=\"--smush-placeholder-width: 300px; --smush-placeholder-aspect-ratio: 300\/300;\" \/><figcaption class=\"uagb-image-caption\">14-17 years<\/figcaption><\/figure><\/div>\n<\/div><\/div><\/div>\n\n\n\n<div class=\"wp-block-stackable-column stk-block-column stk-column stk-block stk-2709ad4\" data-v=\"4\" data-block-id=\"2709ad4\"><div class=\"stk-column-wrapper stk-block-column__content stk-container stk-2709ad4-container stk--no-background stk--no-padding\"><div class=\"stk-block-content stk-inner-blocks stk-2709ad4-inner-blocks\">\n<div class=\"wp-block-uagb-image uagb-block-b82b4328 wp-block-uagb-image--layout-default wp-block-uagb-image--effect-static wp-block-uagb-image--align-none\"><figure class=\"wp-block-uagb-image__figure\"><img decoding=\"async\"  data-sizes=\"auto, (max-width: 480px) 150px\" data-src=\"https:\/\/cents.lgs.lu\/wp-content\/uploads\/2020\/02\/RaRo_rgb-1024x1024.png\" alt=\"\" width=\"300\" height=\"300\" title=\"\" src=\"data:image\/svg+xml;base64,PHN2ZyB3aWR0aD0iMSIgaGVpZ2h0PSIxIiB4bWxucz0iaHR0cDovL3d3dy53My5vcmcvMjAwMC9zdmciPjwvc3ZnPg==\" class=\"lazyload\" style=\"--smush-placeholder-width: 300px; --smush-placeholder-aspect-ratio: 300\/300;\" \/><figcaption class=\"uagb-image-caption\">17-23 years<\/figcaption><\/figure><\/div>\n<\/div><\/div><\/div>\n<\/div><\/div>\n\n\n\n<p>Every scout section is lead by it's own team of leaders who organize the activities. After leaving the 4th section (CaraPio) one can both become a leader themself and join the <a href=\"https:\/\/cents.lgs.lu\/index.php\/branchen\/raro\/\">RaRo<\/a> (17-23 years) <\/p>\n\n\n\n<p>Usually each scout sections holds a weekly reunion of about 2hrs. Each scout year ends with a camp in the summer. However, some activities are held with a couple or all of the scout sections together.&nbsp;<\/p>\n<\/div><\/div><\/div>\n<\/div><\/div>","protected":false},"excerpt":{"rendered":"<p>Bei de Guiden a Scouten schaffen mir mat verschidden Alterskategorien, och Branchen genannt. Heib\u00e4i ass d\u00e9i j\u00e9ngste Branche ab 6 Joer: Fir all Branche g\u00ebtt et eng Ekipp vun Cheffen d\u00e9i d&#8217;Kanner begleeden an sech dor\u00ebms k\u00ebmmeren dass d\u00e9i eenzel Aktivit\u00e9iten gutt oflafen. No den CaraPio kann een Chef an enger Branche ginn an et [&hellip;]<\/p>\n","protected":false},"author":2,"featured_media":0,"parent":0,"menu_order":0,"comment_status":"closed","ping_status":"closed","template":"","meta":{"_uag_custom_page_level_css":"","advanced_seo_description":"","jetpack_seo_html_title":"","jetpack_seo_noindex":false,"_vp_format_video_url":"","_vp_image_focal_point":[],"footnotes":""},"class_list":["post-211","page","type-page","status-publish","hentry"],"featured_image_urls_v2":{"full":"","thumbnail":"","medium":"","medium_large":"","large":"","1536x1536":"","2048x2048":"","trp-custom-language-flag":"","vp_sm":"","vp_md":"","vp_lg":"","vp_xl":"","vp_sm_popup":"","vp_md_popup":"","vp_xl_popup":"","woocommerce_thumbnail":"","woocommerce_single":"","woocommerce_gallery_thumbnail":""},"post_excerpt_stackable_v2":"<p>Bei de Guiden a Scouten schaffen mir mat verschidden Alterskategorien, och Branchen genannt. Heib\u00e4i ass d\u00e9i j\u00e9ngste Branche ab 6 Joer: 6-8 Joer 8-11 Joer 11-14 Joer 14-17 Joer 17-23 Joer Fir all Branche g\u00ebtt et eng Ekipp vun Cheffen d\u00e9i d&#8217;Kanner begleeden an sech dor\u00ebms k\u00ebmmeren dass d\u00e9i eenzel Aktivit\u00e9iten gutt oflafen. No den CaraPio kann een Chef an enger Branche ginn an et kann een an d&#8217; RaRo (17-23 Joer) goen. Am Normalfall tr\u00ebfft sech eng Branche 1 mol an der Woch fir eng Versammlung vun +-2 Stonnen ofzehalen. E Guide-Scoutsjoer g\u00ebtt dann mat engem Camp an der&hellip;<\/p>\n","category_list_v2":"","author_info_v2":{"name":"Tom Schmit","url":"https:\/\/cents.lgs.lu\/en\/author\/tom-schmit\/"},"comments_num_v2":"0 comments","uagb_featured_image_src":{"full":false,"thumbnail":false,"medium":false,"medium_large":false,"large":false,"1536x1536":false,"2048x2048":false,"trp-custom-language-flag":false,"vp_sm":false,"vp_md":false,"vp_lg":false,"vp_xl":false,"vp_sm_popup":false,"vp_md_popup":false,"vp_xl_popup":false,"woocommerce_thumbnail":false,"woocommerce_single":false,"woocommerce_gallery_thumbnail":false},"uagb_author_info":{"display_name":"Tom Schmit","author_link":"https:\/\/cents.lgs.lu\/en\/author\/tom-schmit\/"},"uagb_comment_info":0,"uagb_excerpt":"Bei de Guiden a Scouten schaffen mir mat verschidden Alterskategorien, och Branchen genannt. Heib\u00e4i ass d\u00e9i j\u00e9ngste Branche ab 6 Joer: Fir all Branche g\u00ebtt et eng Ekipp vun Cheffen d\u00e9i d&#8217;Kanner begleeden an sech dor\u00ebms k\u00ebmmeren dass d\u00e9i eenzel Aktivit\u00e9iten gutt oflafen. No den CaraPio kann een Chef an enger Branche ginn an et&hellip;","jetpack_shortlink":"https:\/\/wp.me\/PenGAm-3p","jetpack_sharing_enabled":true,"_links":{"self":[{"href":"https:\/\/cents.lgs.lu\/en\/wp-json\/wp\/v2\/pages\/211","targetHints":{"allow":["GET"]}}],"collection":[{"href":"https:\/\/cents.lgs.lu\/en\/wp-json\/wp\/v2\/pages"}],"about":[{"href":"https:\/\/cents.lgs.lu\/en\/wp-json\/wp\/v2\/types\/page"}],"author":[{"embeddable":true,"href":"https:\/\/cents.lgs.lu\/en\/wp-json\/wp\/v2\/users\/2"}],"replies":[{"embeddable":true,"href":"https:\/\/cents.lgs.lu\/en\/wp-json\/wp\/v2\/comments?post=211"}],"version-history":[{"count":20,"href":"https:\/\/cents.lgs.lu\/en\/wp-json\/wp\/v2\/pages\/211\/revisions"}],"predecessor-version":[{"id":15681,"href":"https:\/\/cents.lgs.lu\/en\/wp-json\/wp\/v2\/pages\/211\/revisions\/15681"}],"wp:attachment":[{"href":"https:\/\/cents.lgs.lu\/en\/wp-json\/wp\/v2\/media?parent=211"}],"curies":[{"name":"wp","href":"https:\/\/api.w.org\/{rel}","templated":true}]}}