{"id":13782,"date":"2025-02-28T14:55:52","date_gmt":"2025-02-28T13:55:52","guid":{"rendered":"https:\/\/cents.lgs.lu\/?page_id=13782"},"modified":"2025-06-22T19:39:26","modified_gmt":"2025-06-22T17:39:26","slug":"events-2","status":"publish","type":"page","link":"https:\/\/cents.lgs.lu\/en\/events-2\/","title":{"rendered":"Events"},"content":{"rendered":"<div class=\"wp-block-stackable-columns stk-block-columns stk-block stk-b305a51\" data-block-id=\"b305a51\"><div class=\"stk-row stk-inner-blocks stk-block-content stk-content-align stk-b305a51-column\">\n<div class=\"wp-block-stackable-column stk-block-column stk-column stk-block stk-db33eec\" data-v=\"4\" data-block-id=\"db33eec\"><style>.stk-db33eec-container{margin-top:15px !important;margin-right:15px !important;margin-bottom:15px !important;margin-left:15px !important;}<\/style><div class=\"stk-column-wrapper stk-block-column__content stk-container stk-db33eec-container stk--no-background stk--no-padding\"><div class=\"stk-block-content stk-inner-blocks stk-db33eec-inner-blocks\">\n<p>S\u00e4it eiser Gr\u00ebnnung 1980 organis\u00e9ieren d&#8217;Centser Guiden a Scouten regelm\u00e9isseg Fester, d\u00e9i un de grousse Public geriicht sinn.\u00a0<\/p>\n\n\n\n<div style=\"height:33px\" aria-hidden=\"true\" id=\"scoutskiermes\" class=\"wp-block-spacer\"><\/div>\n\n\n\n<div class=\"wp-block-stackable-columns stk-block-columns stk-block stk-382036d\" data-block-id=\"382036d\"><div class=\"stk-row stk-inner-blocks stk-block-content stk-content-align stk-382036d-column\">\n<div class=\"wp-block-stackable-column stk-block-column stk-column stk-block stk-789f74a\" data-v=\"4\" data-block-id=\"789f74a\"><div class=\"stk-column-wrapper stk-block-column__content stk-container stk-789f74a-container stk--no-background stk--no-padding\"><div class=\"stk-block-content stk-inner-blocks stk-789f74a-inner-blocks\">\n<div class=\"wp-block-stackable-card stk-block-card stk-block stk-23238e3 is-style-default\" data-v=\"2\" data-block-id=\"23238e3\"><style>.stk-23238e3-inner-blocks{align-items:center !important;}.stk-23238e3 {border-top-left-radius:10px !important;border-top-right-radius:10px !important;border-bottom-right-radius:10px !important;border-bottom-left-radius:10px !important;overflow:hidden !important;box-shadow:0 5px 30px -10px #123f524d !important;border-style:solid !important;border-top-width:0px !important;border-right-width:0px !important;border-bottom-width:0px !important;border-left-width:0px !important;}.stk-23238e3-container{border-top-left-radius:20px !important;border-top-right-radius:20px !important;border-bottom-right-radius:20px !important;border-bottom-left-radius:20px !important;overflow:hidden !important;border-style:solid !important;border-top-width:0px !important;border-right-width:0px !important;border-bottom-width:0px !important;border-left-width:0px !important;}.stk-23238e3 .stk-block-card__content{padding-top:20px !important;padding-right:20px !important;padding-bottom:20px !important;padding-left:20px !important;}<\/style><div class=\"stk--no-padding stk-container stk-23238e3-container stk-hover-parent\"><figure class=\"stk-block-card__image stk-img-wrapper stk-image--shape-stretch\"><img decoding=\"async\" class=\"stk-img wp-image-13790 lazyload\" data-src=\"https:\/\/cents.lgs.lu\/wp-content\/uploads\/2023\/02\/cropped-cropped-IMG_3188-1-300x197.jpg\" width=\"300\" height=\"197\" alt=\"\" data-srcset=\"https:\/\/cents.lgs.lu\/wp-content\/uploads\/2023\/02\/cropped-cropped-IMG_3188-1-300x197.jpg 300w, https:\/\/cents.lgs.lu\/wp-content\/uploads\/2023\/02\/cropped-cropped-IMG_3188-1-1024x671.jpg 1024w, https:\/\/cents.lgs.lu\/wp-content\/uploads\/2023\/02\/cropped-cropped-IMG_3188-1-768x503.jpg 768w, https:\/\/cents.lgs.lu\/wp-content\/uploads\/2023\/02\/cropped-cropped-IMG_3188-1-1536x1007.jpg 1536w, https:\/\/cents.lgs.lu\/wp-content\/uploads\/2023\/02\/cropped-cropped-IMG_3188-1-18x12.jpg 18w, https:\/\/cents.lgs.lu\/wp-content\/uploads\/2023\/02\/cropped-cropped-IMG_3188-1-250x164.jpg 250w, https:\/\/cents.lgs.lu\/wp-content\/uploads\/2023\/02\/cropped-cropped-IMG_3188-1-800x524.jpg 800w, https:\/\/cents.lgs.lu\/wp-content\/uploads\/2023\/02\/cropped-cropped-IMG_3188-1-1280x839.jpg 1280w, https:\/\/cents.lgs.lu\/wp-content\/uploads\/2023\/02\/cropped-cropped-IMG_3188-1-1920x1258.jpg 1920w, https:\/\/cents.lgs.lu\/wp-content\/uploads\/2023\/02\/cropped-cropped-IMG_3188-1-500x328.jpg 500w, https:\/\/cents.lgs.lu\/wp-content\/uploads\/2023\/02\/cropped-cropped-IMG_3188-1-600x393.jpg 600w, https:\/\/cents.lgs.lu\/wp-content\/uploads\/2023\/02\/cropped-cropped-IMG_3188-1.jpg 1953w\" data-sizes=\"(max-width: 300px) 100vw, 300px\" src=\"data:image\/svg+xml;base64,PHN2ZyB3aWR0aD0iMSIgaGVpZ2h0PSIxIiB4bWxucz0iaHR0cDovL3d3dy53My5vcmcvMjAwMC9zdmciPjwvc3ZnPg==\" style=\"--smush-placeholder-width: 300px; --smush-placeholder-aspect-ratio: 300\/197;\" \/><\/figure><div class=\"stk-container-padding stk-block-card__content\"><div class=\"stk-block-content stk-inner-blocks stk--column-flex stk-23238e3-inner-blocks\">\n<div class=\"wp-block-stackable-heading stk-block-heading stk-block-heading--v2 stk-block stk-628fd6a\" id=\"kannerfuesbal\" data-block-id=\"628fd6a\"><h3 class=\"stk-block-heading__text\">Kids Carnival<\/h3><\/div>\n\n\n\n<div class=\"wp-block-stackable-text stk-block-text stk-block stk-36e56e4\" data-block-id=\"36e56e4\"><p class=\"stk-block-text__text\">W\u00e4rend 4 Stonne k\u00ebnnen d&#8217;Kanner u Spiller, D\u00e4nz an Atelieren deelhuelen. Mat flotter Fuesmus\u00e9k, guddem Iessen an Dr\u00e9nken ass d\u00ebst e Fest fir di ganz Famill.<\/p><\/div>\n\n\n\n<div class=\"wp-block-stackable-button-group stk-block-button-group stk-block stk-acfed22\" data-block-id=\"acfed22\"><div class=\"stk-row stk-inner-blocks stk-block-content stk-button-group\">\n<div class=\"wp-block-stackable-button stk-block-button stk-block stk-9e3036e\" data-block-id=\"9e3036e\"><style>.stk-9e3036e .stk-button{background:#5ad100 !important;border-top-left-radius:10px !important;border-top-right-radius:10px !important;border-bottom-right-radius:10px !important;border-bottom-left-radius:10px !important;}<\/style><a class=\"stk-link stk-button stk--hover-effect-darken\" href=\"\"><span class=\"stk-button__inner-text\">Photos<\/span><\/a><\/div>\n<\/div><\/div>\n<\/div><\/div><\/div><\/div>\n<\/div><\/div><\/div>\n\n\n\n<div class=\"wp-block-stackable-column stk-block-column stk-column stk-block stk-599124a\" data-v=\"4\" data-block-id=\"599124a\"><div class=\"stk-column-wrapper stk-block-column__content stk-container stk-599124a-container stk--no-background stk--no-padding\"><div class=\"stk-block-content stk-inner-blocks stk-599124a-inner-blocks\">\n<div class=\"wp-block-stackable-card stk-block-card stk-block stk-78ee74d is-style-default\" data-v=\"2\" data-block-id=\"78ee74d\"><style>.stk-78ee74d-inner-blocks{align-items:center !important;}.stk-78ee74d {border-top-left-radius:10px !important;border-top-right-radius:10px !important;border-bottom-right-radius:10px !important;border-bottom-left-radius:10px !important;overflow:hidden !important;box-shadow:0 5px 30px -10px #123f524d !important;}.stk-78ee74d-container{border-top-left-radius:20px !important;border-top-right-radius:20px !important;border-bottom-right-radius:20px !important;border-bottom-left-radius:20px !important;overflow:hidden !important;}.stk-78ee74d .stk-block-card__content{padding-top:20px !important;padding-right:20px !important;padding-bottom:20px !important;padding-left:20px !important;}<\/style><div class=\"stk--no-padding stk-container stk-78ee74d-container stk-hover-parent\"><figure class=\"stk-block-card__image stk-img-wrapper stk-image--shape-stretch\"><img decoding=\"async\" class=\"stk-img wp-image-12210 lazyload\" data-src=\"https:\/\/cents.lgs.lu\/wp-content\/uploads\/2023\/02\/cropped-VIO_2956_Buergbrennen_2022_PhotoDudau-scaled-1-300x300.jpg\" width=\"300\" height=\"300\" alt=\"\" data-srcset=\"https:\/\/cents.lgs.lu\/wp-content\/uploads\/2023\/02\/cropped-VIO_2956_Buergbrennen_2022_PhotoDudau-scaled-1-300x300.jpg 300w, https:\/\/cents.lgs.lu\/wp-content\/uploads\/2023\/02\/cropped-VIO_2956_Buergbrennen_2022_PhotoDudau-scaled-1-1024x1024.jpg 1024w, https:\/\/cents.lgs.lu\/wp-content\/uploads\/2023\/02\/cropped-VIO_2956_Buergbrennen_2022_PhotoDudau-scaled-1-150x150.jpg 150w, https:\/\/cents.lgs.lu\/wp-content\/uploads\/2023\/02\/cropped-VIO_2956_Buergbrennen_2022_PhotoDudau-scaled-1-768x768.jpg 768w, https:\/\/cents.lgs.lu\/wp-content\/uploads\/2023\/02\/cropped-VIO_2956_Buergbrennen_2022_PhotoDudau-scaled-1-1536x1536.jpg 1536w, https:\/\/cents.lgs.lu\/wp-content\/uploads\/2023\/02\/cropped-VIO_2956_Buergbrennen_2022_PhotoDudau-scaled-1-12x12.jpg 12w, https:\/\/cents.lgs.lu\/wp-content\/uploads\/2023\/02\/cropped-VIO_2956_Buergbrennen_2022_PhotoDudau-scaled-1-500x500.jpg 500w, https:\/\/cents.lgs.lu\/wp-content\/uploads\/2023\/02\/cropped-VIO_2956_Buergbrennen_2022_PhotoDudau-scaled-1-800x800.jpg 800w, https:\/\/cents.lgs.lu\/wp-content\/uploads\/2023\/02\/cropped-VIO_2956_Buergbrennen_2022_PhotoDudau-scaled-1-1280x1280.jpg 1280w, https:\/\/cents.lgs.lu\/wp-content\/uploads\/2023\/02\/cropped-VIO_2956_Buergbrennen_2022_PhotoDudau-scaled-1.jpg 1706w\" data-sizes=\"(max-width: 300px) 100vw, 300px\" src=\"data:image\/svg+xml;base64,PHN2ZyB3aWR0aD0iMSIgaGVpZ2h0PSIxIiB4bWxucz0iaHR0cDovL3d3dy53My5vcmcvMjAwMC9zdmciPjwvc3ZnPg==\" style=\"--smush-placeholder-width: 300px; --smush-placeholder-aspect-ratio: 300\/300;\" \/><\/figure><div class=\"stk-container-padding stk-block-card__content\"><div class=\"stk-block-content stk-inner-blocks stk--column-flex stk-78ee74d-inner-blocks\">\n<div class=\"wp-block-stackable-heading stk-block-heading stk-block-heading--v2 stk-block stk-500f30e\" id=\"buergbrennen\" data-block-id=\"500f30e\"><h3 class=\"stk-block-heading__text\">Buergbrennen (Fire Festival)<\/h3><\/div>\n\n\n\n<div class=\"wp-block-stackable-text stk-block-text stk-block stk-6c9bd6d\" data-block-id=\"6c9bd6d\"><p class=\"stk-block-text__text\">No enger aler L\u00ebtzebuerger Traditioun, g\u00ebtt hei de symbolesch de Wanter verbrannt. Mat guddem Iessen an Dr\u00e9nke kenn dir dann nokucken a fille w\u00e9i eis Buerg brennt.<\/p><\/div>\n\n\n\n<div class=\"wp-block-stackable-button-group stk-block-button-group stk-block stk-78b9362\" data-block-id=\"78b9362\"><div class=\"stk-row stk-inner-blocks stk-block-content stk-button-group\">\n<div class=\"wp-block-stackable-button stk-block-button stk-block stk-678eda4\" data-block-id=\"678eda4\"><style>.stk-678eda4 .stk-button{background:#5ad100 !important;border-top-left-radius:10px !important;border-top-right-radius:10px !important;border-bottom-right-radius:10px !important;border-bottom-left-radius:10px !important;}<\/style><a class=\"stk-link stk-button stk--hover-effect-darken\" href=\"https:\/\/cents.lgs.lu\/en\/fotoe-buergbrennen\/\"><span class=\"stk-button__inner-text\">Photos<\/span><\/a><\/div>\n<\/div><\/div>\n<\/div><\/div><\/div><\/div>\n<\/div><\/div><\/div>\n\n\n\n<div class=\"wp-block-stackable-column stk-block-column stk-column stk-block stk-c681b30\" data-v=\"4\" data-block-id=\"c681b30\"><div class=\"stk-column-wrapper stk-block-column__content stk-container stk-c681b30-container stk--no-background stk--no-padding\"><div class=\"stk-block-content stk-inner-blocks stk-c681b30-inner-blocks\">\n<div class=\"wp-block-stackable-card stk-block-card stk-block stk-4da383c is-style-default\" data-v=\"2\" data-block-id=\"4da383c\"><style>.stk-4da383c-inner-blocks{align-items:center !important;}.stk-4da383c {border-top-left-radius:10px !important;border-top-right-radius:10px !important;border-bottom-right-radius:10px !important;border-bottom-left-radius:10px !important;overflow:hidden !important;box-shadow:0 5px 30px -10px #123f524d !important;}.stk-4da383c-container{border-top-left-radius:20px !important;border-top-right-radius:20px !important;border-bottom-right-radius:20px !important;border-bottom-left-radius:20px !important;overflow:hidden !important;}.stk-4da383c .stk-block-card__content{padding-top:20px !important;padding-right:20px !important;padding-bottom:20px !important;padding-left:20px !important;}<\/style><div class=\"stk--no-padding stk-container stk-4da383c-container stk-hover-parent\"><figure class=\"stk-block-card__image stk-img-wrapper stk-image--shape-stretch\"><img decoding=\"async\" class=\"stk-img wp-image-6574 lazyload\" data-src=\"https:\/\/cents.lgs.lu\/wp-content\/uploads\/2022\/06\/IMG_5929-1-300x200.jpg\" width=\"300\" height=\"200\" alt=\"\" src=\"data:image\/svg+xml;base64,PHN2ZyB3aWR0aD0iMSIgaGVpZ2h0PSIxIiB4bWxucz0iaHR0cDovL3d3dy53My5vcmcvMjAwMC9zdmciPjwvc3ZnPg==\" style=\"--smush-placeholder-width: 300px; --smush-placeholder-aspect-ratio: 300\/200;\" \/><\/figure><div class=\"stk-container-padding stk-block-card__content\"><div class=\"stk-block-content stk-inner-blocks stk--column-flex stk-4da383c-inner-blocks\">\n<div class=\"wp-block-stackable-heading stk-block-heading stk-block-heading--v2 stk-block stk-61c5b92\" id=\"scoutskiermes\" data-block-id=\"61c5b92\"><h3 class=\"stk-block-heading__text\">Scoutskiermes<\/h3><\/div>\n\n\n\n<div class=\"wp-block-stackable-text stk-block-text stk-block stk-fb163c2\" data-block-id=\"fb163c2\"><p class=\"stk-block-text__text\">D&#8217;Scoutkiermes ass e Summerfest, wat sech iwwert e ganze Weekend zitt. Samschdes Owes geet et lass mat enger Talentshow vu Kanner vir Kanner. Sonndes M\u00ebttes verwandelt sech eise Site dann an eng Spillwiss mat   enger Dose Spiller fir di Kl\u00e9ng. Iwwerdeems g\u00ebtt et natierlech gutt Iessen an Dr\u00e9nke fir di ganz Famill.<\/p><\/div>\n\n\n\n<div class=\"wp-block-stackable-button-group stk-block-button-group stk-block stk-eba5f50\" data-block-id=\"eba5f50\"><div class=\"stk-row stk-inner-blocks stk-block-content stk-button-group\">\n<div class=\"wp-block-stackable-button stk-block-button stk-block stk-0fd272a\" data-block-id=\"0fd272a\"><style>.stk-0fd272a .stk-button{background:#5ad100 !important;border-top-left-radius:10px !important;border-top-right-radius:10px !important;border-bottom-right-radius:10px !important;border-bottom-left-radius:10px !important;}<\/style><a class=\"stk-link stk-button stk--hover-effect-darken\" href=\"\"><span class=\"stk-button__inner-text\">Photos<\/span><\/a><\/div>\n\n\n\n<div class=\"wp-block-stackable-button stk-block-button stk-block stk-f2bdb3f\" data-block-id=\"f2bdb3f\"><style>.stk-f2bdb3f .stk-button{background:#5ad100 !important;border-top-left-radius:10px !important;border-top-right-radius:10px !important;border-bottom-right-radius:10px !important;border-bottom-left-radius:10px !important;}.stk-f2bdb3f .stk-button:before{box-shadow:0 0 0 1px rgba(120, 120, 120, 0.1) !important;}<\/style><a class=\"stk-link stk-button stk--hover-effect-darken\" href=\"\"><span class=\"stk-button__inner-text\">Infoen Scoutskiermes 2025<\/span><\/a><\/div>\n<\/div><\/div>\n<\/div><\/div><\/div><\/div>\n<\/div><\/div><\/div>\n<\/div><\/div>\n<\/div><\/div><\/div>\n<\/div><\/div>","protected":false},"excerpt":{"rendered":"<p>S\u00e4it eiser Gr\u00ebnnung 1980 organis\u00e9ieren d&#8217;Centser Guiden a Scouten regelm\u00e9isseg Fester, d\u00e9i un de grousse Public geriicht sinn.\u00a0 Kannerfuesbal W\u00e4rend 4 Stonne k\u00ebnnen d&#8217;Kanner u Spiller, D\u00e4nz an Atelieren deelhuelen. Mat flotter Fuesmus\u00e9k, guddem Iessen an Dr\u00e9nken ass d\u00ebst e Fest fir di ganz Famill. Fotoen Buergbrennen No enger aler L\u00ebtzebuerger Traditioun, g\u00ebtt hei de [&hellip;]<\/p>\n","protected":false},"author":2,"featured_media":0,"parent":0,"menu_order":0,"comment_status":"closed","ping_status":"closed","template":"","meta":{"_uag_custom_page_level_css":"","advanced_seo_description":"","jetpack_seo_html_title":"","jetpack_seo_noindex":false,"_vp_format_video_url":"","_vp_image_focal_point":[],"footnotes":""},"class_list":["post-13782","page","type-page","status-publish","hentry"],"featured_image_urls_v2":{"full":"","thumbnail":"","medium":"","medium_large":"","large":"","1536x1536":"","2048x2048":"","trp-custom-language-flag":"","vp_sm":"","vp_md":"","vp_lg":"","vp_xl":"","vp_sm_popup":"","vp_md_popup":"","vp_xl_popup":"","woocommerce_thumbnail":"","woocommerce_single":"","woocommerce_gallery_thumbnail":""},"post_excerpt_stackable_v2":"<p>S\u00e4it eiser Gr\u00ebnnung 1980 organis\u00e9ieren d&#8217;Centser Guiden a Scouten regelm\u00e9isseg Fester, d\u00e9i un de grousse Public geriicht sinn.\u00a0 Kannerfuesbal W\u00e4rend 4 Stonne k\u00ebnnen d&#8217;Kanner u Spiller, D\u00e4nz an Atelieren deelhuelen. Mat flotter Fuesmus\u00e9k, guddem Iessen an Dr\u00e9nken ass d\u00ebst e Fest fir di ganz Famill. Fotoen Buergbrennen No enger aler L\u00ebtzebuerger Traditioun, g\u00ebtt hei de symbolesch de Wanter verbrannt. Mat guddem Iessen an Dr\u00e9nke kenn dir dann nokucken a fille w\u00e9i eis Buerg brennt. Fotoen Scoutskiermes D&#8217;Scoutkiermes ass e Summerfest, wat sech iwwert e ganze Weekend zitt. Samschdes Owes geet et lass mat enger Talentshow vu Kanner vir Kanner. Sonndes&hellip;<\/p>\n","category_list_v2":"","author_info_v2":{"name":"Tom Schmit","url":"https:\/\/cents.lgs.lu\/en\/author\/tom-schmit\/"},"comments_num_v2":"0 comments","uagb_featured_image_src":{"full":false,"thumbnail":false,"medium":false,"medium_large":false,"large":false,"1536x1536":false,"2048x2048":false,"trp-custom-language-flag":false,"vp_sm":false,"vp_md":false,"vp_lg":false,"vp_xl":false,"vp_sm_popup":false,"vp_md_popup":false,"vp_xl_popup":false,"woocommerce_thumbnail":false,"woocommerce_single":false,"woocommerce_gallery_thumbnail":false},"uagb_author_info":{"display_name":"Tom Schmit","author_link":"https:\/\/cents.lgs.lu\/en\/author\/tom-schmit\/"},"uagb_comment_info":0,"uagb_excerpt":"S\u00e4it eiser Gr\u00ebnnung 1980 organis\u00e9ieren d&#8217;Centser Guiden a Scouten regelm\u00e9isseg Fester, d\u00e9i un de grousse Public geriicht sinn.\u00a0 Kannerfuesbal W\u00e4rend 4 Stonne k\u00ebnnen d&#8217;Kanner u Spiller, D\u00e4nz an Atelieren deelhuelen. Mat flotter Fuesmus\u00e9k, guddem Iessen an Dr\u00e9nken ass d\u00ebst e Fest fir di ganz Famill. Fotoen Buergbrennen No enger aler L\u00ebtzebuerger Traditioun, g\u00ebtt hei de&hellip;","jetpack_shortlink":"https:\/\/wp.me\/PenGAm-3Ai","jetpack_sharing_enabled":true,"_links":{"self":[{"href":"https:\/\/cents.lgs.lu\/en\/wp-json\/wp\/v2\/pages\/13782","targetHints":{"allow":["GET"]}}],"collection":[{"href":"https:\/\/cents.lgs.lu\/en\/wp-json\/wp\/v2\/pages"}],"about":[{"href":"https:\/\/cents.lgs.lu\/en\/wp-json\/wp\/v2\/types\/page"}],"author":[{"embeddable":true,"href":"https:\/\/cents.lgs.lu\/en\/wp-json\/wp\/v2\/users\/2"}],"replies":[{"embeddable":true,"href":"https:\/\/cents.lgs.lu\/en\/wp-json\/wp\/v2\/comments?post=13782"}],"version-history":[{"count":19,"href":"https:\/\/cents.lgs.lu\/en\/wp-json\/wp\/v2\/pages\/13782\/revisions"}],"predecessor-version":[{"id":16444,"href":"https:\/\/cents.lgs.lu\/en\/wp-json\/wp\/v2\/pages\/13782\/revisions\/16444"}],"wp:attachment":[{"href":"https:\/\/cents.lgs.lu\/en\/wp-json\/wp\/v2\/media?parent=13782"}],"curies":[{"name":"wp","href":"https:\/\/api.w.org\/{rel}","templated":true}]}}