{"id":12844,"date":"2024-10-20T19:10:09","date_gmt":"2024-10-20T17:10:09","guid":{"rendered":"https:\/\/cents.lgs.lu\/?page_id=12844"},"modified":"2025-06-14T18:28:54","modified_gmt":"2025-06-14T16:28:54","slug":"rechnung-carapio","status":"publish","type":"page","link":"https:\/\/cents.lgs.lu\/en\/rechnung-carapio\/","title":{"rendered":"..."},"content":{"rendered":"","protected":true},"excerpt":{"rendered":"","protected":true},"author":2,"featured_media":2875,"parent":0,"menu_order":0,"comment_status":"closed","ping_status":"closed","template":"","meta":{"_uag_custom_page_level_css":"","advanced_seo_description":"","jetpack_seo_html_title":"","jetpack_seo_noindex":false,"_vp_format_video_url":"","_vp_image_focal_point":[],"footnotes":""},"class_list":["post-12844","page","type-page","status-publish","post-password-required","hentry"],"featured_image_urls_v2":{"full":["https:\/\/cents.lgs.lu\/wp-content\/uploads\/2020\/02\/CaraPio_rgb-e1731341281224.png",260,260,false],"thumbnail":["https:\/\/cents.lgs.lu\/wp-content\/uploads\/2020\/02\/CaraPio_rgb-150x150.png",150,150,true],"medium":["https:\/\/cents.lgs.lu\/wp-content\/uploads\/2020\/02\/CaraPio_rgb-300x300.png",300,300,true],"medium_large":["https:\/\/cents.lgs.lu\/wp-content\/uploads\/2020\/02\/CaraPio_rgb-768x768.png",768,768,true],"large":["https:\/\/cents.lgs.lu\/wp-content\/uploads\/2020\/02\/CaraPio_rgb-1024x1024.png",1024,1024,true],"1536x1536":["https:\/\/cents.lgs.lu\/wp-content\/uploads\/2020\/02\/CaraPio_rgb-1536x1536.png",1536,1536,true],"2048x2048":["https:\/\/cents.lgs.lu\/wp-content\/uploads\/2020\/02\/CaraPio_rgb-2048x2048.png",2048,2048,true],"trp-custom-language-flag":["https:\/\/cents.lgs.lu\/wp-content\/uploads\/2020\/02\/CaraPio_rgb-e1731341281224.png",12,12,false],"vp_sm":["https:\/\/cents.lgs.lu\/wp-content\/uploads\/2020\/02\/CaraPio_rgb-e1731341281224.png",250,250,false],"vp_md":["https:\/\/cents.lgs.lu\/wp-content\/uploads\/2020\/02\/CaraPio_rgb-e1731341281224.png",260,260,false],"vp_lg":["https:\/\/cents.lgs.lu\/wp-content\/uploads\/2020\/02\/CaraPio_rgb-e1731341281224.png",260,260,false],"vp_xl":["https:\/\/cents.lgs.lu\/wp-content\/uploads\/2020\/02\/CaraPio_rgb-e1731341281224.png",260,260,false],"vp_sm_popup":["https:\/\/cents.lgs.lu\/wp-content\/uploads\/2020\/02\/CaraPio_rgb-e1731341281224.png",260,260,false],"vp_md_popup":["https:\/\/cents.lgs.lu\/wp-content\/uploads\/2020\/02\/CaraPio_rgb-e1731341281224.png",260,260,false],"vp_xl_popup":["https:\/\/cents.lgs.lu\/wp-content\/uploads\/2020\/02\/CaraPio_rgb-e1731341281224.png",260,260,false],"woocommerce_thumbnail":["https:\/\/cents.lgs.lu\/wp-content\/uploads\/2020\/02\/CaraPio_rgb-300x300.png",300,300,true],"woocommerce_single":["https:\/\/cents.lgs.lu\/wp-content\/uploads\/2020\/02\/CaraPio_rgb-600x600.png",600,600,true],"woocommerce_gallery_thumbnail":["https:\/\/cents.lgs.lu\/wp-content\/uploads\/2020\/02\/CaraPio_rgb-100x100.png",100,100,true]},"post_excerpt_stackable_v2":"<p>Guiden- a Scoutsjoer *Please select an option2023-20242024-20252025-2026Aktivit\u00e9it *Please select an optionVersammlungSortieWeekendMont\u00e9e 24DiversCamp. *Beschreiwung Ausgaben: *Numm a Virnumm *Datum: *DagSelect day12345678910111213141516171819202122232425262728293031MountSelect month123456789101112JoerSelect Year212621252124212321222121212021192118211721162115211421132112211121102109210821072106210521042103210221012100209920982097209620952094209320922091209020892088208720862085208420832082208120802079207820772076207520742073207220712070206920682067206620652064206320622061206020592058205720562055205420532052205120502049204820472046204520442043204220412040203920382037203620352034203320322031203020292028202720262025202420232022202120202019201820172016201520142013201220112010200920082007200620052004200320022001200019991998199719961995199419931992199119901989198819871986198519841983198219811980197919781977197619751974197319721971197019691968196719661965196419631962196119601959195819571956195519541953195219511950194919481947194619451944194319421941194019391938193719361935193419331932193119301929192819271926Unzuel Rechnungen *Gesamtbetrag *EURUpload d&#039; Rechnung *Drag and Drop (or) Choose FilesKont: BIC:just ausf\u00ebllen, falls sech d&#8217; Donn\u00e9e ge\u00e4nnert hunn0 \/ 8IBAN0 \/ 24Email AddressG\u00ebff deng eMail Adresse un, falls du eng Kopie vun denger submission w\u00eblls kr\u00e9ienSend MessagePlease do not fill in this field.<\/p>\n","category_list_v2":"","author_info_v2":{"name":"Tom Schmit","url":"https:\/\/cents.lgs.lu\/en\/author\/tom-schmit\/"},"comments_num_v2":"0 comments","uagb_featured_image_src":{"full":["https:\/\/cents.lgs.lu\/wp-content\/uploads\/2020\/02\/CaraPio_rgb-e1731341281224.png",260,260,false],"thumbnail":["https:\/\/cents.lgs.lu\/wp-content\/uploads\/2020\/02\/CaraPio_rgb-150x150.png",150,150,true],"medium":["https:\/\/cents.lgs.lu\/wp-content\/uploads\/2020\/02\/CaraPio_rgb-300x300.png",300,300,true],"medium_large":["https:\/\/cents.lgs.lu\/wp-content\/uploads\/2020\/02\/CaraPio_rgb-768x768.png",768,768,true],"large":["https:\/\/cents.lgs.lu\/wp-content\/uploads\/2020\/02\/CaraPio_rgb-1024x1024.png",1024,1024,true],"1536x1536":["https:\/\/cents.lgs.lu\/wp-content\/uploads\/2020\/02\/CaraPio_rgb-1536x1536.png",1536,1536,true],"2048x2048":["https:\/\/cents.lgs.lu\/wp-content\/uploads\/2020\/02\/CaraPio_rgb-2048x2048.png",2048,2048,true],"trp-custom-language-flag":["https:\/\/cents.lgs.lu\/wp-content\/uploads\/2020\/02\/CaraPio_rgb-e1731341281224.png",12,12,false],"vp_sm":["https:\/\/cents.lgs.lu\/wp-content\/uploads\/2020\/02\/CaraPio_rgb-e1731341281224.png",250,250,false],"vp_md":["https:\/\/cents.lgs.lu\/wp-content\/uploads\/2020\/02\/CaraPio_rgb-e1731341281224.png",260,260,false],"vp_lg":["https:\/\/cents.lgs.lu\/wp-content\/uploads\/2020\/02\/CaraPio_rgb-e1731341281224.png",260,260,false],"vp_xl":["https:\/\/cents.lgs.lu\/wp-content\/uploads\/2020\/02\/CaraPio_rgb-e1731341281224.png",260,260,false],"vp_sm_popup":["https:\/\/cents.lgs.lu\/wp-content\/uploads\/2020\/02\/CaraPio_rgb-e1731341281224.png",260,260,false],"vp_md_popup":["https:\/\/cents.lgs.lu\/wp-content\/uploads\/2020\/02\/CaraPio_rgb-e1731341281224.png",260,260,false],"vp_xl_popup":["https:\/\/cents.lgs.lu\/wp-content\/uploads\/2020\/02\/CaraPio_rgb-e1731341281224.png",260,260,false],"woocommerce_thumbnail":["https:\/\/cents.lgs.lu\/wp-content\/uploads\/2020\/02\/CaraPio_rgb-300x300.png",300,300,true],"woocommerce_single":["https:\/\/cents.lgs.lu\/wp-content\/uploads\/2020\/02\/CaraPio_rgb-600x600.png",600,600,true],"woocommerce_gallery_thumbnail":["https:\/\/cents.lgs.lu\/wp-content\/uploads\/2020\/02\/CaraPio_rgb-100x100.png",100,100,true]},"uagb_author_info":{"display_name":"Tom Schmit","author_link":"https:\/\/cents.lgs.lu\/en\/author\/tom-schmit\/"},"uagb_comment_info":0,"uagb_excerpt":"There is no excerpt because this is a protected post.","jetpack_shortlink":"https:\/\/wp.me\/PenGAm-3la","jetpack_sharing_enabled":true,"_links":{"self":[{"href":"https:\/\/cents.lgs.lu\/en\/wp-json\/wp\/v2\/pages\/12844","targetHints":{"allow":["GET"]}}],"collection":[{"href":"https:\/\/cents.lgs.lu\/en\/wp-json\/wp\/v2\/pages"}],"about":[{"href":"https:\/\/cents.lgs.lu\/en\/wp-json\/wp\/v2\/types\/page"}],"author":[{"embeddable":true,"href":"https:\/\/cents.lgs.lu\/en\/wp-json\/wp\/v2\/users\/2"}],"replies":[{"embeddable":true,"href":"https:\/\/cents.lgs.lu\/en\/wp-json\/wp\/v2\/comments?post=12844"}],"version-history":[{"count":2,"href":"https:\/\/cents.lgs.lu\/en\/wp-json\/wp\/v2\/pages\/12844\/revisions"}],"predecessor-version":[{"id":15743,"href":"https:\/\/cents.lgs.lu\/en\/wp-json\/wp\/v2\/pages\/12844\/revisions\/15743"}],"wp:featuredmedia":[{"embeddable":true,"href":"https:\/\/cents.lgs.lu\/en\/wp-json\/wp\/v2\/media\/2875"}],"wp:attachment":[{"href":"https:\/\/cents.lgs.lu\/en\/wp-json\/wp\/v2\/media?parent=12844"}],"curies":[{"name":"wp","href":"https:\/\/api.w.org\/{rel}","templated":true}]}}