{"id":12400,"date":"2025-05-04T14:37:30","date_gmt":"2025-05-04T12:37:30","guid":{"rendered":"https:\/\/cents.lgs.lu\/?page_id=12400"},"modified":"2025-06-14T18:43:27","modified_gmt":"2025-06-14T16:43:27","slug":"umeldung-optrett-scoutskiermes","status":"publish","type":"page","link":"https:\/\/cents.lgs.lu\/en\/umeldung-optrett-scoutskiermes\/","title":{"rendered":"Performance registration - Scoutskiermes"},"content":{"rendered":"<div class=\"wp-block-stackable-columns stk-block-columns stk-block stk-4877b6e\" data-block-id=\"4877b6e\"><div class=\"stk-row stk-inner-blocks stk-block-content stk-content-align stk-4877b6e-column\">\n<div class=\"wp-block-stackable-column stk-block-column stk-column stk-block stk-ab792fd\" data-v=\"4\" data-block-id=\"ab792fd\"><style>.stk-ab792fd-container{margin-top:15px !important;margin-right:15px !important;margin-bottom:15px !important;margin-left:15px !important;}<\/style><div class=\"stk-column-wrapper stk-block-column__content stk-container stk-ab792fd-container stk--no-background stk--no-padding\"><div class=\"stk-block-content stk-inner-blocks stk-ab792fd-inner-blocks\">\n<p>You want to perform either alone or as a group at this years talent show? All you've got to do is fill out this form:<\/p>\n\n\n\n<div class=\"forminator-guttenberg\"><div class=\"forminator-ui forminator-custom-form forminator-custom-form-10194 forminator-design--default  forminator_ajax\" data-forminator-render=\"0\" data-form=\"forminator-module-10194\" data-uid=\"69f08524badde\"><br\/><\/div><form\n\t\t\t\tid=\"forminator-module-10194\"\n\t\t\t\tclass=\"forminator-ui forminator-custom-form forminator-custom-form-10194 forminator-design--default  forminator_ajax\"\n\t\t\t\tmethod=\"post\"\n\t\t\t\tdata-forminator-render=\"0\"\n\t\t\t\tdata-form-id=\"10194\"\n\t\t\t\tenctype=\"multipart\/form-data\" data-color-option=\"default\" data-design=\"default\" data-grid=\"open\" style=\"display: none;\"\n\t\t\t\tdata-uid=\"69f08524badde\" action=\"\"\n\t\t\t><div role=\"alert\" aria-live=\"polite\" class=\"forminator-response-message forminator-error\" aria-hidden=\"true\"><\/div><div class=\"forminator-row\"><div id=\"section-1\" class=\"forminator-field-section forminator-col forminator-col-12\"><div class=\"forminator-field\"><h2 class=\"forminator-title\">Performance Registration<\/h2><hr class=\"forminator-border\" style=\"border: 1px solid 1;\" \/><\/div><\/div><\/div><div class=\"forminator-row\"><div id=\"name-1\" class=\"forminator-field-name forminator-col forminator-col-12\"><div class=\"forminator-row forminator-no-margin\" data-multiple=\"true\"><div class=\"forminator-col forminator-col-md-6\"><div class=\"forminator-field\"><label for=\"forminator-field-first-name-1_69f08524badde\" id=\"forminator-field-first-name-1_69f08524badde-label\" class=\"forminator-label\">first name (of the contact person) <span class=\"forminator-required\">*<\/span><\/label><input type=\"text\" name=\"name-1-first-name\" placeholder=\"\" id=\"forminator-field-first-name-1_69f08524badde\" class=\"forminator-input\" aria-required=\"true\" data-multi=\"1\" autocomplete=\"given-name\" value=\"\" \/><\/div><\/div><div class=\"forminator-col forminator-col-md-6\"><div class=\"forminator-field\"><label for=\"forminator-field-last-name-1_69f08524badde\" id=\"forminator-field-last-name-1_69f08524badde-label\" class=\"forminator-label\">surname (of the contact person) <span class=\"forminator-required\">*<\/span><\/label><input type=\"text\" name=\"name-1-last-name\" placeholder=\"\" id=\"forminator-field-last-name-1_69f08524badde\" class=\"forminator-input\" aria-required=\"true\" data-multi=\"1\" autocomplete=\"family-name\" value=\"\" \/><\/div><\/div><\/div><\/div><\/div><div class=\"forminator-row\"><div id=\"email-1\" class=\"forminator-field-email forminator-col forminator-col-12\"><div class=\"forminator-field\"><label for=\"forminator-field-email-1_69f08524badde\" id=\"forminator-field-email-1_69f08524badde-label\" class=\"forminator-label\">Email <span class=\"forminator-required\">*<\/span><\/label><input type=\"email\" name=\"email-1\" value=\"\" placeholder=\"\" id=\"forminator-field-email-1_69f08524badde\" class=\"forminator-input forminator-email--field\" data-required=\"1\" aria-required=\"true\" autocomplete=\"email\" \/><\/div><\/div><\/div><div class=\"forminator-row\"><div id=\"phone-1\" class=\"forminator-field-phone forminator-col forminator-col-12\"><div class=\"forminator-field\"><label for=\"forminator-field-phone-1_69f08524badde\" id=\"forminator-field-phone-1_69f08524badde-label\" class=\"forminator-label\">Phone number <span class=\"forminator-required\">*<\/span><\/label><input type=\"text\" name=\"phone-1\" value=\"\" placeholder=\"\" id=\"forminator-field-phone-1_69f08524badde\" class=\"forminator-input forminator-field--phone\" data-required=\"1\" aria-required=\"true\" autocomplete=\"off\" \/><\/div><\/div><\/div><div class=\"forminator-row\"><div id=\"text-1\" class=\"forminator-field-text forminator-col forminator-col-12\"><div class=\"forminator-field\"><label for=\"forminator-field-text-1_69f08524badde\" id=\"forminator-field-text-1_69f08524badde-label\" class=\"forminator-label\">Title of the performance<\/label><input type=\"text\" name=\"text-1\" value=\"\" placeholder=\"\" id=\"forminator-field-text-1_69f08524badde\" class=\"forminator-input forminator-name--field\" data-required=\"\" \/><\/div><\/div><\/div><div class=\"forminator-row\"><div id=\"textarea-1\" class=\"forminator-field-textarea forminator-col forminator-col-12\"><div class=\"forminator-field\"><label for=\"forminator-field-textarea-1_69f08524badde\" id=\"forminator-field-textarea-1_69f08524badde-label\" class=\"forminator-label\">A short description of the performance<\/label><textarea name=\"textarea-1\" placeholder=\"\" id=\"forminator-field-textarea-1_69f08524badde\" class=\"forminator-textarea\" rows=\"6\" style=\"--forminator-textarea-min-height:140px;\" ><\/textarea><\/div><\/div><\/div><div class=\"forminator-row\"><div id=\"group-1\" class=\"forminator-field-group forminator-col forminator-col-12\"><label class=\"forminator-label forminator-repeater-label\">List of everybody who's participating in the performance<\/label><div class=\"forminator-all-group-copies forminator-repeater-field\"><div class=\"forminator-grouped-fields\" data-options=\"{&quot;is_repeater&quot;:true,&quot;min_type&quot;:&quot;custom&quot;,&quot;max_type&quot;:&quot;custom&quot;,&quot;min&quot;:1,&quot;max&quot;:9223372036854775807,&quot;add_text&quot;:&quot;Add item&quot;,&quot;remove_text&quot;:&quot;Remove item&quot;,&quot;action_element_type&quot;:&quot;icon&quot;}\"><div class=\"forminator-row\"><div id=\"name-2\" class=\"forminator-field-name forminator-col forminator-col-12\"><div class=\"forminator-row forminator-no-margin\" data-multiple=\"true\"><div class=\"forminator-col forminator-col-md-6\"><div class=\"forminator-field\"><label for=\"forminator-field-first-name-2_69f08524badde\" id=\"forminator-field-first-name-2_69f08524badde-label\" class=\"forminator-label\">first name <span class=\"forminator-required\">*<\/span><\/label><input type=\"text\" name=\"name-2-first-name\" placeholder=\"\" id=\"forminator-field-first-name-2_69f08524badde\" class=\"forminator-input\" aria-required=\"true\" data-multi=\"1\" autocomplete=\"given-name\" value=\"\" \/><\/div><\/div><div class=\"forminator-col forminator-col-md-6\"><div class=\"forminator-field\"><label for=\"forminator-field-last-name-2_69f08524badde\" id=\"forminator-field-last-name-2_69f08524badde-label\" class=\"forminator-label\">surname <span class=\"forminator-required\">*<\/span><\/label><input type=\"text\" name=\"name-2-last-name\" placeholder=\"\" id=\"forminator-field-last-name-2_69f08524badde\" class=\"forminator-input\" aria-required=\"true\" data-multi=\"1\" autocomplete=\"family-name\" value=\"\" \/><\/div><\/div><\/div><\/div><\/div><div class=\"forminator-row\"><div id=\"number-1\" class=\"forminator-field-number forminator-col forminator-col-12\"><div class=\"forminator-field\"><label for=\"forminator-field-number-1_69f08524badde\" id=\"forminator-field-number-1_69f08524badde-label\" class=\"forminator-label\">Age <span class=\"forminator-required\">*<\/span><\/label><input name=\"number-1\" value=\"\" placeholder=\"\" id=\"forminator-field-number-1_69f08524badde\" class=\"forminator-input forminator-number--field\" inputmode=\"decimal\" data-required=\"1\" data-decimals=\"0\" aria-required=\"true\" data-inputmask=\"&#039;groupSeparator&#039;: &#039;&#039;, &#039;radixPoint&#039;: &#039;&#039;, &#039;digits&#039;: &#039;0&#039;\" data-hidden-behavior=\"zero\" type=\"number\" step=\"any\" min=\"1\" max=\"99\" \/><\/div><\/div><\/div><div class=\"forminator-row forminator-action-buttons\"><div class=\"forminator-col forminator-col-12\"><button class=\"forminator-repeater-action-icon forminator-repeater-add\"><span class=\"forminator-icon-add\" aria-hidden=\"true\"><\/span><span class=\"sui-screen-reader-text\">Add item<\/span><\/button><button class=\"forminator-repeater-action-icon forminator-repeater-remove\"><span class=\"forminator-icon-remove\" aria-hidden=\"true\"><\/span><span class=\"sui-screen-reader-text\">Remove item<\/span><\/button><\/div><\/div><\/div><\/div><\/div><\/div><div class=\"forminator-row\"><div id=\"radio-1\" class=\"forminator-field-radio forminator-col forminator-col-12\"><div role=\"radiogroup\" class=\"forminator-field\" aria-labelledby=\"forminator-radiogroup-radio-1-69f08524badde-label\"><span id=\"forminator-radiogroup-radio-1-69f08524badde-label\" class=\"forminator-label\">Do you need music? <span class=\"forminator-required\">*<\/span><\/span><label id=\"forminator-field-radio-1-label-1\" for=\"forminator-field-radio-1-1-69f08524badde\" class=\"forminator-radio forminator-radio-inline\" title=\"Yes\"><input type=\"radio\" name=\"radio-1\" value=\"one\" id=\"forminator-field-radio-1-1-69f08524badde\" aria-labelledby=\"forminator-field-radio-1-label-1\" data-calculation=\"0\"   data-hidden-behavior=\"zero\"\/><span class=\"forminator-radio-bullet\" aria-hidden=\"true\"><\/span><span class=\"forminator-radio-label\">Yes<\/span><\/label><label id=\"forminator-field-radio-1-label-2\" for=\"forminator-field-radio-1-2-69f08524badde\" class=\"forminator-radio forminator-radio-inline\" title=\"No\"><input type=\"radio\" name=\"radio-1\" value=\"two\" id=\"forminator-field-radio-1-2-69f08524badde\" aria-labelledby=\"forminator-field-radio-1-label-2\" data-calculation=\"0\"   data-hidden-behavior=\"zero\"\/><span class=\"forminator-radio-bullet\" aria-hidden=\"true\"><\/span><span class=\"forminator-radio-label\">No<\/span><\/label><\/div><\/div><\/div><div class=\"forminator-row\"><div id=\"group-2\" class=\"forminator-field-group forminator-col forminator-col-12\"><label class=\"forminator-label forminator-repeater-label\">Music<\/label><div class=\"forminator-all-group-copies forminator-repeater-field\"><div class=\"forminator-grouped-fields\" data-options=\"{&quot;is_repeater&quot;:true,&quot;min_type&quot;:&quot;custom&quot;,&quot;max_type&quot;:&quot;custom&quot;,&quot;min&quot;:1,&quot;max&quot;:9223372036854775807,&quot;add_text&quot;:&quot;Add item&quot;,&quot;remove_text&quot;:&quot;Remove item&quot;,&quot;action_element_type&quot;:&quot;button&quot;}\"><div class=\"forminator-row\"><div id=\"upload-1\" class=\"forminator-field-upload forminator-col forminator-col-6\"><div class=\"forminator-field\"><label for=\"forminator-field-upload-1_69f08524badde\" id=\"forminator-field-upload-1_69f08524badde-label\" class=\"forminator-label\">Upload your song files here<\/label><div class=\"forminator-multi-upload\" data-element=\"upload-1_69f08524badde\"><input type=\"file\" name=\"upload-1[]\" id=\"forminator-field-upload-1_69f08524badde\" class=\"forminator-input-file forminator-field-upload-1_69f08524badde-10194\" multiple=\"multiple\" data-method=\"ajax\" accept=\".avif,.heif,.heics,.heifs,.asf,.asx,.wmv,.wmx,.wm,.avi,.divx,.flv,.mov,.qt,.mpeg,.mpg,.mpe,.mp4,.m4v,.ogv,.webm,.mkv,.3gp,.3gpp,.3g2,.3gp2,.mp3,.m4a,.m4b,.aac,.ra,.ram,.wav,.x-wav,.ogg,.oga,.flac,.mid,.midi,.wma,.wax,.mka,.tar,.zip,.gz,.gzip,.7z,.wav,.json\" data-limit=\"5\" data-limit-message=\"You can upload a maximum of 5 files.\" data-size=\"20000000\" data-size-message=\"Maximum file size allowed is 20 MB. \" data-filetype=\"avif|heif|heics|heifs|asf|asx|wmv|wmx|wm|avi|divx|flv|mov|qt|mpeg|mpg|mpe|mp4|m4v|ogv|webm|mkv|3gp|3gpp|3g2|3gp2|mp3|m4a|m4b|aac|ra|ram|wav|x-wav|ogg|oga|flac|mid|midi|wma|wax|mka|tar|zip|gz|gzip|7z|wav|json\" data-filetype-message=\"file extension is not allowed.\"><div class=\"forminator-multi-upload-message\" aria-hidden=\"true\"><span class=\"forminator-icon-upload\" aria-hidden=\"true\"><\/span><p>Drag and Drop (or) <a class=\"forminator-upload-file--forminator-field-upload-1_69f08524badde\" href=\"#\" onclick=\"return false;\">Choose Files<\/a><\/p><\/div><\/div><ul class=\"forminator-uploaded-files upload-container-upload-1_69f08524badde\"><\/ul><\/div><\/div><div id=\"url-1\" class=\"forminator-field-url forminator-col forminator-col-6\"><div class=\"forminator-field\"><label for=\"forminator-field-url-1_69f08524badde\" id=\"forminator-field-url-1_69f08524badde-label\" class=\"forminator-label\">Alternatively: provide a YouTube link to the song<\/label><input type=\"url\" name=\"url-1\" value=\"\" placeholder=\"E.g. https:\/\/www.youtube.com\/watch?v=ywXIDkVPS0c\" id=\"forminator-field-url-1_69f08524badde\" class=\"forminator-input forminator-website--field\" data-required=\"\" aria-required=\"false\" \/><\/div><\/div><\/div><div class=\"forminator-row forminator-action-buttons\"><div class=\"forminator-col forminator-col-12\"><input type=\"button\" value=\"Add item\" class=\"forminator-repeater-action-button forminator-repeater-add\" \/><input type=\"button\" value=\"Remove item\" class=\"forminator-repeater-action-button forminator-repeater-remove\" \/><\/div><\/div><\/div><\/div><\/div><\/div><input type=\"hidden\" name=\"referer_url\" value=\"\" \/><div class=\"forminator-row forminator-row-last\"><div class=\"forminator-col\"><div class=\"forminator-field\"><button class=\"forminator-button forminator-button-submit\">Send registration<\/button><\/div><\/div><\/div><input type=\"hidden\" id=\"forminator_nonce\" name=\"forminator_nonce\" value=\"8824f8e356\" \/><input type=\"hidden\" name=\"_wp_http_referer\" value=\"\/en\/wp-json\/wp\/v2\/pages\/12400\" \/><input type=\"hidden\" name=\"form_id\" value=\"10194\"><input type=\"hidden\" name=\"page_id\" value=\"12400\"><input type=\"hidden\" name=\"form_type\" value=\"default\"><input type=\"hidden\" name=\"current_url\" value=\"https:\/\/cents.lgs.lu\/en\/umeldung-optrett-scoutskiermes\/\"><input type=\"hidden\" name=\"render_id\" value=\"0\"><input type=\"hidden\" name=\"forminator-multifile-hidden\" class=\"forminator-multifile-hidden\"><input type=\"hidden\" name=\"action\" value=\"forminator_submit_form_custom-forms\"><label for=\"input_13\" class=\"forminator-hidden\" aria-hidden=\"true\">Please do not fill in this field. <input id=\"input_13\" type=\"text\" name=\"input_13\" value=\"\" autocomplete=\"off\"><\/label><input type=\"hidden\" name=\"trp-form-language\" value=\"en\"\/><\/form><\/div>\n<\/div><\/div><\/div>\n<\/div><\/div>","protected":false},"excerpt":{"rendered":"<p>You want to perform either alone or as a group at this years talent show? All you've got to do is fill out this form:<\/p>","protected":false},"author":2,"featured_media":6489,"parent":0,"menu_order":0,"comment_status":"closed","ping_status":"closed","template":"","meta":{"_uag_custom_page_level_css":"","advanced_seo_description":"","jetpack_seo_html_title":"","jetpack_seo_noindex":false,"_vp_format_video_url":"","_vp_image_focal_point":[],"footnotes":""},"class_list":["post-12400","page","type-page","status-publish","has-post-thumbnail","hentry"],"featured_image_urls_v2":{"full":["https:\/\/cents.lgs.lu\/wp-content\/uploads\/2022\/06\/IMG_6006-scaled-e1731341696244.jpg",1980,1320,false],"thumbnail":["https:\/\/cents.lgs.lu\/wp-content\/uploads\/2022\/06\/IMG_6006-150x150.jpg",150,150,true],"medium":["https:\/\/cents.lgs.lu\/wp-content\/uploads\/2022\/06\/IMG_6006-300x200.jpg",300,200,true],"medium_large":["https:\/\/cents.lgs.lu\/wp-content\/uploads\/2022\/06\/IMG_6006-768x512.jpg",768,512,true],"large":["https:\/\/cents.lgs.lu\/wp-content\/uploads\/2022\/06\/IMG_6006-1024x683.jpg",1024,683,true],"1536x1536":["https:\/\/cents.lgs.lu\/wp-content\/uploads\/2022\/06\/IMG_6006-1536x1024.jpg",1536,1024,true],"2048x2048":["https:\/\/cents.lgs.lu\/wp-content\/uploads\/2022\/06\/IMG_6006-2048x1365.jpg",2048,1365,true],"trp-custom-language-flag":["https:\/\/cents.lgs.lu\/wp-content\/uploads\/2022\/06\/IMG_6006-scaled-e1731341696244.jpg",18,12,false],"vp_sm":["https:\/\/cents.lgs.lu\/wp-content\/uploads\/2022\/06\/IMG_6006-scaled-e1731341696244.jpg",250,167,false],"vp_md":["https:\/\/cents.lgs.lu\/wp-content\/uploads\/2022\/06\/IMG_6006-scaled-e1731341696244.jpg",800,533,false],"vp_lg":["https:\/\/cents.lgs.lu\/wp-content\/uploads\/2022\/06\/IMG_6006-scaled-e1731341696244.jpg",1280,853,false],"vp_xl":["https:\/\/cents.lgs.lu\/wp-content\/uploads\/2022\/06\/IMG_6006-scaled-e1731341696244.jpg",1920,1280,false],"vp_sm_popup":["https:\/\/cents.lgs.lu\/wp-content\/uploads\/2022\/06\/IMG_6006-scaled-e1731341696244.jpg",500,333,false],"vp_md_popup":["https:\/\/cents.lgs.lu\/wp-content\/uploads\/2022\/06\/IMG_6006-scaled-e1731341696244.jpg",800,533,false],"vp_xl_popup":["https:\/\/cents.lgs.lu\/wp-content\/uploads\/2022\/06\/IMG_6006-scaled-e1731341696244.jpg",1920,1280,false],"woocommerce_thumbnail":["https:\/\/cents.lgs.lu\/wp-content\/uploads\/2022\/06\/IMG_6006-scaled-300x300.jpg",300,300,true],"woocommerce_single":["https:\/\/cents.lgs.lu\/wp-content\/uploads\/2022\/06\/IMG_6006-scaled-600x400.jpg",600,400,true],"woocommerce_gallery_thumbnail":["https:\/\/cents.lgs.lu\/wp-content\/uploads\/2022\/06\/IMG_6006-scaled-100x100.jpg",100,100,true]},"post_excerpt_stackable_v2":"<p>Du w\u00eblls eleng oder als Grupp an der Talentshow Samschdes den 28. Juni optrieden? Da f\u00ebll w.e.g. folgende Formulaire aus: Umeldung Optr\u00ebttVirnumm (vun der Uspriechspersoun) *Nonumm (vun der Uspriechspersoun) *Email *Telefonsnummer *Numm vum Optr\u00ebttKuerz Beschreiwung vum Optr\u00ebttL\u00ebscht vun den OptriedendenVirnumm *Nonumm *Alter *Add itemRemove itemBrauch dir Mus\u00e9k fir \u00e4ren Optr\u00ebtt? *JoNeeMusekLued hei \u00e4er Musek eropDrag and Drop (or) Choose FilesAlternativ k\u00ebnn dir hei de Link vun engem YouTube video uginUmeldung ofsch&eacute;ckenPlease do not fill in this field. Please do not fill in this field.<\/p>\n","category_list_v2":"","author_info_v2":{"name":"Tom Schmit","url":"https:\/\/cents.lgs.lu\/en\/author\/tom-schmit\/"},"comments_num_v2":"0 comments","uagb_featured_image_src":{"full":["https:\/\/cents.lgs.lu\/wp-content\/uploads\/2022\/06\/IMG_6006-scaled-e1731341696244.jpg",1980,1320,false],"thumbnail":["https:\/\/cents.lgs.lu\/wp-content\/uploads\/2022\/06\/IMG_6006-150x150.jpg",150,150,true],"medium":["https:\/\/cents.lgs.lu\/wp-content\/uploads\/2022\/06\/IMG_6006-300x200.jpg",300,200,true],"medium_large":["https:\/\/cents.lgs.lu\/wp-content\/uploads\/2022\/06\/IMG_6006-768x512.jpg",768,512,true],"large":["https:\/\/cents.lgs.lu\/wp-content\/uploads\/2022\/06\/IMG_6006-1024x683.jpg",1024,683,true],"1536x1536":["https:\/\/cents.lgs.lu\/wp-content\/uploads\/2022\/06\/IMG_6006-1536x1024.jpg",1536,1024,true],"2048x2048":["https:\/\/cents.lgs.lu\/wp-content\/uploads\/2022\/06\/IMG_6006-2048x1365.jpg",2048,1365,true],"trp-custom-language-flag":["https:\/\/cents.lgs.lu\/wp-content\/uploads\/2022\/06\/IMG_6006-scaled-e1731341696244.jpg",18,12,false],"vp_sm":["https:\/\/cents.lgs.lu\/wp-content\/uploads\/2022\/06\/IMG_6006-scaled-e1731341696244.jpg",250,167,false],"vp_md":["https:\/\/cents.lgs.lu\/wp-content\/uploads\/2022\/06\/IMG_6006-scaled-e1731341696244.jpg",800,533,false],"vp_lg":["https:\/\/cents.lgs.lu\/wp-content\/uploads\/2022\/06\/IMG_6006-scaled-e1731341696244.jpg",1280,853,false],"vp_xl":["https:\/\/cents.lgs.lu\/wp-content\/uploads\/2022\/06\/IMG_6006-scaled-e1731341696244.jpg",1920,1280,false],"vp_sm_popup":["https:\/\/cents.lgs.lu\/wp-content\/uploads\/2022\/06\/IMG_6006-scaled-e1731341696244.jpg",500,333,false],"vp_md_popup":["https:\/\/cents.lgs.lu\/wp-content\/uploads\/2022\/06\/IMG_6006-scaled-e1731341696244.jpg",800,533,false],"vp_xl_popup":["https:\/\/cents.lgs.lu\/wp-content\/uploads\/2022\/06\/IMG_6006-scaled-e1731341696244.jpg",1920,1280,false],"woocommerce_thumbnail":["https:\/\/cents.lgs.lu\/wp-content\/uploads\/2022\/06\/IMG_6006-scaled-300x300.jpg",300,300,true],"woocommerce_single":["https:\/\/cents.lgs.lu\/wp-content\/uploads\/2022\/06\/IMG_6006-scaled-600x400.jpg",600,400,true],"woocommerce_gallery_thumbnail":["https:\/\/cents.lgs.lu\/wp-content\/uploads\/2022\/06\/IMG_6006-scaled-100x100.jpg",100,100,true]},"uagb_author_info":{"display_name":"Tom Schmit","author_link":"https:\/\/cents.lgs.lu\/en\/author\/tom-schmit\/"},"uagb_comment_info":0,"uagb_excerpt":"Du w\u00eblls eleng oder als Grupp an der Talentshow Samschdes den 28. Juni optrieden? Da f\u00ebll w.e.g. folgende Formulaire aus:","jetpack_shortlink":"https:\/\/wp.me\/PenGAm-3e0","jetpack_sharing_enabled":true,"_links":{"self":[{"href":"https:\/\/cents.lgs.lu\/en\/wp-json\/wp\/v2\/pages\/12400","targetHints":{"allow":["GET"]}}],"collection":[{"href":"https:\/\/cents.lgs.lu\/en\/wp-json\/wp\/v2\/pages"}],"about":[{"href":"https:\/\/cents.lgs.lu\/en\/wp-json\/wp\/v2\/types\/page"}],"author":[{"embeddable":true,"href":"https:\/\/cents.lgs.lu\/en\/wp-json\/wp\/v2\/users\/2"}],"replies":[{"embeddable":true,"href":"https:\/\/cents.lgs.lu\/en\/wp-json\/wp\/v2\/comments?post=12400"}],"version-history":[{"count":4,"href":"https:\/\/cents.lgs.lu\/en\/wp-json\/wp\/v2\/pages\/12400\/revisions"}],"predecessor-version":[{"id":15763,"href":"https:\/\/cents.lgs.lu\/en\/wp-json\/wp\/v2\/pages\/12400\/revisions\/15763"}],"wp:featuredmedia":[{"embeddable":true,"href":"https:\/\/cents.lgs.lu\/en\/wp-json\/wp\/v2\/media\/6489"}],"wp:attachment":[{"href":"https:\/\/cents.lgs.lu\/en\/wp-json\/wp\/v2\/media?parent=12400"}],"curies":[{"name":"wp","href":"https:\/\/api.w.org\/{rel}","templated":true}]}}